{"id":25269,"date":"2026-03-12T01:06:37","date_gmt":"2026-03-12T01:06:37","guid":{"rendered":"https:\/\/urban-vitamin.com\/urban-vitamin-sunnyvale-100w-15-000mah-magnetische-powerbank-grau\/"},"modified":"2026-03-12T02:07:05","modified_gmt":"2026-03-12T02:07:05","slug":"sunnyvale-100w-15-000mah-magnetische-powerbank-grau","status":"publish","type":"product","link":"https:\/\/urban-vitamin.com\/de\/produkt\/sunnyvale-100w-15-000mah-magnetische-powerbank-grau\/","title":{"rendered":"Sunnyvale 100W 15.000mAh magnetische Powerbank, grau"},"content":{"rendered":"<p>Die Urban Vitamin Sunnyvale Powerbank ist eine hochmoderne Ladel\u00f6sung, die speziell f\u00fcr die Anforderungen des modernen Lebens entwickelt wurde. Mit einer Kapazit\u00e4t von 15.000mAh und Unterst\u00fctzung f\u00fcr ultraschnelles 100W Laden sorgt diese Powerbank daf\u00fcr, dass alle Ihre Ger\u00e4te, einschlie\u00dflich Laptops und MacBooks, blitzschnell aufgeladen werden. Sie verf\u00fcgt \u00fcber ein hochwertiges TFT-Farbdisplay, das in Echtzeit Informationen zur Ladegeschwindigkeit und andere wichtige Details anzeigt. Das Besondere an der Sunnyvale ist der integrierte 15W-Wireless-Magnetst\u00e4nder, mit dem Sie Ihr Smartphone kabellos aufladen k\u00f6nnen, w\u00e4hrend es perfekt positioniert ist, sodass Sie es freih\u00e4ndig nutzen k\u00f6nnen. Mit drei Outputs: zwei USB-C und einem USB-A sowie der kabellosen Ladeoption kann die Sunnyvale bis zu vier Ger\u00e4te gleichzeitig aufladen. Sie ist aus strapazierf\u00e4higem Aluminium gefertigt und kombiniert ein hochwertiges Aussehen und Gef\u00fchl mit einem kompakten, tragbaren Design. PVC frei.<\/p>\n","protected":false},"excerpt":{"rendered":"<p>Die Urban Vitamin Sunnyvale Powerbank ist eine hochmoderne Ladel\u00f6sung, die speziell f\u00fcr die Anforderungen des modernen Lebens entwickelt wurde. Mit einer Kapazit\u00e4t von 15.000mAh und Unterst\u00fctzung f\u00fcr ultraschnelles 100W Laden sorgt diese Powerbank daf\u00fcr, dass alle Ihre Ger\u00e4te, einschlie\u00dflich Laptops und MacBooks, blitzschnell aufgeladen werden. Sie verf\u00fcgt \u00fcber ein hochwertiges TFT-Farbdisplay, das in Echtzeit Informationen [&hellip;]<\/p>\n","protected":false},"featured_media":26750,"comment_status":"closed","ping_status":"closed","template":"","meta":{"_acf_changed":false,"om_disable_all_campaigns":false},"product_cat":[70],"product_tag":[],"class_list":["post-25269","product","type-product","status-publish","has-post-thumbnail","hentry","product_cat-powerbanks-de","pa_color-grey"],"acf":[],"yoast_head":"<!-- This site is optimized with the Yoast SEO plugin v27.0 - https:\/\/yoast.com\/product\/yoast-seo-wordpress\/ -->\n<title>Sunnyvale 100W 15.000mAh magnetische Powerbank, grau - Urban Vitamin<\/title>\n<meta name=\"robots\" content=\"index, follow, max-snippet:-1, max-image-preview:large, max-video-preview:-1\" \/>\n<link rel=\"canonical\" href=\"https:\/\/urban-vitamin.com\/de\/produkt\/sunnyvale-100w-15-000mah-magnetische-powerbank-grau\/\" \/>\n<meta property=\"og:locale\" content=\"de_DE\" \/>\n<meta property=\"og:type\" content=\"article\" \/>\n<meta property=\"og:title\" content=\"Sunnyvale 100W 15.000mAh magnetische Powerbank, grau - Urban Vitamin\" \/>\n<meta property=\"og:description\" content=\"Die Urban Vitamin Sunnyvale Powerbank ist eine hochmoderne Ladel\u00f6sung, die speziell f\u00fcr die Anforderungen des modernen Lebens entwickelt wurde. Mit einer Kapazit\u00e4t von 15.000mAh und Unterst\u00fctzung f\u00fcr ultraschnelles 100W Laden sorgt diese Powerbank daf\u00fcr, dass alle Ihre Ger\u00e4te, einschlie\u00dflich Laptops und MacBooks, blitzschnell aufgeladen werden. Sie verf\u00fcgt \u00fcber ein hochwertiges TFT-Farbdisplay, das in Echtzeit Informationen [&hellip;]\" \/>\n<meta property=\"og:url\" content=\"https:\/\/urban-vitamin.com\/de\/produkt\/sunnyvale-100w-15-000mah-magnetische-powerbank-grau\/\" \/>\n<meta property=\"og:site_name\" content=\"Urban Vitamin\" \/>\n<meta property=\"article:modified_time\" content=\"2026-03-12T02:07:05+00:00\" \/>\n<meta property=\"og:image\" content=\"https:\/\/urban-vitamin.com\/wp-content\/uploads\/sites\/5\/2025\/10\/P322.7702__S_0__7b0c6550970d4cccb55881e9dbdfa7ec.jpg\" \/>\n\t<meta property=\"og:image:width\" content=\"1024\" \/>\n\t<meta property=\"og:image:height\" content=\"1024\" \/>\n\t<meta property=\"og:image:type\" content=\"image\/jpeg\" \/>\n<meta name=\"twitter:card\" content=\"summary_large_image\" \/>\n<meta name=\"twitter:label1\" content=\"Gesch\u00e4tzte Lesezeit\" \/>\n\t<meta name=\"twitter:data1\" content=\"1\u00a0Minute\" \/>\n<script type=\"application\/ld+json\" class=\"yoast-schema-graph\">{\"@context\":\"https:\/\/schema.org\",\"@graph\":[{\"@type\":\"WebPage\",\"@id\":\"https:\/\/urban-vitamin.com\/de\/produkt\/sunnyvale-100w-15-000mah-magnetische-powerbank-grau\/\",\"url\":\"https:\/\/urban-vitamin.com\/de\/produkt\/sunnyvale-100w-15-000mah-magnetische-powerbank-grau\/\",\"name\":\"Sunnyvale 100W 15.000mAh magnetische Powerbank, grau - Urban Vitamin\",\"isPartOf\":{\"@id\":\"https:\/\/urban-vitamin.com\/de\/#website\"},\"primaryImageOfPage\":{\"@id\":\"https:\/\/urban-vitamin.com\/de\/produkt\/sunnyvale-100w-15-000mah-magnetische-powerbank-grau\/#primaryimage\"},\"image\":{\"@id\":\"https:\/\/urban-vitamin.com\/de\/produkt\/sunnyvale-100w-15-000mah-magnetische-powerbank-grau\/#primaryimage\"},\"thumbnailUrl\":\"https:\/\/urban-vitamin.com\/wp-content\/uploads\/sites\/5\/2025\/10\/P322.7702__S_0__7b0c6550970d4cccb55881e9dbdfa7ec.jpg\",\"datePublished\":\"2026-03-12T01:06:37+00:00\",\"dateModified\":\"2026-03-12T02:07:05+00:00\",\"breadcrumb\":{\"@id\":\"https:\/\/urban-vitamin.com\/de\/produkt\/sunnyvale-100w-15-000mah-magnetische-powerbank-grau\/#breadcrumb\"},\"inLanguage\":\"de\",\"potentialAction\":[{\"@type\":\"ReadAction\",\"target\":[\"https:\/\/urban-vitamin.com\/de\/produkt\/sunnyvale-100w-15-000mah-magnetische-powerbank-grau\/\"]}]},{\"@type\":\"ImageObject\",\"inLanguage\":\"de\",\"@id\":\"https:\/\/urban-vitamin.com\/de\/produkt\/sunnyvale-100w-15-000mah-magnetische-powerbank-grau\/#primaryimage\",\"url\":\"https:\/\/urban-vitamin.com\/wp-content\/uploads\/sites\/5\/2025\/10\/P322.7702__S_0__7b0c6550970d4cccb55881e9dbdfa7ec.jpg\",\"contentUrl\":\"https:\/\/urban-vitamin.com\/wp-content\/uploads\/sites\/5\/2025\/10\/P322.7702__S_0__7b0c6550970d4cccb55881e9dbdfa7ec.jpg\",\"width\":1024,\"height\":1024},{\"@type\":\"BreadcrumbList\",\"@id\":\"https:\/\/urban-vitamin.com\/de\/produkt\/sunnyvale-100w-15-000mah-magnetische-powerbank-grau\/#breadcrumb\",\"itemListElement\":[{\"@type\":\"ListItem\",\"position\":1,\"name\":\"Home\",\"item\":\"https:\/\/urban-vitamin.com\/de\/\"},{\"@type\":\"ListItem\",\"position\":2,\"name\":\"Kollektion\",\"item\":\"https:\/\/urban-vitamin.com\/de\/kollektion\/\"},{\"@type\":\"ListItem\",\"position\":3,\"name\":\"Sunnyvale 100W 15.000mAh magnetische Powerbank, grau\"}]},{\"@type\":\"WebSite\",\"@id\":\"https:\/\/urban-vitamin.com\/de\/#website\",\"url\":\"https:\/\/urban-vitamin.com\/de\/\",\"name\":\"Urban Vitamin\",\"description\":\"Enjoy your daily dose of Urban Vitamin!\",\"potentialAction\":[{\"@type\":\"SearchAction\",\"target\":{\"@type\":\"EntryPoint\",\"urlTemplate\":\"https:\/\/urban-vitamin.com\/de\/?s={search_term_string}\"},\"query-input\":{\"@type\":\"PropertyValueSpecification\",\"valueRequired\":true,\"valueName\":\"search_term_string\"}}],\"inLanguage\":\"de\"}]}<\/script>\n<!-- \/ Yoast SEO plugin. -->","yoast_head_json":{"title":"Sunnyvale 100W 15.000mAh magnetische Powerbank, grau - Urban Vitamin","robots":{"index":"index","follow":"follow","max-snippet":"max-snippet:-1","max-image-preview":"max-image-preview:large","max-video-preview":"max-video-preview:-1"},"canonical":"https:\/\/urban-vitamin.com\/de\/produkt\/sunnyvale-100w-15-000mah-magnetische-powerbank-grau\/","og_locale":"de_DE","og_type":"article","og_title":"Sunnyvale 100W 15.000mAh magnetische Powerbank, grau - Urban Vitamin","og_description":"Die Urban Vitamin Sunnyvale Powerbank ist eine hochmoderne Ladel\u00f6sung, die speziell f\u00fcr die Anforderungen des modernen Lebens entwickelt wurde. Mit einer Kapazit\u00e4t von 15.000mAh und Unterst\u00fctzung f\u00fcr ultraschnelles 100W Laden sorgt diese Powerbank daf\u00fcr, dass alle Ihre Ger\u00e4te, einschlie\u00dflich Laptops und MacBooks, blitzschnell aufgeladen werden. Sie verf\u00fcgt \u00fcber ein hochwertiges TFT-Farbdisplay, das in Echtzeit Informationen [&hellip;]","og_url":"https:\/\/urban-vitamin.com\/de\/produkt\/sunnyvale-100w-15-000mah-magnetische-powerbank-grau\/","og_site_name":"Urban Vitamin","article_modified_time":"2026-03-12T02:07:05+00:00","og_image":[{"width":1024,"height":1024,"url":"https:\/\/urban-vitamin.com\/wp-content\/uploads\/sites\/5\/2025\/10\/P322.7702__S_0__7b0c6550970d4cccb55881e9dbdfa7ec.jpg","type":"image\/jpeg"}],"twitter_card":"summary_large_image","twitter_misc":{"Gesch\u00e4tzte Lesezeit":"1\u00a0Minute"},"schema":{"@context":"https:\/\/schema.org","@graph":[{"@type":"WebPage","@id":"https:\/\/urban-vitamin.com\/de\/produkt\/sunnyvale-100w-15-000mah-magnetische-powerbank-grau\/","url":"https:\/\/urban-vitamin.com\/de\/produkt\/sunnyvale-100w-15-000mah-magnetische-powerbank-grau\/","name":"Sunnyvale 100W 15.000mAh magnetische Powerbank, grau - Urban Vitamin","isPartOf":{"@id":"https:\/\/urban-vitamin.com\/de\/#website"},"primaryImageOfPage":{"@id":"https:\/\/urban-vitamin.com\/de\/produkt\/sunnyvale-100w-15-000mah-magnetische-powerbank-grau\/#primaryimage"},"image":{"@id":"https:\/\/urban-vitamin.com\/de\/produkt\/sunnyvale-100w-15-000mah-magnetische-powerbank-grau\/#primaryimage"},"thumbnailUrl":"https:\/\/urban-vitamin.com\/wp-content\/uploads\/sites\/5\/2025\/10\/P322.7702__S_0__7b0c6550970d4cccb55881e9dbdfa7ec.jpg","datePublished":"2026-03-12T01:06:37+00:00","dateModified":"2026-03-12T02:07:05+00:00","breadcrumb":{"@id":"https:\/\/urban-vitamin.com\/de\/produkt\/sunnyvale-100w-15-000mah-magnetische-powerbank-grau\/#breadcrumb"},"inLanguage":"de","potentialAction":[{"@type":"ReadAction","target":["https:\/\/urban-vitamin.com\/de\/produkt\/sunnyvale-100w-15-000mah-magnetische-powerbank-grau\/"]}]},{"@type":"ImageObject","inLanguage":"de","@id":"https:\/\/urban-vitamin.com\/de\/produkt\/sunnyvale-100w-15-000mah-magnetische-powerbank-grau\/#primaryimage","url":"https:\/\/urban-vitamin.com\/wp-content\/uploads\/sites\/5\/2025\/10\/P322.7702__S_0__7b0c6550970d4cccb55881e9dbdfa7ec.jpg","contentUrl":"https:\/\/urban-vitamin.com\/wp-content\/uploads\/sites\/5\/2025\/10\/P322.7702__S_0__7b0c6550970d4cccb55881e9dbdfa7ec.jpg","width":1024,"height":1024},{"@type":"BreadcrumbList","@id":"https:\/\/urban-vitamin.com\/de\/produkt\/sunnyvale-100w-15-000mah-magnetische-powerbank-grau\/#breadcrumb","itemListElement":[{"@type":"ListItem","position":1,"name":"Home","item":"https:\/\/urban-vitamin.com\/de\/"},{"@type":"ListItem","position":2,"name":"Kollektion","item":"https:\/\/urban-vitamin.com\/de\/kollektion\/"},{"@type":"ListItem","position":3,"name":"Sunnyvale 100W 15.000mAh magnetische Powerbank, grau"}]},{"@type":"WebSite","@id":"https:\/\/urban-vitamin.com\/de\/#website","url":"https:\/\/urban-vitamin.com\/de\/","name":"Urban Vitamin","description":"Enjoy your daily dose of Urban Vitamin!","potentialAction":[{"@type":"SearchAction","target":{"@type":"EntryPoint","urlTemplate":"https:\/\/urban-vitamin.com\/de\/?s={search_term_string}"},"query-input":{"@type":"PropertyValueSpecification","valueRequired":true,"valueName":"search_term_string"}}],"inLanguage":"de"}]}},"_links":{"self":[{"href":"https:\/\/urban-vitamin.com\/de\/wp-json\/wp\/v2\/product\/25269","targetHints":{"allow":["GET"]}}],"collection":[{"href":"https:\/\/urban-vitamin.com\/de\/wp-json\/wp\/v2\/product"}],"about":[{"href":"https:\/\/urban-vitamin.com\/de\/wp-json\/wp\/v2\/types\/product"}],"replies":[{"embeddable":true,"href":"https:\/\/urban-vitamin.com\/de\/wp-json\/wp\/v2\/comments?post=25269"}],"wp:featuredmedia":[{"embeddable":true,"href":"https:\/\/urban-vitamin.com\/de\/wp-json\/wp\/v2\/media\/26750"}],"wp:attachment":[{"href":"https:\/\/urban-vitamin.com\/de\/wp-json\/wp\/v2\/media?parent=25269"}],"wp:term":[{"taxonomy":"product_cat","embeddable":true,"href":"https:\/\/urban-vitamin.com\/de\/wp-json\/wp\/v2\/product_cat?post=25269"},{"taxonomy":"product_tag","embeddable":true,"href":"https:\/\/urban-vitamin.com\/de\/wp-json\/wp\/v2\/product_tag?post=25269"}],"curies":[{"name":"wp","href":"https:\/\/api.w.org\/{rel}","templated":true}]}}