{"id":25268,"date":"2026-03-12T01:06:37","date_gmt":"2026-03-12T01:06:37","guid":{"rendered":"https:\/\/urban-vitamin.com\/urban-vitamin-campbell-55w-10-000mah-pocket-powerbank-grau\/"},"modified":"2026-03-12T02:07:04","modified_gmt":"2026-03-12T02:07:04","slug":"campbell-55w-10-000mah-pocket-powerbank-grau","status":"publish","type":"product","link":"https:\/\/urban-vitamin.com\/de\/produkt\/campbell-55w-10-000mah-pocket-powerbank-grau\/","title":{"rendered":"Campbell 55W 10.000mAh Pocket-Powerbank, grau"},"content":{"rendered":"<p>Die Urban Vitamin Campebell Powerbank ist eine hochmoderne Ladel\u00f6sung, die Sie unterwegs mit Strom versorgt. Mit einer leistungsstarken Kapazit\u00e4t von 10.000 mAh im kompakten Pocket-Design sorgt dieses Ladeger\u00e4t daf\u00fcr, dass Ihre Ger\u00e4te immer einsatzbereit sind, wenn Sie sie brauchen. Mit einem hochwertigen TFT-Farbdisplay liefert die Campebell Echtzeitinformationen zur Ladegeschwindigkeit und anderen wichtigen Details und gibt Ihnen so vollst\u00e4ndige Kontrolle und \u00dcbersicht. Ausgestattet mit drei Outputs, darunter zwei USB-C- und ein USB-A-Anschluss, liefert sie beeindruckende 55W Leistung und kann Smartphones, Tablets und sogar Laptops und MacBooks mit voller Geschwindigkeit aufladen. Sie ist aus strapazierf\u00e4higem Aluminium gefertigt und kombiniert hochwertige \u00c4sthetik mit einer robusten Konstruktion. Urban Vitamin-Produkte werden ohne PVC hergestellt und in einer plastikreduzierten Verpackung geliefert.<\/p>\n","protected":false},"excerpt":{"rendered":"<p>Die Urban Vitamin Campebell Powerbank ist eine hochmoderne Ladel\u00f6sung, die Sie unterwegs mit Strom versorgt. Mit einer leistungsstarken Kapazit\u00e4t von 10.000 mAh im kompakten Pocket-Design sorgt dieses Ladeger\u00e4t daf\u00fcr, dass Ihre Ger\u00e4te immer einsatzbereit sind, wenn Sie sie brauchen. Mit einem hochwertigen TFT-Farbdisplay liefert die Campebell Echtzeitinformationen zur Ladegeschwindigkeit und anderen wichtigen Details und gibt [&hellip;]<\/p>\n","protected":false},"featured_media":26743,"comment_status":"closed","ping_status":"closed","template":"","meta":{"_acf_changed":false,"om_disable_all_campaigns":false},"product_cat":[70],"product_tag":[],"class_list":["post-25268","product","type-product","status-publish","has-post-thumbnail","hentry","product_cat-powerbanks-de","pa_color-grey"],"acf":[],"yoast_head":"<!-- This site is optimized with the Yoast SEO plugin v27.0 - https:\/\/yoast.com\/product\/yoast-seo-wordpress\/ -->\n<title>Campbell 55W 10.000mAh Pocket-Powerbank, grau - Urban Vitamin<\/title>\n<meta name=\"robots\" content=\"index, follow, max-snippet:-1, max-image-preview:large, max-video-preview:-1\" \/>\n<link rel=\"canonical\" href=\"https:\/\/urban-vitamin.com\/de\/produkt\/campbell-55w-10-000mah-pocket-powerbank-grau\/\" \/>\n<meta property=\"og:locale\" content=\"de_DE\" \/>\n<meta property=\"og:type\" content=\"article\" \/>\n<meta property=\"og:title\" content=\"Campbell 55W 10.000mAh Pocket-Powerbank, grau - Urban Vitamin\" \/>\n<meta property=\"og:description\" content=\"Die Urban Vitamin Campebell Powerbank ist eine hochmoderne Ladel\u00f6sung, die Sie unterwegs mit Strom versorgt. Mit einer leistungsstarken Kapazit\u00e4t von 10.000 mAh im kompakten Pocket-Design sorgt dieses Ladeger\u00e4t daf\u00fcr, dass Ihre Ger\u00e4te immer einsatzbereit sind, wenn Sie sie brauchen. Mit einem hochwertigen TFT-Farbdisplay liefert die Campebell Echtzeitinformationen zur Ladegeschwindigkeit und anderen wichtigen Details und gibt [&hellip;]\" \/>\n<meta property=\"og:url\" content=\"https:\/\/urban-vitamin.com\/de\/produkt\/campbell-55w-10-000mah-pocket-powerbank-grau\/\" \/>\n<meta property=\"og:site_name\" content=\"Urban Vitamin\" \/>\n<meta property=\"article:modified_time\" content=\"2026-03-12T02:07:04+00:00\" \/>\n<meta property=\"og:image\" content=\"https:\/\/urban-vitamin.com\/wp-content\/uploads\/sites\/5\/2025\/10\/P322.7602__S_0__22c56369d8224053a539ee70485895cc.jpg\" \/>\n\t<meta property=\"og:image:width\" content=\"1024\" \/>\n\t<meta property=\"og:image:height\" content=\"1024\" \/>\n\t<meta property=\"og:image:type\" content=\"image\/jpeg\" \/>\n<meta name=\"twitter:card\" content=\"summary_large_image\" \/>\n<meta name=\"twitter:label1\" content=\"Gesch\u00e4tzte Lesezeit\" \/>\n\t<meta name=\"twitter:data1\" content=\"1\u00a0Minute\" \/>\n<script type=\"application\/ld+json\" class=\"yoast-schema-graph\">{\"@context\":\"https:\/\/schema.org\",\"@graph\":[{\"@type\":\"WebPage\",\"@id\":\"https:\/\/urban-vitamin.com\/de\/produkt\/campbell-55w-10-000mah-pocket-powerbank-grau\/\",\"url\":\"https:\/\/urban-vitamin.com\/de\/produkt\/campbell-55w-10-000mah-pocket-powerbank-grau\/\",\"name\":\"Campbell 55W 10.000mAh Pocket-Powerbank, grau - Urban Vitamin\",\"isPartOf\":{\"@id\":\"https:\/\/urban-vitamin.com\/de\/#website\"},\"primaryImageOfPage\":{\"@id\":\"https:\/\/urban-vitamin.com\/de\/produkt\/campbell-55w-10-000mah-pocket-powerbank-grau\/#primaryimage\"},\"image\":{\"@id\":\"https:\/\/urban-vitamin.com\/de\/produkt\/campbell-55w-10-000mah-pocket-powerbank-grau\/#primaryimage\"},\"thumbnailUrl\":\"https:\/\/urban-vitamin.com\/wp-content\/uploads\/sites\/5\/2025\/10\/P322.7602__S_0__22c56369d8224053a539ee70485895cc.jpg\",\"datePublished\":\"2026-03-12T01:06:37+00:00\",\"dateModified\":\"2026-03-12T02:07:04+00:00\",\"breadcrumb\":{\"@id\":\"https:\/\/urban-vitamin.com\/de\/produkt\/campbell-55w-10-000mah-pocket-powerbank-grau\/#breadcrumb\"},\"inLanguage\":\"de\",\"potentialAction\":[{\"@type\":\"ReadAction\",\"target\":[\"https:\/\/urban-vitamin.com\/de\/produkt\/campbell-55w-10-000mah-pocket-powerbank-grau\/\"]}]},{\"@type\":\"ImageObject\",\"inLanguage\":\"de\",\"@id\":\"https:\/\/urban-vitamin.com\/de\/produkt\/campbell-55w-10-000mah-pocket-powerbank-grau\/#primaryimage\",\"url\":\"https:\/\/urban-vitamin.com\/wp-content\/uploads\/sites\/5\/2025\/10\/P322.7602__S_0__22c56369d8224053a539ee70485895cc.jpg\",\"contentUrl\":\"https:\/\/urban-vitamin.com\/wp-content\/uploads\/sites\/5\/2025\/10\/P322.7602__S_0__22c56369d8224053a539ee70485895cc.jpg\",\"width\":1024,\"height\":1024},{\"@type\":\"BreadcrumbList\",\"@id\":\"https:\/\/urban-vitamin.com\/de\/produkt\/campbell-55w-10-000mah-pocket-powerbank-grau\/#breadcrumb\",\"itemListElement\":[{\"@type\":\"ListItem\",\"position\":1,\"name\":\"Home\",\"item\":\"https:\/\/urban-vitamin.com\/de\/\"},{\"@type\":\"ListItem\",\"position\":2,\"name\":\"Kollektion\",\"item\":\"https:\/\/urban-vitamin.com\/de\/kollektion\/\"},{\"@type\":\"ListItem\",\"position\":3,\"name\":\"Campbell 55W 10.000mAh Pocket-Powerbank, grau\"}]},{\"@type\":\"WebSite\",\"@id\":\"https:\/\/urban-vitamin.com\/de\/#website\",\"url\":\"https:\/\/urban-vitamin.com\/de\/\",\"name\":\"Urban Vitamin\",\"description\":\"Enjoy your daily dose of Urban Vitamin!\",\"potentialAction\":[{\"@type\":\"SearchAction\",\"target\":{\"@type\":\"EntryPoint\",\"urlTemplate\":\"https:\/\/urban-vitamin.com\/de\/?s={search_term_string}\"},\"query-input\":{\"@type\":\"PropertyValueSpecification\",\"valueRequired\":true,\"valueName\":\"search_term_string\"}}],\"inLanguage\":\"de\"}]}<\/script>\n<!-- \/ Yoast SEO plugin. -->","yoast_head_json":{"title":"Campbell 55W 10.000mAh Pocket-Powerbank, grau - Urban Vitamin","robots":{"index":"index","follow":"follow","max-snippet":"max-snippet:-1","max-image-preview":"max-image-preview:large","max-video-preview":"max-video-preview:-1"},"canonical":"https:\/\/urban-vitamin.com\/de\/produkt\/campbell-55w-10-000mah-pocket-powerbank-grau\/","og_locale":"de_DE","og_type":"article","og_title":"Campbell 55W 10.000mAh Pocket-Powerbank, grau - Urban Vitamin","og_description":"Die Urban Vitamin Campebell Powerbank ist eine hochmoderne Ladel\u00f6sung, die Sie unterwegs mit Strom versorgt. Mit einer leistungsstarken Kapazit\u00e4t von 10.000 mAh im kompakten Pocket-Design sorgt dieses Ladeger\u00e4t daf\u00fcr, dass Ihre Ger\u00e4te immer einsatzbereit sind, wenn Sie sie brauchen. Mit einem hochwertigen TFT-Farbdisplay liefert die Campebell Echtzeitinformationen zur Ladegeschwindigkeit und anderen wichtigen Details und gibt [&hellip;]","og_url":"https:\/\/urban-vitamin.com\/de\/produkt\/campbell-55w-10-000mah-pocket-powerbank-grau\/","og_site_name":"Urban Vitamin","article_modified_time":"2026-03-12T02:07:04+00:00","og_image":[{"width":1024,"height":1024,"url":"https:\/\/urban-vitamin.com\/wp-content\/uploads\/sites\/5\/2025\/10\/P322.7602__S_0__22c56369d8224053a539ee70485895cc.jpg","type":"image\/jpeg"}],"twitter_card":"summary_large_image","twitter_misc":{"Gesch\u00e4tzte Lesezeit":"1\u00a0Minute"},"schema":{"@context":"https:\/\/schema.org","@graph":[{"@type":"WebPage","@id":"https:\/\/urban-vitamin.com\/de\/produkt\/campbell-55w-10-000mah-pocket-powerbank-grau\/","url":"https:\/\/urban-vitamin.com\/de\/produkt\/campbell-55w-10-000mah-pocket-powerbank-grau\/","name":"Campbell 55W 10.000mAh Pocket-Powerbank, grau - Urban Vitamin","isPartOf":{"@id":"https:\/\/urban-vitamin.com\/de\/#website"},"primaryImageOfPage":{"@id":"https:\/\/urban-vitamin.com\/de\/produkt\/campbell-55w-10-000mah-pocket-powerbank-grau\/#primaryimage"},"image":{"@id":"https:\/\/urban-vitamin.com\/de\/produkt\/campbell-55w-10-000mah-pocket-powerbank-grau\/#primaryimage"},"thumbnailUrl":"https:\/\/urban-vitamin.com\/wp-content\/uploads\/sites\/5\/2025\/10\/P322.7602__S_0__22c56369d8224053a539ee70485895cc.jpg","datePublished":"2026-03-12T01:06:37+00:00","dateModified":"2026-03-12T02:07:04+00:00","breadcrumb":{"@id":"https:\/\/urban-vitamin.com\/de\/produkt\/campbell-55w-10-000mah-pocket-powerbank-grau\/#breadcrumb"},"inLanguage":"de","potentialAction":[{"@type":"ReadAction","target":["https:\/\/urban-vitamin.com\/de\/produkt\/campbell-55w-10-000mah-pocket-powerbank-grau\/"]}]},{"@type":"ImageObject","inLanguage":"de","@id":"https:\/\/urban-vitamin.com\/de\/produkt\/campbell-55w-10-000mah-pocket-powerbank-grau\/#primaryimage","url":"https:\/\/urban-vitamin.com\/wp-content\/uploads\/sites\/5\/2025\/10\/P322.7602__S_0__22c56369d8224053a539ee70485895cc.jpg","contentUrl":"https:\/\/urban-vitamin.com\/wp-content\/uploads\/sites\/5\/2025\/10\/P322.7602__S_0__22c56369d8224053a539ee70485895cc.jpg","width":1024,"height":1024},{"@type":"BreadcrumbList","@id":"https:\/\/urban-vitamin.com\/de\/produkt\/campbell-55w-10-000mah-pocket-powerbank-grau\/#breadcrumb","itemListElement":[{"@type":"ListItem","position":1,"name":"Home","item":"https:\/\/urban-vitamin.com\/de\/"},{"@type":"ListItem","position":2,"name":"Kollektion","item":"https:\/\/urban-vitamin.com\/de\/kollektion\/"},{"@type":"ListItem","position":3,"name":"Campbell 55W 10.000mAh Pocket-Powerbank, grau"}]},{"@type":"WebSite","@id":"https:\/\/urban-vitamin.com\/de\/#website","url":"https:\/\/urban-vitamin.com\/de\/","name":"Urban Vitamin","description":"Enjoy your daily dose of Urban Vitamin!","potentialAction":[{"@type":"SearchAction","target":{"@type":"EntryPoint","urlTemplate":"https:\/\/urban-vitamin.com\/de\/?s={search_term_string}"},"query-input":{"@type":"PropertyValueSpecification","valueRequired":true,"valueName":"search_term_string"}}],"inLanguage":"de"}]}},"_links":{"self":[{"href":"https:\/\/urban-vitamin.com\/de\/wp-json\/wp\/v2\/product\/25268","targetHints":{"allow":["GET"]}}],"collection":[{"href":"https:\/\/urban-vitamin.com\/de\/wp-json\/wp\/v2\/product"}],"about":[{"href":"https:\/\/urban-vitamin.com\/de\/wp-json\/wp\/v2\/types\/product"}],"replies":[{"embeddable":true,"href":"https:\/\/urban-vitamin.com\/de\/wp-json\/wp\/v2\/comments?post=25268"}],"wp:featuredmedia":[{"embeddable":true,"href":"https:\/\/urban-vitamin.com\/de\/wp-json\/wp\/v2\/media\/26743"}],"wp:attachment":[{"href":"https:\/\/urban-vitamin.com\/de\/wp-json\/wp\/v2\/media?parent=25268"}],"wp:term":[{"taxonomy":"product_cat","embeddable":true,"href":"https:\/\/urban-vitamin.com\/de\/wp-json\/wp\/v2\/product_cat?post=25268"},{"taxonomy":"product_tag","embeddable":true,"href":"https:\/\/urban-vitamin.com\/de\/wp-json\/wp\/v2\/product_tag?post=25268"}],"curies":[{"name":"wp","href":"https:\/\/api.w.org\/{rel}","templated":true}]}}