{"id":25267,"date":"2026-03-12T01:06:22","date_gmt":"2026-03-12T01:06:22","guid":{"rendered":"https:\/\/urban-vitamin.com\/urban-vitamin-goleta-2-in-1-15w-magnetic-wireless-charger-schwarz\/"},"modified":"2026-03-12T02:06:41","modified_gmt":"2026-03-12T02:06:41","slug":"goleta-2-in-1-15w-magnetic-wireless-charger-schwarz","status":"publish","type":"product","link":"https:\/\/urban-vitamin.com\/de\/produkt\/goleta-2-in-1-15w-magnetic-wireless-charger-schwarz\/","title":{"rendered":"Goleta 2-in-1 15W Magnetic Wireless Charger, schwarz"},"content":{"rendered":"<p>Urban Vitamin Goleta ist ein 2-in-1-Magnet-Wireless-Ladeger\u00e4t mit 15W und einem ausziehbaren 65cm USB-C-Kabel, das kabelloses Laden und kabelgebundenen Komfort in einer kompakten, tragbaren L\u00f6sung vereint. Laden Sie Ihr Smartphone, Ihre iWatch oder einfach beides. Dank der superstarken Magnetverbindung h\u00e4lt Goleta Ihr Smartphone sicher an seinem Platz und liefert gleichzeitig kabelloses Laden mit bis zu 15W f\u00fcr Smartphones, mit mehreren Ausgangsoptionen (10W, 7,5W, 5W) je nach Ger\u00e4t. Der 2,5W-Wireless-Ausgang f\u00fcr die iWatch sorgt daf\u00fcr, dass auch Ihre Smartwatch immer mit Strom versorgt ist. Das einziehbare rTPE-Kabel sorgt f\u00fcr eine tanglefreie, einfache Aufbewahrung w\u00e4hrend des Ladevorgangs und liefert mit einem Input mit 9V\/3A per USB-C effiziente Leistung f\u00fcr alle Ihre Ger\u00e4te. Goleta wird aus rABS-Materialien hergestellt, die nach dem RCS (Recycled Claim Standard) zertifiziert sind. Urban Vitamin Artikel werden ohne PVC hergestellt &amp; in einer plastikreduzierten Verpackung geliefert.<\/p>\n","protected":false},"excerpt":{"rendered":"<p>Urban Vitamin Goleta ist ein 2-in-1-Magnet-Wireless-Ladeger\u00e4t mit 15W und einem ausziehbaren 65cm USB-C-Kabel, das kabelloses Laden und kabelgebundenen Komfort in einer kompakten, tragbaren L\u00f6sung vereint. Laden Sie Ihr Smartphone, Ihre iWatch oder einfach beides. Dank der superstarken Magnetverbindung h\u00e4lt Goleta Ihr Smartphone sicher an seinem Platz und liefert gleichzeitig kabelloses Laden mit bis zu 15W [&hellip;]<\/p>\n","protected":false},"featured_media":26727,"comment_status":"closed","ping_status":"closed","template":"","meta":{"_acf_changed":false,"om_disable_all_campaigns":false},"product_cat":[72],"product_tag":[],"class_list":["post-25267","product","type-product","status-publish","has-post-thumbnail","hentry","product_cat-ladegerate","pa_color-black"],"acf":[],"yoast_head":"<!-- This site is optimized with the Yoast SEO plugin v27.0 - https:\/\/yoast.com\/product\/yoast-seo-wordpress\/ -->\n<title>Goleta 2-in-1 15W Magnetic Wireless Charger, schwarz - Urban Vitamin<\/title>\n<meta name=\"robots\" content=\"index, follow, max-snippet:-1, max-image-preview:large, max-video-preview:-1\" \/>\n<link rel=\"canonical\" href=\"https:\/\/urban-vitamin.com\/de\/produkt\/goleta-2-in-1-15w-magnetic-wireless-charger-schwarz\/\" \/>\n<meta property=\"og:locale\" content=\"de_DE\" \/>\n<meta property=\"og:type\" content=\"article\" \/>\n<meta property=\"og:title\" content=\"Goleta 2-in-1 15W Magnetic Wireless Charger, schwarz - Urban Vitamin\" \/>\n<meta property=\"og:description\" content=\"Urban Vitamin Goleta ist ein 2-in-1-Magnet-Wireless-Ladeger\u00e4t mit 15W und einem ausziehbaren 65cm USB-C-Kabel, das kabelloses Laden und kabelgebundenen Komfort in einer kompakten, tragbaren L\u00f6sung vereint. Laden Sie Ihr Smartphone, Ihre iWatch oder einfach beides. Dank der superstarken Magnetverbindung h\u00e4lt Goleta Ihr Smartphone sicher an seinem Platz und liefert gleichzeitig kabelloses Laden mit bis zu 15W [&hellip;]\" \/>\n<meta property=\"og:url\" content=\"https:\/\/urban-vitamin.com\/de\/produkt\/goleta-2-in-1-15w-magnetic-wireless-charger-schwarz\/\" \/>\n<meta property=\"og:site_name\" content=\"Urban Vitamin\" \/>\n<meta property=\"article:modified_time\" content=\"2026-03-12T02:06:41+00:00\" \/>\n<meta property=\"og:image\" content=\"https:\/\/urban-vitamin.com\/wp-content\/uploads\/sites\/5\/2025\/10\/P309.5301__S_0__d8a3702e2ccf46be92b682855798e42a.jpg\" \/>\n\t<meta property=\"og:image:width\" content=\"1024\" \/>\n\t<meta property=\"og:image:height\" content=\"1024\" \/>\n\t<meta property=\"og:image:type\" content=\"image\/jpeg\" \/>\n<meta name=\"twitter:card\" content=\"summary_large_image\" \/>\n<meta name=\"twitter:label1\" content=\"Gesch\u00e4tzte Lesezeit\" \/>\n\t<meta name=\"twitter:data1\" content=\"1\u00a0Minute\" \/>\n<script type=\"application\/ld+json\" class=\"yoast-schema-graph\">{\"@context\":\"https:\/\/schema.org\",\"@graph\":[{\"@type\":\"WebPage\",\"@id\":\"https:\/\/urban-vitamin.com\/de\/produkt\/goleta-2-in-1-15w-magnetic-wireless-charger-schwarz\/\",\"url\":\"https:\/\/urban-vitamin.com\/de\/produkt\/goleta-2-in-1-15w-magnetic-wireless-charger-schwarz\/\",\"name\":\"Goleta 2-in-1 15W Magnetic Wireless Charger, schwarz - Urban Vitamin\",\"isPartOf\":{\"@id\":\"https:\/\/urban-vitamin.com\/de\/#website\"},\"primaryImageOfPage\":{\"@id\":\"https:\/\/urban-vitamin.com\/de\/produkt\/goleta-2-in-1-15w-magnetic-wireless-charger-schwarz\/#primaryimage\"},\"image\":{\"@id\":\"https:\/\/urban-vitamin.com\/de\/produkt\/goleta-2-in-1-15w-magnetic-wireless-charger-schwarz\/#primaryimage\"},\"thumbnailUrl\":\"https:\/\/urban-vitamin.com\/wp-content\/uploads\/sites\/5\/2025\/10\/P309.5301__S_0__d8a3702e2ccf46be92b682855798e42a.jpg\",\"datePublished\":\"2026-03-12T01:06:22+00:00\",\"dateModified\":\"2026-03-12T02:06:41+00:00\",\"breadcrumb\":{\"@id\":\"https:\/\/urban-vitamin.com\/de\/produkt\/goleta-2-in-1-15w-magnetic-wireless-charger-schwarz\/#breadcrumb\"},\"inLanguage\":\"de\",\"potentialAction\":[{\"@type\":\"ReadAction\",\"target\":[\"https:\/\/urban-vitamin.com\/de\/produkt\/goleta-2-in-1-15w-magnetic-wireless-charger-schwarz\/\"]}]},{\"@type\":\"ImageObject\",\"inLanguage\":\"de\",\"@id\":\"https:\/\/urban-vitamin.com\/de\/produkt\/goleta-2-in-1-15w-magnetic-wireless-charger-schwarz\/#primaryimage\",\"url\":\"https:\/\/urban-vitamin.com\/wp-content\/uploads\/sites\/5\/2025\/10\/P309.5301__S_0__d8a3702e2ccf46be92b682855798e42a.jpg\",\"contentUrl\":\"https:\/\/urban-vitamin.com\/wp-content\/uploads\/sites\/5\/2025\/10\/P309.5301__S_0__d8a3702e2ccf46be92b682855798e42a.jpg\",\"width\":1024,\"height\":1024},{\"@type\":\"BreadcrumbList\",\"@id\":\"https:\/\/urban-vitamin.com\/de\/produkt\/goleta-2-in-1-15w-magnetic-wireless-charger-schwarz\/#breadcrumb\",\"itemListElement\":[{\"@type\":\"ListItem\",\"position\":1,\"name\":\"Home\",\"item\":\"https:\/\/urban-vitamin.com\/de\/\"},{\"@type\":\"ListItem\",\"position\":2,\"name\":\"Kollektion\",\"item\":\"https:\/\/urban-vitamin.com\/de\/kollektion\/\"},{\"@type\":\"ListItem\",\"position\":3,\"name\":\"Goleta 2-in-1 15W Magnetic Wireless Charger, schwarz\"}]},{\"@type\":\"WebSite\",\"@id\":\"https:\/\/urban-vitamin.com\/de\/#website\",\"url\":\"https:\/\/urban-vitamin.com\/de\/\",\"name\":\"Urban Vitamin\",\"description\":\"Enjoy your daily dose of Urban Vitamin!\",\"potentialAction\":[{\"@type\":\"SearchAction\",\"target\":{\"@type\":\"EntryPoint\",\"urlTemplate\":\"https:\/\/urban-vitamin.com\/de\/?s={search_term_string}\"},\"query-input\":{\"@type\":\"PropertyValueSpecification\",\"valueRequired\":true,\"valueName\":\"search_term_string\"}}],\"inLanguage\":\"de\"}]}<\/script>\n<!-- \/ Yoast SEO plugin. -->","yoast_head_json":{"title":"Goleta 2-in-1 15W Magnetic Wireless Charger, schwarz - Urban Vitamin","robots":{"index":"index","follow":"follow","max-snippet":"max-snippet:-1","max-image-preview":"max-image-preview:large","max-video-preview":"max-video-preview:-1"},"canonical":"https:\/\/urban-vitamin.com\/de\/produkt\/goleta-2-in-1-15w-magnetic-wireless-charger-schwarz\/","og_locale":"de_DE","og_type":"article","og_title":"Goleta 2-in-1 15W Magnetic Wireless Charger, schwarz - Urban Vitamin","og_description":"Urban Vitamin Goleta ist ein 2-in-1-Magnet-Wireless-Ladeger\u00e4t mit 15W und einem ausziehbaren 65cm USB-C-Kabel, das kabelloses Laden und kabelgebundenen Komfort in einer kompakten, tragbaren L\u00f6sung vereint. Laden Sie Ihr Smartphone, Ihre iWatch oder einfach beides. Dank der superstarken Magnetverbindung h\u00e4lt Goleta Ihr Smartphone sicher an seinem Platz und liefert gleichzeitig kabelloses Laden mit bis zu 15W [&hellip;]","og_url":"https:\/\/urban-vitamin.com\/de\/produkt\/goleta-2-in-1-15w-magnetic-wireless-charger-schwarz\/","og_site_name":"Urban Vitamin","article_modified_time":"2026-03-12T02:06:41+00:00","og_image":[{"width":1024,"height":1024,"url":"https:\/\/urban-vitamin.com\/wp-content\/uploads\/sites\/5\/2025\/10\/P309.5301__S_0__d8a3702e2ccf46be92b682855798e42a.jpg","type":"image\/jpeg"}],"twitter_card":"summary_large_image","twitter_misc":{"Gesch\u00e4tzte Lesezeit":"1\u00a0Minute"},"schema":{"@context":"https:\/\/schema.org","@graph":[{"@type":"WebPage","@id":"https:\/\/urban-vitamin.com\/de\/produkt\/goleta-2-in-1-15w-magnetic-wireless-charger-schwarz\/","url":"https:\/\/urban-vitamin.com\/de\/produkt\/goleta-2-in-1-15w-magnetic-wireless-charger-schwarz\/","name":"Goleta 2-in-1 15W Magnetic Wireless Charger, schwarz - Urban Vitamin","isPartOf":{"@id":"https:\/\/urban-vitamin.com\/de\/#website"},"primaryImageOfPage":{"@id":"https:\/\/urban-vitamin.com\/de\/produkt\/goleta-2-in-1-15w-magnetic-wireless-charger-schwarz\/#primaryimage"},"image":{"@id":"https:\/\/urban-vitamin.com\/de\/produkt\/goleta-2-in-1-15w-magnetic-wireless-charger-schwarz\/#primaryimage"},"thumbnailUrl":"https:\/\/urban-vitamin.com\/wp-content\/uploads\/sites\/5\/2025\/10\/P309.5301__S_0__d8a3702e2ccf46be92b682855798e42a.jpg","datePublished":"2026-03-12T01:06:22+00:00","dateModified":"2026-03-12T02:06:41+00:00","breadcrumb":{"@id":"https:\/\/urban-vitamin.com\/de\/produkt\/goleta-2-in-1-15w-magnetic-wireless-charger-schwarz\/#breadcrumb"},"inLanguage":"de","potentialAction":[{"@type":"ReadAction","target":["https:\/\/urban-vitamin.com\/de\/produkt\/goleta-2-in-1-15w-magnetic-wireless-charger-schwarz\/"]}]},{"@type":"ImageObject","inLanguage":"de","@id":"https:\/\/urban-vitamin.com\/de\/produkt\/goleta-2-in-1-15w-magnetic-wireless-charger-schwarz\/#primaryimage","url":"https:\/\/urban-vitamin.com\/wp-content\/uploads\/sites\/5\/2025\/10\/P309.5301__S_0__d8a3702e2ccf46be92b682855798e42a.jpg","contentUrl":"https:\/\/urban-vitamin.com\/wp-content\/uploads\/sites\/5\/2025\/10\/P309.5301__S_0__d8a3702e2ccf46be92b682855798e42a.jpg","width":1024,"height":1024},{"@type":"BreadcrumbList","@id":"https:\/\/urban-vitamin.com\/de\/produkt\/goleta-2-in-1-15w-magnetic-wireless-charger-schwarz\/#breadcrumb","itemListElement":[{"@type":"ListItem","position":1,"name":"Home","item":"https:\/\/urban-vitamin.com\/de\/"},{"@type":"ListItem","position":2,"name":"Kollektion","item":"https:\/\/urban-vitamin.com\/de\/kollektion\/"},{"@type":"ListItem","position":3,"name":"Goleta 2-in-1 15W Magnetic Wireless Charger, schwarz"}]},{"@type":"WebSite","@id":"https:\/\/urban-vitamin.com\/de\/#website","url":"https:\/\/urban-vitamin.com\/de\/","name":"Urban Vitamin","description":"Enjoy your daily dose of Urban Vitamin!","potentialAction":[{"@type":"SearchAction","target":{"@type":"EntryPoint","urlTemplate":"https:\/\/urban-vitamin.com\/de\/?s={search_term_string}"},"query-input":{"@type":"PropertyValueSpecification","valueRequired":true,"valueName":"search_term_string"}}],"inLanguage":"de"}]}},"_links":{"self":[{"href":"https:\/\/urban-vitamin.com\/de\/wp-json\/wp\/v2\/product\/25267","targetHints":{"allow":["GET"]}}],"collection":[{"href":"https:\/\/urban-vitamin.com\/de\/wp-json\/wp\/v2\/product"}],"about":[{"href":"https:\/\/urban-vitamin.com\/de\/wp-json\/wp\/v2\/types\/product"}],"replies":[{"embeddable":true,"href":"https:\/\/urban-vitamin.com\/de\/wp-json\/wp\/v2\/comments?post=25267"}],"wp:featuredmedia":[{"embeddable":true,"href":"https:\/\/urban-vitamin.com\/de\/wp-json\/wp\/v2\/media\/26727"}],"wp:attachment":[{"href":"https:\/\/urban-vitamin.com\/de\/wp-json\/wp\/v2\/media?parent=25267"}],"wp:term":[{"taxonomy":"product_cat","embeddable":true,"href":"https:\/\/urban-vitamin.com\/de\/wp-json\/wp\/v2\/product_cat?post=25267"},{"taxonomy":"product_tag","embeddable":true,"href":"https:\/\/urban-vitamin.com\/de\/wp-json\/wp\/v2\/product_tag?post=25267"}],"curies":[{"name":"wp","href":"https:\/\/api.w.org\/{rel}","templated":true}]}}