{"id":25266,"date":"2026-03-12T01:06:22","date_gmt":"2026-03-12T01:06:22","guid":{"rendered":"https:\/\/urban-vitamin.com\/urban-vitamin-arcadia-15w-3in1-magnet-charger-aus-rcs-rabs-schwarz\/"},"modified":"2026-03-12T02:06:39","modified_gmt":"2026-03-12T02:06:39","slug":"arcadia-15w-3in1-magnet-charger-aus-rcs-rabs-schwarz","status":"publish","type":"product","link":"https:\/\/urban-vitamin.com\/de\/produkt\/arcadia-15w-3in1-magnet-charger-aus-rcs-rabs-schwarz\/","title":{"rendered":"Arcadia 15W 3in1 Magnet-Charger aus RCS rABS, schwarz"},"content":{"rendered":"<p>M\u00fcssen Sie alle Ihre Ger\u00e4te gleichzeitig aufladen? Arcadia hat mit seinem ultraschnellen magnetischen 15W-Ladeger\u00e4t die L\u00f6sung f\u00fcr Sie. Kompakt &amp; wireless kann es auf dem Schreibtisch oder dem Nachttisch verwendet werden, l\u00e4sst sich aber auch ganz einfach zusammenklappen, um es auf Reisen mitzunehmen. Auf der R\u00fcckseite ist eine eine 5W-Ladestation, mit der Sie ein zweites Telefon oder Ohrh\u00f6rer aufladen k\u00f6nnen. Zudem verwenden Sie das Uhrenladeger\u00e4t, um die neuesten Generationen der iWatch mit Strom zu versorgen. Arcadia wird mit einem 120cm langen recycelten TPE-Kabel geliefert, das eine einfache Einrichtung an jedem beliebigen Ort erm\u00f6glicht. Schlie\u00dfen Sie es einfach an eine Schnellladequelle (mindestens 9V\/2A) an, um loszulegen. Es besteht aus recyc. ABS mit RCS-Zertifizierung (Recycled Claim Standard) mit einem Recyclinganteil von 34% bezogen auf das Gesamtgewicht des Artikels. Urban Vitamin-Artikel werden ohne PVC hergestellt und in kunststoffreduzierten Verpackungen verpackt.<\/p>\n","protected":false},"excerpt":{"rendered":"<p>M\u00fcssen Sie alle Ihre Ger\u00e4te gleichzeitig aufladen? Arcadia hat mit seinem ultraschnellen magnetischen 15W-Ladeger\u00e4t die L\u00f6sung f\u00fcr Sie. Kompakt &amp; wireless kann es auf dem Schreibtisch oder dem Nachttisch verwendet werden, l\u00e4sst sich aber auch ganz einfach zusammenklappen, um es auf Reisen mitzunehmen. Auf der R\u00fcckseite ist eine eine 5W-Ladestation, mit der Sie ein zweites [&hellip;]<\/p>\n","protected":false},"featured_media":26720,"comment_status":"closed","ping_status":"closed","template":"","meta":{"_acf_changed":false,"om_disable_all_campaigns":false},"product_cat":[72],"product_tag":[],"class_list":["post-25266","product","type-product","status-publish","has-post-thumbnail","hentry","product_cat-ladegerate","pa_color-black"],"acf":[],"yoast_head":"<!-- This site is optimized with the Yoast SEO plugin v27.0 - https:\/\/yoast.com\/product\/yoast-seo-wordpress\/ -->\n<title>Arcadia 15W 3in1 Magnet-Charger aus RCS rABS, schwarz - Urban Vitamin<\/title>\n<meta name=\"robots\" content=\"index, follow, max-snippet:-1, max-image-preview:large, max-video-preview:-1\" \/>\n<link rel=\"canonical\" href=\"https:\/\/urban-vitamin.com\/de\/produkt\/arcadia-15w-3in1-magnet-charger-aus-rcs-rabs-schwarz\/\" \/>\n<meta property=\"og:locale\" content=\"de_DE\" \/>\n<meta property=\"og:type\" content=\"article\" \/>\n<meta property=\"og:title\" content=\"Arcadia 15W 3in1 Magnet-Charger aus RCS rABS, schwarz - Urban Vitamin\" \/>\n<meta property=\"og:description\" content=\"M\u00fcssen Sie alle Ihre Ger\u00e4te gleichzeitig aufladen? Arcadia hat mit seinem ultraschnellen magnetischen 15W-Ladeger\u00e4t die L\u00f6sung f\u00fcr Sie. Kompakt &amp; wireless kann es auf dem Schreibtisch oder dem Nachttisch verwendet werden, l\u00e4sst sich aber auch ganz einfach zusammenklappen, um es auf Reisen mitzunehmen. Auf der R\u00fcckseite ist eine eine 5W-Ladestation, mit der Sie ein zweites [&hellip;]\" \/>\n<meta property=\"og:url\" content=\"https:\/\/urban-vitamin.com\/de\/produkt\/arcadia-15w-3in1-magnet-charger-aus-rcs-rabs-schwarz\/\" \/>\n<meta property=\"og:site_name\" content=\"Urban Vitamin\" \/>\n<meta property=\"article:modified_time\" content=\"2026-03-12T02:06:39+00:00\" \/>\n<meta property=\"og:image\" content=\"https:\/\/urban-vitamin.com\/wp-content\/uploads\/sites\/5\/2025\/10\/P309.5101__S_0__6c77397fa5004cc4980e50391c139e20.jpg\" \/>\n\t<meta property=\"og:image:width\" content=\"1024\" \/>\n\t<meta property=\"og:image:height\" content=\"1024\" \/>\n\t<meta property=\"og:image:type\" content=\"image\/jpeg\" \/>\n<meta name=\"twitter:card\" content=\"summary_large_image\" \/>\n<meta name=\"twitter:label1\" content=\"Gesch\u00e4tzte Lesezeit\" \/>\n\t<meta name=\"twitter:data1\" content=\"1\u00a0Minute\" \/>\n<script type=\"application\/ld+json\" class=\"yoast-schema-graph\">{\"@context\":\"https:\/\/schema.org\",\"@graph\":[{\"@type\":\"WebPage\",\"@id\":\"https:\/\/urban-vitamin.com\/de\/produkt\/arcadia-15w-3in1-magnet-charger-aus-rcs-rabs-schwarz\/\",\"url\":\"https:\/\/urban-vitamin.com\/de\/produkt\/arcadia-15w-3in1-magnet-charger-aus-rcs-rabs-schwarz\/\",\"name\":\"Arcadia 15W 3in1 Magnet-Charger aus RCS rABS, schwarz - Urban Vitamin\",\"isPartOf\":{\"@id\":\"https:\/\/urban-vitamin.com\/de\/#website\"},\"primaryImageOfPage\":{\"@id\":\"https:\/\/urban-vitamin.com\/de\/produkt\/arcadia-15w-3in1-magnet-charger-aus-rcs-rabs-schwarz\/#primaryimage\"},\"image\":{\"@id\":\"https:\/\/urban-vitamin.com\/de\/produkt\/arcadia-15w-3in1-magnet-charger-aus-rcs-rabs-schwarz\/#primaryimage\"},\"thumbnailUrl\":\"https:\/\/urban-vitamin.com\/wp-content\/uploads\/sites\/5\/2025\/10\/P309.5101__S_0__6c77397fa5004cc4980e50391c139e20.jpg\",\"datePublished\":\"2026-03-12T01:06:22+00:00\",\"dateModified\":\"2026-03-12T02:06:39+00:00\",\"breadcrumb\":{\"@id\":\"https:\/\/urban-vitamin.com\/de\/produkt\/arcadia-15w-3in1-magnet-charger-aus-rcs-rabs-schwarz\/#breadcrumb\"},\"inLanguage\":\"de\",\"potentialAction\":[{\"@type\":\"ReadAction\",\"target\":[\"https:\/\/urban-vitamin.com\/de\/produkt\/arcadia-15w-3in1-magnet-charger-aus-rcs-rabs-schwarz\/\"]}]},{\"@type\":\"ImageObject\",\"inLanguage\":\"de\",\"@id\":\"https:\/\/urban-vitamin.com\/de\/produkt\/arcadia-15w-3in1-magnet-charger-aus-rcs-rabs-schwarz\/#primaryimage\",\"url\":\"https:\/\/urban-vitamin.com\/wp-content\/uploads\/sites\/5\/2025\/10\/P309.5101__S_0__6c77397fa5004cc4980e50391c139e20.jpg\",\"contentUrl\":\"https:\/\/urban-vitamin.com\/wp-content\/uploads\/sites\/5\/2025\/10\/P309.5101__S_0__6c77397fa5004cc4980e50391c139e20.jpg\",\"width\":1024,\"height\":1024},{\"@type\":\"BreadcrumbList\",\"@id\":\"https:\/\/urban-vitamin.com\/de\/produkt\/arcadia-15w-3in1-magnet-charger-aus-rcs-rabs-schwarz\/#breadcrumb\",\"itemListElement\":[{\"@type\":\"ListItem\",\"position\":1,\"name\":\"Home\",\"item\":\"https:\/\/urban-vitamin.com\/de\/\"},{\"@type\":\"ListItem\",\"position\":2,\"name\":\"Kollektion\",\"item\":\"https:\/\/urban-vitamin.com\/de\/kollektion\/\"},{\"@type\":\"ListItem\",\"position\":3,\"name\":\"Arcadia 15W 3in1 Magnet-Charger aus RCS rABS, schwarz\"}]},{\"@type\":\"WebSite\",\"@id\":\"https:\/\/urban-vitamin.com\/de\/#website\",\"url\":\"https:\/\/urban-vitamin.com\/de\/\",\"name\":\"Urban Vitamin\",\"description\":\"Enjoy your daily dose of Urban Vitamin!\",\"potentialAction\":[{\"@type\":\"SearchAction\",\"target\":{\"@type\":\"EntryPoint\",\"urlTemplate\":\"https:\/\/urban-vitamin.com\/de\/?s={search_term_string}\"},\"query-input\":{\"@type\":\"PropertyValueSpecification\",\"valueRequired\":true,\"valueName\":\"search_term_string\"}}],\"inLanguage\":\"de\"}]}<\/script>\n<!-- \/ Yoast SEO plugin. -->","yoast_head_json":{"title":"Arcadia 15W 3in1 Magnet-Charger aus RCS rABS, schwarz - Urban Vitamin","robots":{"index":"index","follow":"follow","max-snippet":"max-snippet:-1","max-image-preview":"max-image-preview:large","max-video-preview":"max-video-preview:-1"},"canonical":"https:\/\/urban-vitamin.com\/de\/produkt\/arcadia-15w-3in1-magnet-charger-aus-rcs-rabs-schwarz\/","og_locale":"de_DE","og_type":"article","og_title":"Arcadia 15W 3in1 Magnet-Charger aus RCS rABS, schwarz - Urban Vitamin","og_description":"M\u00fcssen Sie alle Ihre Ger\u00e4te gleichzeitig aufladen? Arcadia hat mit seinem ultraschnellen magnetischen 15W-Ladeger\u00e4t die L\u00f6sung f\u00fcr Sie. Kompakt &amp; wireless kann es auf dem Schreibtisch oder dem Nachttisch verwendet werden, l\u00e4sst sich aber auch ganz einfach zusammenklappen, um es auf Reisen mitzunehmen. Auf der R\u00fcckseite ist eine eine 5W-Ladestation, mit der Sie ein zweites [&hellip;]","og_url":"https:\/\/urban-vitamin.com\/de\/produkt\/arcadia-15w-3in1-magnet-charger-aus-rcs-rabs-schwarz\/","og_site_name":"Urban Vitamin","article_modified_time":"2026-03-12T02:06:39+00:00","og_image":[{"width":1024,"height":1024,"url":"https:\/\/urban-vitamin.com\/wp-content\/uploads\/sites\/5\/2025\/10\/P309.5101__S_0__6c77397fa5004cc4980e50391c139e20.jpg","type":"image\/jpeg"}],"twitter_card":"summary_large_image","twitter_misc":{"Gesch\u00e4tzte Lesezeit":"1\u00a0Minute"},"schema":{"@context":"https:\/\/schema.org","@graph":[{"@type":"WebPage","@id":"https:\/\/urban-vitamin.com\/de\/produkt\/arcadia-15w-3in1-magnet-charger-aus-rcs-rabs-schwarz\/","url":"https:\/\/urban-vitamin.com\/de\/produkt\/arcadia-15w-3in1-magnet-charger-aus-rcs-rabs-schwarz\/","name":"Arcadia 15W 3in1 Magnet-Charger aus RCS rABS, schwarz - Urban Vitamin","isPartOf":{"@id":"https:\/\/urban-vitamin.com\/de\/#website"},"primaryImageOfPage":{"@id":"https:\/\/urban-vitamin.com\/de\/produkt\/arcadia-15w-3in1-magnet-charger-aus-rcs-rabs-schwarz\/#primaryimage"},"image":{"@id":"https:\/\/urban-vitamin.com\/de\/produkt\/arcadia-15w-3in1-magnet-charger-aus-rcs-rabs-schwarz\/#primaryimage"},"thumbnailUrl":"https:\/\/urban-vitamin.com\/wp-content\/uploads\/sites\/5\/2025\/10\/P309.5101__S_0__6c77397fa5004cc4980e50391c139e20.jpg","datePublished":"2026-03-12T01:06:22+00:00","dateModified":"2026-03-12T02:06:39+00:00","breadcrumb":{"@id":"https:\/\/urban-vitamin.com\/de\/produkt\/arcadia-15w-3in1-magnet-charger-aus-rcs-rabs-schwarz\/#breadcrumb"},"inLanguage":"de","potentialAction":[{"@type":"ReadAction","target":["https:\/\/urban-vitamin.com\/de\/produkt\/arcadia-15w-3in1-magnet-charger-aus-rcs-rabs-schwarz\/"]}]},{"@type":"ImageObject","inLanguage":"de","@id":"https:\/\/urban-vitamin.com\/de\/produkt\/arcadia-15w-3in1-magnet-charger-aus-rcs-rabs-schwarz\/#primaryimage","url":"https:\/\/urban-vitamin.com\/wp-content\/uploads\/sites\/5\/2025\/10\/P309.5101__S_0__6c77397fa5004cc4980e50391c139e20.jpg","contentUrl":"https:\/\/urban-vitamin.com\/wp-content\/uploads\/sites\/5\/2025\/10\/P309.5101__S_0__6c77397fa5004cc4980e50391c139e20.jpg","width":1024,"height":1024},{"@type":"BreadcrumbList","@id":"https:\/\/urban-vitamin.com\/de\/produkt\/arcadia-15w-3in1-magnet-charger-aus-rcs-rabs-schwarz\/#breadcrumb","itemListElement":[{"@type":"ListItem","position":1,"name":"Home","item":"https:\/\/urban-vitamin.com\/de\/"},{"@type":"ListItem","position":2,"name":"Kollektion","item":"https:\/\/urban-vitamin.com\/de\/kollektion\/"},{"@type":"ListItem","position":3,"name":"Arcadia 15W 3in1 Magnet-Charger aus RCS rABS, schwarz"}]},{"@type":"WebSite","@id":"https:\/\/urban-vitamin.com\/de\/#website","url":"https:\/\/urban-vitamin.com\/de\/","name":"Urban Vitamin","description":"Enjoy your daily dose of Urban Vitamin!","potentialAction":[{"@type":"SearchAction","target":{"@type":"EntryPoint","urlTemplate":"https:\/\/urban-vitamin.com\/de\/?s={search_term_string}"},"query-input":{"@type":"PropertyValueSpecification","valueRequired":true,"valueName":"search_term_string"}}],"inLanguage":"de"}]}},"_links":{"self":[{"href":"https:\/\/urban-vitamin.com\/de\/wp-json\/wp\/v2\/product\/25266","targetHints":{"allow":["GET"]}}],"collection":[{"href":"https:\/\/urban-vitamin.com\/de\/wp-json\/wp\/v2\/product"}],"about":[{"href":"https:\/\/urban-vitamin.com\/de\/wp-json\/wp\/v2\/types\/product"}],"replies":[{"embeddable":true,"href":"https:\/\/urban-vitamin.com\/de\/wp-json\/wp\/v2\/comments?post=25266"}],"wp:featuredmedia":[{"embeddable":true,"href":"https:\/\/urban-vitamin.com\/de\/wp-json\/wp\/v2\/media\/26720"}],"wp:attachment":[{"href":"https:\/\/urban-vitamin.com\/de\/wp-json\/wp\/v2\/media?parent=25266"}],"wp:term":[{"taxonomy":"product_cat","embeddable":true,"href":"https:\/\/urban-vitamin.com\/de\/wp-json\/wp\/v2\/product_cat?post=25266"},{"taxonomy":"product_tag","embeddable":true,"href":"https:\/\/urban-vitamin.com\/de\/wp-json\/wp\/v2\/product_tag?post=25266"}],"curies":[{"name":"wp","href":"https:\/\/api.w.org\/{rel}","templated":true}]}}