{"id":25265,"date":"2026-03-12T01:06:22","date_gmt":"2026-03-12T01:06:22","guid":{"rendered":"https:\/\/urban-vitamin.com\/urban-vitamin-san-jose-100w-halter-mit-einziehbarem-kabel-schwarz\/"},"modified":"2026-03-12T02:06:34","modified_gmt":"2026-03-12T02:06:34","slug":"san-jose-100w-halter-mit-einziehbarem-kabel-schwarz","status":"publish","type":"product","link":"https:\/\/urban-vitamin.com\/de\/produkt\/san-jose-100w-halter-mit-einziehbarem-kabel-schwarz\/","title":{"rendered":"San Jose 100W-Halter mit einziehbarem Kabel, schwarz"},"content":{"rendered":"<p>San Jose ist ein 100W-Handyhalter mit integriertem ausziehbarem Ladekabel, das superschnelle Energieversorgung und Komfort bietet. Mit seinem magnetischen Handyhalter und St\u00e4nder h\u00e4lt San Jose Ihr Smartphone sicher und im perfekten Winkel. Das einziehbare rTPE-Kabel l\u00e4sst sich auf bis zu 100cm ausziehen und bietet superschnelles Laden mit einer Leistung von bis zu 100W \u00fcber das USB-C-zu-USB-C-Kabel. Es wird au\u00dferdem mit USB-A-zu-USB-C- und USB-A-zu-iOS-Anschl\u00fcssen geliefert, sodass es vielseitig einsetzbar ist und eine Vielzahl von Ger\u00e4ten aufladen kann. Dar\u00fcber hinaus unterst\u00fctzt es die Daten\u00fcbertragung f\u00fcr eine Datensynchronisation w\u00e4hrend des Ladevorgangs. San Jose wird aus rABS- und rTPE-Materialien hergestellt, die nach dem RCS-Standard (Recycled Claim Standard) zertifiziert sind. Der Gesamtanteil an recycelten Materialien betr\u00e4gt 59 % des Produktgewichts. Urban Vitamin-Produkte werden ohne PVC hergestellt und in einer Verpackung mit reduziertem Kunststoffanteil geliefert.<\/p>\n","protected":false},"excerpt":{"rendered":"<p>San Jose ist ein 100W-Handyhalter mit integriertem ausziehbarem Ladekabel, das superschnelle Energieversorgung und Komfort bietet. Mit seinem magnetischen Handyhalter und St\u00e4nder h\u00e4lt San Jose Ihr Smartphone sicher und im perfekten Winkel. Das einziehbare rTPE-Kabel l\u00e4sst sich auf bis zu 100cm ausziehen und bietet superschnelles Laden mit einer Leistung von bis zu 100W \u00fcber das USB-C-zu-USB-C-Kabel. [&hellip;]<\/p>\n","protected":false},"featured_media":26713,"comment_status":"closed","ping_status":"closed","template":"","meta":{"_acf_changed":false,"om_disable_all_campaigns":false},"product_cat":[72],"product_tag":[],"class_list":["post-25265","product","type-product","status-publish","has-post-thumbnail","hentry","product_cat-ladegerate","pa_color-black"],"acf":[],"yoast_head":"<!-- This site is optimized with the Yoast SEO plugin v27.0 - https:\/\/yoast.com\/product\/yoast-seo-wordpress\/ -->\n<title>San Jose 100W-Halter mit einziehbarem Kabel, schwarz - Urban Vitamin<\/title>\n<meta name=\"robots\" content=\"index, follow, max-snippet:-1, max-image-preview:large, max-video-preview:-1\" \/>\n<link rel=\"canonical\" href=\"https:\/\/urban-vitamin.com\/de\/produkt\/san-jose-100w-halter-mit-einziehbarem-kabel-schwarz\/\" \/>\n<meta property=\"og:locale\" content=\"de_DE\" \/>\n<meta property=\"og:type\" content=\"article\" \/>\n<meta property=\"og:title\" content=\"San Jose 100W-Halter mit einziehbarem Kabel, schwarz - Urban Vitamin\" \/>\n<meta property=\"og:description\" content=\"San Jose ist ein 100W-Handyhalter mit integriertem ausziehbarem Ladekabel, das superschnelle Energieversorgung und Komfort bietet. Mit seinem magnetischen Handyhalter und St\u00e4nder h\u00e4lt San Jose Ihr Smartphone sicher und im perfekten Winkel. Das einziehbare rTPE-Kabel l\u00e4sst sich auf bis zu 100cm ausziehen und bietet superschnelles Laden mit einer Leistung von bis zu 100W \u00fcber das USB-C-zu-USB-C-Kabel. [&hellip;]\" \/>\n<meta property=\"og:url\" content=\"https:\/\/urban-vitamin.com\/de\/produkt\/san-jose-100w-halter-mit-einziehbarem-kabel-schwarz\/\" \/>\n<meta property=\"og:site_name\" content=\"Urban Vitamin\" \/>\n<meta property=\"article:modified_time\" content=\"2026-03-12T02:06:34+00:00\" \/>\n<meta property=\"og:image\" content=\"https:\/\/urban-vitamin.com\/wp-content\/uploads\/sites\/5\/2025\/10\/P302.7201__S_0__f5c83506e2e34851b1ba28dba518e332.jpg\" \/>\n\t<meta property=\"og:image:width\" content=\"1024\" \/>\n\t<meta property=\"og:image:height\" content=\"1024\" \/>\n\t<meta property=\"og:image:type\" content=\"image\/jpeg\" \/>\n<meta name=\"twitter:card\" content=\"summary_large_image\" \/>\n<meta name=\"twitter:label1\" content=\"Gesch\u00e4tzte Lesezeit\" \/>\n\t<meta name=\"twitter:data1\" content=\"1\u00a0Minute\" \/>\n<script type=\"application\/ld+json\" class=\"yoast-schema-graph\">{\"@context\":\"https:\/\/schema.org\",\"@graph\":[{\"@type\":\"WebPage\",\"@id\":\"https:\/\/urban-vitamin.com\/de\/produkt\/san-jose-100w-halter-mit-einziehbarem-kabel-schwarz\/\",\"url\":\"https:\/\/urban-vitamin.com\/de\/produkt\/san-jose-100w-halter-mit-einziehbarem-kabel-schwarz\/\",\"name\":\"San Jose 100W-Halter mit einziehbarem Kabel, schwarz - Urban Vitamin\",\"isPartOf\":{\"@id\":\"https:\/\/urban-vitamin.com\/de\/#website\"},\"primaryImageOfPage\":{\"@id\":\"https:\/\/urban-vitamin.com\/de\/produkt\/san-jose-100w-halter-mit-einziehbarem-kabel-schwarz\/#primaryimage\"},\"image\":{\"@id\":\"https:\/\/urban-vitamin.com\/de\/produkt\/san-jose-100w-halter-mit-einziehbarem-kabel-schwarz\/#primaryimage\"},\"thumbnailUrl\":\"https:\/\/urban-vitamin.com\/wp-content\/uploads\/sites\/5\/2025\/10\/P302.7201__S_0__f5c83506e2e34851b1ba28dba518e332.jpg\",\"datePublished\":\"2026-03-12T01:06:22+00:00\",\"dateModified\":\"2026-03-12T02:06:34+00:00\",\"breadcrumb\":{\"@id\":\"https:\/\/urban-vitamin.com\/de\/produkt\/san-jose-100w-halter-mit-einziehbarem-kabel-schwarz\/#breadcrumb\"},\"inLanguage\":\"de\",\"potentialAction\":[{\"@type\":\"ReadAction\",\"target\":[\"https:\/\/urban-vitamin.com\/de\/produkt\/san-jose-100w-halter-mit-einziehbarem-kabel-schwarz\/\"]}]},{\"@type\":\"ImageObject\",\"inLanguage\":\"de\",\"@id\":\"https:\/\/urban-vitamin.com\/de\/produkt\/san-jose-100w-halter-mit-einziehbarem-kabel-schwarz\/#primaryimage\",\"url\":\"https:\/\/urban-vitamin.com\/wp-content\/uploads\/sites\/5\/2025\/10\/P302.7201__S_0__f5c83506e2e34851b1ba28dba518e332.jpg\",\"contentUrl\":\"https:\/\/urban-vitamin.com\/wp-content\/uploads\/sites\/5\/2025\/10\/P302.7201__S_0__f5c83506e2e34851b1ba28dba518e332.jpg\",\"width\":1024,\"height\":1024},{\"@type\":\"BreadcrumbList\",\"@id\":\"https:\/\/urban-vitamin.com\/de\/produkt\/san-jose-100w-halter-mit-einziehbarem-kabel-schwarz\/#breadcrumb\",\"itemListElement\":[{\"@type\":\"ListItem\",\"position\":1,\"name\":\"Home\",\"item\":\"https:\/\/urban-vitamin.com\/de\/\"},{\"@type\":\"ListItem\",\"position\":2,\"name\":\"Kollektion\",\"item\":\"https:\/\/urban-vitamin.com\/de\/kollektion\/\"},{\"@type\":\"ListItem\",\"position\":3,\"name\":\"San Jose 100W-Halter mit einziehbarem Kabel, schwarz\"}]},{\"@type\":\"WebSite\",\"@id\":\"https:\/\/urban-vitamin.com\/de\/#website\",\"url\":\"https:\/\/urban-vitamin.com\/de\/\",\"name\":\"Urban Vitamin\",\"description\":\"Enjoy your daily dose of Urban Vitamin!\",\"potentialAction\":[{\"@type\":\"SearchAction\",\"target\":{\"@type\":\"EntryPoint\",\"urlTemplate\":\"https:\/\/urban-vitamin.com\/de\/?s={search_term_string}\"},\"query-input\":{\"@type\":\"PropertyValueSpecification\",\"valueRequired\":true,\"valueName\":\"search_term_string\"}}],\"inLanguage\":\"de\"}]}<\/script>\n<!-- \/ Yoast SEO plugin. -->","yoast_head_json":{"title":"San Jose 100W-Halter mit einziehbarem Kabel, schwarz - Urban Vitamin","robots":{"index":"index","follow":"follow","max-snippet":"max-snippet:-1","max-image-preview":"max-image-preview:large","max-video-preview":"max-video-preview:-1"},"canonical":"https:\/\/urban-vitamin.com\/de\/produkt\/san-jose-100w-halter-mit-einziehbarem-kabel-schwarz\/","og_locale":"de_DE","og_type":"article","og_title":"San Jose 100W-Halter mit einziehbarem Kabel, schwarz - Urban Vitamin","og_description":"San Jose ist ein 100W-Handyhalter mit integriertem ausziehbarem Ladekabel, das superschnelle Energieversorgung und Komfort bietet. Mit seinem magnetischen Handyhalter und St\u00e4nder h\u00e4lt San Jose Ihr Smartphone sicher und im perfekten Winkel. Das einziehbare rTPE-Kabel l\u00e4sst sich auf bis zu 100cm ausziehen und bietet superschnelles Laden mit einer Leistung von bis zu 100W \u00fcber das USB-C-zu-USB-C-Kabel. [&hellip;]","og_url":"https:\/\/urban-vitamin.com\/de\/produkt\/san-jose-100w-halter-mit-einziehbarem-kabel-schwarz\/","og_site_name":"Urban Vitamin","article_modified_time":"2026-03-12T02:06:34+00:00","og_image":[{"width":1024,"height":1024,"url":"https:\/\/urban-vitamin.com\/wp-content\/uploads\/sites\/5\/2025\/10\/P302.7201__S_0__f5c83506e2e34851b1ba28dba518e332.jpg","type":"image\/jpeg"}],"twitter_card":"summary_large_image","twitter_misc":{"Gesch\u00e4tzte Lesezeit":"1\u00a0Minute"},"schema":{"@context":"https:\/\/schema.org","@graph":[{"@type":"WebPage","@id":"https:\/\/urban-vitamin.com\/de\/produkt\/san-jose-100w-halter-mit-einziehbarem-kabel-schwarz\/","url":"https:\/\/urban-vitamin.com\/de\/produkt\/san-jose-100w-halter-mit-einziehbarem-kabel-schwarz\/","name":"San Jose 100W-Halter mit einziehbarem Kabel, schwarz - Urban Vitamin","isPartOf":{"@id":"https:\/\/urban-vitamin.com\/de\/#website"},"primaryImageOfPage":{"@id":"https:\/\/urban-vitamin.com\/de\/produkt\/san-jose-100w-halter-mit-einziehbarem-kabel-schwarz\/#primaryimage"},"image":{"@id":"https:\/\/urban-vitamin.com\/de\/produkt\/san-jose-100w-halter-mit-einziehbarem-kabel-schwarz\/#primaryimage"},"thumbnailUrl":"https:\/\/urban-vitamin.com\/wp-content\/uploads\/sites\/5\/2025\/10\/P302.7201__S_0__f5c83506e2e34851b1ba28dba518e332.jpg","datePublished":"2026-03-12T01:06:22+00:00","dateModified":"2026-03-12T02:06:34+00:00","breadcrumb":{"@id":"https:\/\/urban-vitamin.com\/de\/produkt\/san-jose-100w-halter-mit-einziehbarem-kabel-schwarz\/#breadcrumb"},"inLanguage":"de","potentialAction":[{"@type":"ReadAction","target":["https:\/\/urban-vitamin.com\/de\/produkt\/san-jose-100w-halter-mit-einziehbarem-kabel-schwarz\/"]}]},{"@type":"ImageObject","inLanguage":"de","@id":"https:\/\/urban-vitamin.com\/de\/produkt\/san-jose-100w-halter-mit-einziehbarem-kabel-schwarz\/#primaryimage","url":"https:\/\/urban-vitamin.com\/wp-content\/uploads\/sites\/5\/2025\/10\/P302.7201__S_0__f5c83506e2e34851b1ba28dba518e332.jpg","contentUrl":"https:\/\/urban-vitamin.com\/wp-content\/uploads\/sites\/5\/2025\/10\/P302.7201__S_0__f5c83506e2e34851b1ba28dba518e332.jpg","width":1024,"height":1024},{"@type":"BreadcrumbList","@id":"https:\/\/urban-vitamin.com\/de\/produkt\/san-jose-100w-halter-mit-einziehbarem-kabel-schwarz\/#breadcrumb","itemListElement":[{"@type":"ListItem","position":1,"name":"Home","item":"https:\/\/urban-vitamin.com\/de\/"},{"@type":"ListItem","position":2,"name":"Kollektion","item":"https:\/\/urban-vitamin.com\/de\/kollektion\/"},{"@type":"ListItem","position":3,"name":"San Jose 100W-Halter mit einziehbarem Kabel, schwarz"}]},{"@type":"WebSite","@id":"https:\/\/urban-vitamin.com\/de\/#website","url":"https:\/\/urban-vitamin.com\/de\/","name":"Urban Vitamin","description":"Enjoy your daily dose of Urban Vitamin!","potentialAction":[{"@type":"SearchAction","target":{"@type":"EntryPoint","urlTemplate":"https:\/\/urban-vitamin.com\/de\/?s={search_term_string}"},"query-input":{"@type":"PropertyValueSpecification","valueRequired":true,"valueName":"search_term_string"}}],"inLanguage":"de"}]}},"_links":{"self":[{"href":"https:\/\/urban-vitamin.com\/de\/wp-json\/wp\/v2\/product\/25265","targetHints":{"allow":["GET"]}}],"collection":[{"href":"https:\/\/urban-vitamin.com\/de\/wp-json\/wp\/v2\/product"}],"about":[{"href":"https:\/\/urban-vitamin.com\/de\/wp-json\/wp\/v2\/types\/product"}],"replies":[{"embeddable":true,"href":"https:\/\/urban-vitamin.com\/de\/wp-json\/wp\/v2\/comments?post=25265"}],"wp:featuredmedia":[{"embeddable":true,"href":"https:\/\/urban-vitamin.com\/de\/wp-json\/wp\/v2\/media\/26713"}],"wp:attachment":[{"href":"https:\/\/urban-vitamin.com\/de\/wp-json\/wp\/v2\/media?parent=25265"}],"wp:term":[{"taxonomy":"product_cat","embeddable":true,"href":"https:\/\/urban-vitamin.com\/de\/wp-json\/wp\/v2\/product_cat?post=25265"},{"taxonomy":"product_tag","embeddable":true,"href":"https:\/\/urban-vitamin.com\/de\/wp-json\/wp\/v2\/product_tag?post=25265"}],"curies":[{"name":"wp","href":"https:\/\/api.w.org\/{rel}","templated":true}]}}