{"id":25264,"date":"2026-03-12T01:06:04","date_gmt":"2026-03-12T01:06:04","guid":{"rendered":"https:\/\/urban-vitamin.com\/urban-vitamin-mendocino-65w-gan-charger-mit-einziehb-kabel-schwarz\/"},"modified":"2026-03-12T02:06:13","modified_gmt":"2026-03-12T02:06:13","slug":"mendocino-65w-gan-charger-mit-einziehb-kabel-schwarz","status":"publish","type":"product","link":"https:\/\/urban-vitamin.com\/de\/produkt\/mendocino-65w-gan-charger-mit-einziehb-kabel-schwarz\/","title":{"rendered":"Mendocino 65W GaN-Charger mit einziehb. Kabel, schwarz"},"content":{"rendered":"<p>Mendocino ist ein 65W PD-GaN-Ladeger\u00e4t mit integriertem 80cm langem USB-C-Kabel, sodass Sie zum Aufladen kein separates Kabel ben\u00f6tigen. Es wird au\u00dferdem mit austauschbaren EU- und UK-Steckern geliefert und ist somit der perfekte Reisebegleiter. GaN ist eine Ladetechnologie der n\u00e4chsten Generation, die eine kompaktere Gr\u00f6\u00dfe, weniger W\u00e4rmeentwicklung und eine h\u00f6here Energieeffizienz erm\u00f6glicht. Mendocino l\u00e4dt alle Ihre Ger\u00e4te mit voller Geschwindigkeit, einschlie\u00dflich Laptops, Tablets und Smartphones \u2013 und dank der zus\u00e4tzlichen USB-C-Anschl\u00fcsse und USB-A-Ausg\u00e4nge k\u00f6nnen bis zu drei Ger\u00e4te gleichzeitig aufgeladen werden. Mendocino besteht aus RCS-zertifiziert (Recycled Claim Standard) recyceltem, feuerfestem PC. Gesamtanteil an recyceltem Material: 18% bezogen auf das Gesamtgewicht des Artikels. Urban Vitamin-Artikel werden ohne PVC hergestellt und in einer Verpackung mit reduziertem Kunststoffanteil verpackt.<\/p>\n","protected":false},"excerpt":{"rendered":"<p>Mendocino ist ein 65W PD-GaN-Ladeger\u00e4t mit integriertem 80cm langem USB-C-Kabel, sodass Sie zum Aufladen kein separates Kabel ben\u00f6tigen. Es wird au\u00dferdem mit austauschbaren EU- und UK-Steckern geliefert und ist somit der perfekte Reisebegleiter. GaN ist eine Ladetechnologie der n\u00e4chsten Generation, die eine kompaktere Gr\u00f6\u00dfe, weniger W\u00e4rmeentwicklung und eine h\u00f6here Energieeffizienz erm\u00f6glicht. Mendocino l\u00e4dt alle Ihre [&hellip;]<\/p>\n","protected":false},"featured_media":26706,"comment_status":"closed","ping_status":"closed","template":"","meta":{"_acf_changed":false,"om_disable_all_campaigns":false},"product_cat":[72],"product_tag":[],"class_list":["post-25264","product","type-product","status-publish","has-post-thumbnail","hentry","product_cat-ladegerate","pa_color-black"],"acf":[],"yoast_head":"<!-- This site is optimized with the Yoast SEO plugin v27.0 - https:\/\/yoast.com\/product\/yoast-seo-wordpress\/ -->\n<title>Mendocino 65W GaN-Charger mit einziehb. Kabel, schwarz - Urban Vitamin<\/title>\n<meta name=\"robots\" content=\"index, follow, max-snippet:-1, max-image-preview:large, max-video-preview:-1\" \/>\n<link rel=\"canonical\" href=\"https:\/\/urban-vitamin.com\/de\/produkt\/mendocino-65w-gan-charger-mit-einziehb-kabel-schwarz\/\" \/>\n<meta property=\"og:locale\" content=\"de_DE\" \/>\n<meta property=\"og:type\" content=\"article\" \/>\n<meta property=\"og:title\" content=\"Mendocino 65W GaN-Charger mit einziehb. Kabel, schwarz - Urban Vitamin\" \/>\n<meta property=\"og:description\" content=\"Mendocino ist ein 65W PD-GaN-Ladeger\u00e4t mit integriertem 80cm langem USB-C-Kabel, sodass Sie zum Aufladen kein separates Kabel ben\u00f6tigen. Es wird au\u00dferdem mit austauschbaren EU- und UK-Steckern geliefert und ist somit der perfekte Reisebegleiter. GaN ist eine Ladetechnologie der n\u00e4chsten Generation, die eine kompaktere Gr\u00f6\u00dfe, weniger W\u00e4rmeentwicklung und eine h\u00f6here Energieeffizienz erm\u00f6glicht. Mendocino l\u00e4dt alle Ihre [&hellip;]\" \/>\n<meta property=\"og:url\" content=\"https:\/\/urban-vitamin.com\/de\/produkt\/mendocino-65w-gan-charger-mit-einziehb-kabel-schwarz\/\" \/>\n<meta property=\"og:site_name\" content=\"Urban Vitamin\" \/>\n<meta property=\"article:modified_time\" content=\"2026-03-12T02:06:13+00:00\" \/>\n<meta property=\"og:image\" content=\"https:\/\/urban-vitamin.com\/wp-content\/uploads\/sites\/5\/2025\/10\/P301.2701__S_0__73003593ba03419e88af5098c8cc9b26.jpg\" \/>\n\t<meta property=\"og:image:width\" content=\"1024\" \/>\n\t<meta property=\"og:image:height\" content=\"1024\" \/>\n\t<meta property=\"og:image:type\" content=\"image\/jpeg\" \/>\n<meta name=\"twitter:card\" content=\"summary_large_image\" \/>\n<meta name=\"twitter:label1\" content=\"Gesch\u00e4tzte Lesezeit\" \/>\n\t<meta name=\"twitter:data1\" content=\"1\u00a0Minute\" \/>\n<script type=\"application\/ld+json\" class=\"yoast-schema-graph\">{\"@context\":\"https:\/\/schema.org\",\"@graph\":[{\"@type\":\"WebPage\",\"@id\":\"https:\/\/urban-vitamin.com\/de\/produkt\/mendocino-65w-gan-charger-mit-einziehb-kabel-schwarz\/\",\"url\":\"https:\/\/urban-vitamin.com\/de\/produkt\/mendocino-65w-gan-charger-mit-einziehb-kabel-schwarz\/\",\"name\":\"Mendocino 65W GaN-Charger mit einziehb. Kabel, schwarz - Urban Vitamin\",\"isPartOf\":{\"@id\":\"https:\/\/urban-vitamin.com\/de\/#website\"},\"primaryImageOfPage\":{\"@id\":\"https:\/\/urban-vitamin.com\/de\/produkt\/mendocino-65w-gan-charger-mit-einziehb-kabel-schwarz\/#primaryimage\"},\"image\":{\"@id\":\"https:\/\/urban-vitamin.com\/de\/produkt\/mendocino-65w-gan-charger-mit-einziehb-kabel-schwarz\/#primaryimage\"},\"thumbnailUrl\":\"https:\/\/urban-vitamin.com\/wp-content\/uploads\/sites\/5\/2025\/10\/P301.2701__S_0__73003593ba03419e88af5098c8cc9b26.jpg\",\"datePublished\":\"2026-03-12T01:06:04+00:00\",\"dateModified\":\"2026-03-12T02:06:13+00:00\",\"breadcrumb\":{\"@id\":\"https:\/\/urban-vitamin.com\/de\/produkt\/mendocino-65w-gan-charger-mit-einziehb-kabel-schwarz\/#breadcrumb\"},\"inLanguage\":\"de\",\"potentialAction\":[{\"@type\":\"ReadAction\",\"target\":[\"https:\/\/urban-vitamin.com\/de\/produkt\/mendocino-65w-gan-charger-mit-einziehb-kabel-schwarz\/\"]}]},{\"@type\":\"ImageObject\",\"inLanguage\":\"de\",\"@id\":\"https:\/\/urban-vitamin.com\/de\/produkt\/mendocino-65w-gan-charger-mit-einziehb-kabel-schwarz\/#primaryimage\",\"url\":\"https:\/\/urban-vitamin.com\/wp-content\/uploads\/sites\/5\/2025\/10\/P301.2701__S_0__73003593ba03419e88af5098c8cc9b26.jpg\",\"contentUrl\":\"https:\/\/urban-vitamin.com\/wp-content\/uploads\/sites\/5\/2025\/10\/P301.2701__S_0__73003593ba03419e88af5098c8cc9b26.jpg\",\"width\":1024,\"height\":1024},{\"@type\":\"BreadcrumbList\",\"@id\":\"https:\/\/urban-vitamin.com\/de\/produkt\/mendocino-65w-gan-charger-mit-einziehb-kabel-schwarz\/#breadcrumb\",\"itemListElement\":[{\"@type\":\"ListItem\",\"position\":1,\"name\":\"Home\",\"item\":\"https:\/\/urban-vitamin.com\/de\/\"},{\"@type\":\"ListItem\",\"position\":2,\"name\":\"Kollektion\",\"item\":\"https:\/\/urban-vitamin.com\/de\/kollektion\/\"},{\"@type\":\"ListItem\",\"position\":3,\"name\":\"Mendocino 65W GaN-Charger mit einziehb. Kabel, schwarz\"}]},{\"@type\":\"WebSite\",\"@id\":\"https:\/\/urban-vitamin.com\/de\/#website\",\"url\":\"https:\/\/urban-vitamin.com\/de\/\",\"name\":\"Urban Vitamin\",\"description\":\"Enjoy your daily dose of Urban Vitamin!\",\"potentialAction\":[{\"@type\":\"SearchAction\",\"target\":{\"@type\":\"EntryPoint\",\"urlTemplate\":\"https:\/\/urban-vitamin.com\/de\/?s={search_term_string}\"},\"query-input\":{\"@type\":\"PropertyValueSpecification\",\"valueRequired\":true,\"valueName\":\"search_term_string\"}}],\"inLanguage\":\"de\"}]}<\/script>\n<!-- \/ Yoast SEO plugin. -->","yoast_head_json":{"title":"Mendocino 65W GaN-Charger mit einziehb. Kabel, schwarz - Urban Vitamin","robots":{"index":"index","follow":"follow","max-snippet":"max-snippet:-1","max-image-preview":"max-image-preview:large","max-video-preview":"max-video-preview:-1"},"canonical":"https:\/\/urban-vitamin.com\/de\/produkt\/mendocino-65w-gan-charger-mit-einziehb-kabel-schwarz\/","og_locale":"de_DE","og_type":"article","og_title":"Mendocino 65W GaN-Charger mit einziehb. Kabel, schwarz - Urban Vitamin","og_description":"Mendocino ist ein 65W PD-GaN-Ladeger\u00e4t mit integriertem 80cm langem USB-C-Kabel, sodass Sie zum Aufladen kein separates Kabel ben\u00f6tigen. Es wird au\u00dferdem mit austauschbaren EU- und UK-Steckern geliefert und ist somit der perfekte Reisebegleiter. GaN ist eine Ladetechnologie der n\u00e4chsten Generation, die eine kompaktere Gr\u00f6\u00dfe, weniger W\u00e4rmeentwicklung und eine h\u00f6here Energieeffizienz erm\u00f6glicht. Mendocino l\u00e4dt alle Ihre [&hellip;]","og_url":"https:\/\/urban-vitamin.com\/de\/produkt\/mendocino-65w-gan-charger-mit-einziehb-kabel-schwarz\/","og_site_name":"Urban Vitamin","article_modified_time":"2026-03-12T02:06:13+00:00","og_image":[{"width":1024,"height":1024,"url":"https:\/\/urban-vitamin.com\/wp-content\/uploads\/sites\/5\/2025\/10\/P301.2701__S_0__73003593ba03419e88af5098c8cc9b26.jpg","type":"image\/jpeg"}],"twitter_card":"summary_large_image","twitter_misc":{"Gesch\u00e4tzte Lesezeit":"1\u00a0Minute"},"schema":{"@context":"https:\/\/schema.org","@graph":[{"@type":"WebPage","@id":"https:\/\/urban-vitamin.com\/de\/produkt\/mendocino-65w-gan-charger-mit-einziehb-kabel-schwarz\/","url":"https:\/\/urban-vitamin.com\/de\/produkt\/mendocino-65w-gan-charger-mit-einziehb-kabel-schwarz\/","name":"Mendocino 65W GaN-Charger mit einziehb. Kabel, schwarz - Urban Vitamin","isPartOf":{"@id":"https:\/\/urban-vitamin.com\/de\/#website"},"primaryImageOfPage":{"@id":"https:\/\/urban-vitamin.com\/de\/produkt\/mendocino-65w-gan-charger-mit-einziehb-kabel-schwarz\/#primaryimage"},"image":{"@id":"https:\/\/urban-vitamin.com\/de\/produkt\/mendocino-65w-gan-charger-mit-einziehb-kabel-schwarz\/#primaryimage"},"thumbnailUrl":"https:\/\/urban-vitamin.com\/wp-content\/uploads\/sites\/5\/2025\/10\/P301.2701__S_0__73003593ba03419e88af5098c8cc9b26.jpg","datePublished":"2026-03-12T01:06:04+00:00","dateModified":"2026-03-12T02:06:13+00:00","breadcrumb":{"@id":"https:\/\/urban-vitamin.com\/de\/produkt\/mendocino-65w-gan-charger-mit-einziehb-kabel-schwarz\/#breadcrumb"},"inLanguage":"de","potentialAction":[{"@type":"ReadAction","target":["https:\/\/urban-vitamin.com\/de\/produkt\/mendocino-65w-gan-charger-mit-einziehb-kabel-schwarz\/"]}]},{"@type":"ImageObject","inLanguage":"de","@id":"https:\/\/urban-vitamin.com\/de\/produkt\/mendocino-65w-gan-charger-mit-einziehb-kabel-schwarz\/#primaryimage","url":"https:\/\/urban-vitamin.com\/wp-content\/uploads\/sites\/5\/2025\/10\/P301.2701__S_0__73003593ba03419e88af5098c8cc9b26.jpg","contentUrl":"https:\/\/urban-vitamin.com\/wp-content\/uploads\/sites\/5\/2025\/10\/P301.2701__S_0__73003593ba03419e88af5098c8cc9b26.jpg","width":1024,"height":1024},{"@type":"BreadcrumbList","@id":"https:\/\/urban-vitamin.com\/de\/produkt\/mendocino-65w-gan-charger-mit-einziehb-kabel-schwarz\/#breadcrumb","itemListElement":[{"@type":"ListItem","position":1,"name":"Home","item":"https:\/\/urban-vitamin.com\/de\/"},{"@type":"ListItem","position":2,"name":"Kollektion","item":"https:\/\/urban-vitamin.com\/de\/kollektion\/"},{"@type":"ListItem","position":3,"name":"Mendocino 65W GaN-Charger mit einziehb. Kabel, schwarz"}]},{"@type":"WebSite","@id":"https:\/\/urban-vitamin.com\/de\/#website","url":"https:\/\/urban-vitamin.com\/de\/","name":"Urban Vitamin","description":"Enjoy your daily dose of Urban Vitamin!","potentialAction":[{"@type":"SearchAction","target":{"@type":"EntryPoint","urlTemplate":"https:\/\/urban-vitamin.com\/de\/?s={search_term_string}"},"query-input":{"@type":"PropertyValueSpecification","valueRequired":true,"valueName":"search_term_string"}}],"inLanguage":"de"}]}},"_links":{"self":[{"href":"https:\/\/urban-vitamin.com\/de\/wp-json\/wp\/v2\/product\/25264","targetHints":{"allow":["GET"]}}],"collection":[{"href":"https:\/\/urban-vitamin.com\/de\/wp-json\/wp\/v2\/product"}],"about":[{"href":"https:\/\/urban-vitamin.com\/de\/wp-json\/wp\/v2\/types\/product"}],"replies":[{"embeddable":true,"href":"https:\/\/urban-vitamin.com\/de\/wp-json\/wp\/v2\/comments?post=25264"}],"wp:featuredmedia":[{"embeddable":true,"href":"https:\/\/urban-vitamin.com\/de\/wp-json\/wp\/v2\/media\/26706"}],"wp:attachment":[{"href":"https:\/\/urban-vitamin.com\/de\/wp-json\/wp\/v2\/media?parent=25264"}],"wp:term":[{"taxonomy":"product_cat","embeddable":true,"href":"https:\/\/urban-vitamin.com\/de\/wp-json\/wp\/v2\/product_cat?post=25264"},{"taxonomy":"product_tag","embeddable":true,"href":"https:\/\/urban-vitamin.com\/de\/wp-json\/wp\/v2\/product_tag?post=25264"}],"curies":[{"name":"wp","href":"https:\/\/api.w.org\/{rel}","templated":true}]}}