{"id":24057,"date":"2026-03-12T01:06:37","date_gmt":"2026-03-12T01:06:37","guid":{"rendered":"https:\/\/urban-vitamin.com\/urban-vitamin-delano-5-in-1-10-000mah-20w-pd-magn-powerbank-schwarz\/"},"modified":"2026-03-12T02:06:54","modified_gmt":"2026-03-12T02:06:54","slug":"delano-5-in-1-10-000mah-20w-pd-magn-powerbank-schwarz","status":"publish","type":"product","link":"https:\/\/urban-vitamin.com\/de\/produkt\/delano-5-in-1-10-000mah-20w-pd-magn-powerbank-schwarz\/","title":{"rendered":"Delano 5-in-1 10.000mAh 20W PD magn. Powerbank, schwarz"},"content":{"rendered":"<p>Delano, die 10000mAh-5-in-1 20W-PD-Schnellladepowerbank ist mit einem  magnetischen 15W-Ladeger\u00e4t ausgestattet, mit dem Sie Ihr Telefon mit maximaler Geschwindigkeit kabellos aufladen k\u00f6nnen. Ebenso k\u00f6nnen Sie auch Ihre AirPods oder Apple Watch aufladen. Ben\u00f6tigen Sie einen noch schnelleren Energieschub, um den Tag zu \u00fcberstehen? Redwood unterst\u00fctzt das blitzschnelle Laden mit 20W \u00fcber seinen USB-C-Anschluss, sowohl zum Aufladen der Powerbank selbst als auch zum Aufladen Ihres Ger\u00e4ts. Sie verf\u00fcgt auch \u00fcber ein integriertes USB-C-Schnellladekabel und ein integriertes Lightning-Kabel. Mit dem integrierten St\u00e4nder k\u00f6nnen Sie Ihr Telefon w\u00e4hrend des Ladevorgangs aufstellen, um z.B. Filme anzusehen. Hergestellt aus rec. ABS- &amp; PC-Kunststoff hergestellt; nach dem RCS-Standard (Recycled Claim Standard) zertifiziert. Der Gesamtanteil an rec. Material betr\u00e4gt 24% des Gesamtgewichts des Artikels. Urban Vitamin-Produkte sind ohne PVC hergestellt und in kunststoffreduzierten Verpackungen verpackt.<\/p>\n","protected":false},"excerpt":{"rendered":"<p>Delano, die 10000mAh-5-in-1 20W-PD-Schnellladepowerbank ist mit einem magnetischen 15W-Ladeger\u00e4t ausgestattet, mit dem Sie Ihr Telefon mit maximaler Geschwindigkeit kabellos aufladen k\u00f6nnen. Ebenso k\u00f6nnen Sie auch Ihre AirPods oder Apple Watch aufladen. Ben\u00f6tigen Sie einen noch schnelleren Energieschub, um den Tag zu \u00fcberstehen? Redwood unterst\u00fctzt das blitzschnelle Laden mit 20W \u00fcber seinen USB-C-Anschluss, sowohl zum Aufladen [&hellip;]<\/p>\n","protected":false},"featured_media":24374,"comment_status":"closed","ping_status":"closed","template":"","meta":{"_acf_changed":false,"om_disable_all_campaigns":false},"product_cat":[70],"product_tag":[],"class_list":["post-24057","product","type-product","status-publish","has-post-thumbnail","hentry","product_cat-powerbanks-de","pa_color-black"],"acf":[],"yoast_head":"<!-- This site is optimized with the Yoast SEO plugin v27.0 - https:\/\/yoast.com\/product\/yoast-seo-wordpress\/ -->\n<title>Delano 5-in-1 10.000mAh 20W PD magn. Powerbank, schwarz - Urban Vitamin<\/title>\n<meta name=\"robots\" content=\"index, follow, max-snippet:-1, max-image-preview:large, max-video-preview:-1\" \/>\n<link rel=\"canonical\" href=\"https:\/\/urban-vitamin.com\/de\/produkt\/delano-5-in-1-10-000mah-20w-pd-magn-powerbank-schwarz\/\" \/>\n<meta property=\"og:locale\" content=\"de_DE\" \/>\n<meta property=\"og:type\" content=\"article\" \/>\n<meta property=\"og:title\" content=\"Delano 5-in-1 10.000mAh 20W PD magn. Powerbank, schwarz - Urban Vitamin\" \/>\n<meta property=\"og:description\" content=\"Delano, die 10000mAh-5-in-1 20W-PD-Schnellladepowerbank ist mit einem magnetischen 15W-Ladeger\u00e4t ausgestattet, mit dem Sie Ihr Telefon mit maximaler Geschwindigkeit kabellos aufladen k\u00f6nnen. Ebenso k\u00f6nnen Sie auch Ihre AirPods oder Apple Watch aufladen. Ben\u00f6tigen Sie einen noch schnelleren Energieschub, um den Tag zu \u00fcberstehen? Redwood unterst\u00fctzt das blitzschnelle Laden mit 20W \u00fcber seinen USB-C-Anschluss, sowohl zum Aufladen [&hellip;]\" \/>\n<meta property=\"og:url\" content=\"https:\/\/urban-vitamin.com\/de\/produkt\/delano-5-in-1-10-000mah-20w-pd-magn-powerbank-schwarz\/\" \/>\n<meta property=\"og:site_name\" content=\"Urban Vitamin\" \/>\n<meta property=\"article:modified_time\" content=\"2026-03-12T02:06:54+00:00\" \/>\n<meta property=\"og:image\" content=\"https:\/\/urban-vitamin.com\/wp-content\/uploads\/sites\/5\/2025\/03\/P322.7201__S_0__230bed86132d465e9b6a9eeb9974b391.jpg\" \/>\n\t<meta property=\"og:image:width\" content=\"1024\" \/>\n\t<meta property=\"og:image:height\" content=\"1024\" \/>\n\t<meta property=\"og:image:type\" content=\"image\/jpeg\" \/>\n<meta name=\"twitter:card\" content=\"summary_large_image\" \/>\n<meta name=\"twitter:label1\" content=\"Gesch\u00e4tzte Lesezeit\" \/>\n\t<meta name=\"twitter:data1\" content=\"1\u00a0Minute\" \/>\n<script type=\"application\/ld+json\" class=\"yoast-schema-graph\">{\"@context\":\"https:\/\/schema.org\",\"@graph\":[{\"@type\":\"WebPage\",\"@id\":\"https:\/\/urban-vitamin.com\/de\/produkt\/delano-5-in-1-10-000mah-20w-pd-magn-powerbank-schwarz\/\",\"url\":\"https:\/\/urban-vitamin.com\/de\/produkt\/delano-5-in-1-10-000mah-20w-pd-magn-powerbank-schwarz\/\",\"name\":\"Delano 5-in-1 10.000mAh 20W PD magn. Powerbank, schwarz - Urban Vitamin\",\"isPartOf\":{\"@id\":\"https:\/\/urban-vitamin.com\/de\/#website\"},\"primaryImageOfPage\":{\"@id\":\"https:\/\/urban-vitamin.com\/de\/produkt\/delano-5-in-1-10-000mah-20w-pd-magn-powerbank-schwarz\/#primaryimage\"},\"image\":{\"@id\":\"https:\/\/urban-vitamin.com\/de\/produkt\/delano-5-in-1-10-000mah-20w-pd-magn-powerbank-schwarz\/#primaryimage\"},\"thumbnailUrl\":\"https:\/\/urban-vitamin.com\/wp-content\/uploads\/sites\/5\/2025\/03\/P322.7201__S_0__230bed86132d465e9b6a9eeb9974b391.jpg\",\"datePublished\":\"2026-03-12T01:06:37+00:00\",\"dateModified\":\"2026-03-12T02:06:54+00:00\",\"breadcrumb\":{\"@id\":\"https:\/\/urban-vitamin.com\/de\/produkt\/delano-5-in-1-10-000mah-20w-pd-magn-powerbank-schwarz\/#breadcrumb\"},\"inLanguage\":\"de\",\"potentialAction\":[{\"@type\":\"ReadAction\",\"target\":[\"https:\/\/urban-vitamin.com\/de\/produkt\/delano-5-in-1-10-000mah-20w-pd-magn-powerbank-schwarz\/\"]}]},{\"@type\":\"ImageObject\",\"inLanguage\":\"de\",\"@id\":\"https:\/\/urban-vitamin.com\/de\/produkt\/delano-5-in-1-10-000mah-20w-pd-magn-powerbank-schwarz\/#primaryimage\",\"url\":\"https:\/\/urban-vitamin.com\/wp-content\/uploads\/sites\/5\/2025\/03\/P322.7201__S_0__230bed86132d465e9b6a9eeb9974b391.jpg\",\"contentUrl\":\"https:\/\/urban-vitamin.com\/wp-content\/uploads\/sites\/5\/2025\/03\/P322.7201__S_0__230bed86132d465e9b6a9eeb9974b391.jpg\",\"width\":1024,\"height\":1024},{\"@type\":\"BreadcrumbList\",\"@id\":\"https:\/\/urban-vitamin.com\/de\/produkt\/delano-5-in-1-10-000mah-20w-pd-magn-powerbank-schwarz\/#breadcrumb\",\"itemListElement\":[{\"@type\":\"ListItem\",\"position\":1,\"name\":\"Home\",\"item\":\"https:\/\/urban-vitamin.com\/de\/\"},{\"@type\":\"ListItem\",\"position\":2,\"name\":\"Kollektion\",\"item\":\"https:\/\/urban-vitamin.com\/de\/kollektion\/\"},{\"@type\":\"ListItem\",\"position\":3,\"name\":\"Delano 5-in-1 10.000mAh 20W PD magn. Powerbank, schwarz\"}]},{\"@type\":\"WebSite\",\"@id\":\"https:\/\/urban-vitamin.com\/de\/#website\",\"url\":\"https:\/\/urban-vitamin.com\/de\/\",\"name\":\"Urban Vitamin\",\"description\":\"Enjoy your daily dose of Urban Vitamin!\",\"potentialAction\":[{\"@type\":\"SearchAction\",\"target\":{\"@type\":\"EntryPoint\",\"urlTemplate\":\"https:\/\/urban-vitamin.com\/de\/?s={search_term_string}\"},\"query-input\":{\"@type\":\"PropertyValueSpecification\",\"valueRequired\":true,\"valueName\":\"search_term_string\"}}],\"inLanguage\":\"de\"}]}<\/script>\n<!-- \/ Yoast SEO plugin. -->","yoast_head_json":{"title":"Delano 5-in-1 10.000mAh 20W PD magn. Powerbank, schwarz - Urban Vitamin","robots":{"index":"index","follow":"follow","max-snippet":"max-snippet:-1","max-image-preview":"max-image-preview:large","max-video-preview":"max-video-preview:-1"},"canonical":"https:\/\/urban-vitamin.com\/de\/produkt\/delano-5-in-1-10-000mah-20w-pd-magn-powerbank-schwarz\/","og_locale":"de_DE","og_type":"article","og_title":"Delano 5-in-1 10.000mAh 20W PD magn. Powerbank, schwarz - Urban Vitamin","og_description":"Delano, die 10000mAh-5-in-1 20W-PD-Schnellladepowerbank ist mit einem magnetischen 15W-Ladeger\u00e4t ausgestattet, mit dem Sie Ihr Telefon mit maximaler Geschwindigkeit kabellos aufladen k\u00f6nnen. Ebenso k\u00f6nnen Sie auch Ihre AirPods oder Apple Watch aufladen. Ben\u00f6tigen Sie einen noch schnelleren Energieschub, um den Tag zu \u00fcberstehen? Redwood unterst\u00fctzt das blitzschnelle Laden mit 20W \u00fcber seinen USB-C-Anschluss, sowohl zum Aufladen [&hellip;]","og_url":"https:\/\/urban-vitamin.com\/de\/produkt\/delano-5-in-1-10-000mah-20w-pd-magn-powerbank-schwarz\/","og_site_name":"Urban Vitamin","article_modified_time":"2026-03-12T02:06:54+00:00","og_image":[{"width":1024,"height":1024,"url":"https:\/\/urban-vitamin.com\/wp-content\/uploads\/sites\/5\/2025\/03\/P322.7201__S_0__230bed86132d465e9b6a9eeb9974b391.jpg","type":"image\/jpeg"}],"twitter_card":"summary_large_image","twitter_misc":{"Gesch\u00e4tzte Lesezeit":"1\u00a0Minute"},"schema":{"@context":"https:\/\/schema.org","@graph":[{"@type":"WebPage","@id":"https:\/\/urban-vitamin.com\/de\/produkt\/delano-5-in-1-10-000mah-20w-pd-magn-powerbank-schwarz\/","url":"https:\/\/urban-vitamin.com\/de\/produkt\/delano-5-in-1-10-000mah-20w-pd-magn-powerbank-schwarz\/","name":"Delano 5-in-1 10.000mAh 20W PD magn. Powerbank, schwarz - Urban Vitamin","isPartOf":{"@id":"https:\/\/urban-vitamin.com\/de\/#website"},"primaryImageOfPage":{"@id":"https:\/\/urban-vitamin.com\/de\/produkt\/delano-5-in-1-10-000mah-20w-pd-magn-powerbank-schwarz\/#primaryimage"},"image":{"@id":"https:\/\/urban-vitamin.com\/de\/produkt\/delano-5-in-1-10-000mah-20w-pd-magn-powerbank-schwarz\/#primaryimage"},"thumbnailUrl":"https:\/\/urban-vitamin.com\/wp-content\/uploads\/sites\/5\/2025\/03\/P322.7201__S_0__230bed86132d465e9b6a9eeb9974b391.jpg","datePublished":"2026-03-12T01:06:37+00:00","dateModified":"2026-03-12T02:06:54+00:00","breadcrumb":{"@id":"https:\/\/urban-vitamin.com\/de\/produkt\/delano-5-in-1-10-000mah-20w-pd-magn-powerbank-schwarz\/#breadcrumb"},"inLanguage":"de","potentialAction":[{"@type":"ReadAction","target":["https:\/\/urban-vitamin.com\/de\/produkt\/delano-5-in-1-10-000mah-20w-pd-magn-powerbank-schwarz\/"]}]},{"@type":"ImageObject","inLanguage":"de","@id":"https:\/\/urban-vitamin.com\/de\/produkt\/delano-5-in-1-10-000mah-20w-pd-magn-powerbank-schwarz\/#primaryimage","url":"https:\/\/urban-vitamin.com\/wp-content\/uploads\/sites\/5\/2025\/03\/P322.7201__S_0__230bed86132d465e9b6a9eeb9974b391.jpg","contentUrl":"https:\/\/urban-vitamin.com\/wp-content\/uploads\/sites\/5\/2025\/03\/P322.7201__S_0__230bed86132d465e9b6a9eeb9974b391.jpg","width":1024,"height":1024},{"@type":"BreadcrumbList","@id":"https:\/\/urban-vitamin.com\/de\/produkt\/delano-5-in-1-10-000mah-20w-pd-magn-powerbank-schwarz\/#breadcrumb","itemListElement":[{"@type":"ListItem","position":1,"name":"Home","item":"https:\/\/urban-vitamin.com\/de\/"},{"@type":"ListItem","position":2,"name":"Kollektion","item":"https:\/\/urban-vitamin.com\/de\/kollektion\/"},{"@type":"ListItem","position":3,"name":"Delano 5-in-1 10.000mAh 20W PD magn. Powerbank, schwarz"}]},{"@type":"WebSite","@id":"https:\/\/urban-vitamin.com\/de\/#website","url":"https:\/\/urban-vitamin.com\/de\/","name":"Urban Vitamin","description":"Enjoy your daily dose of Urban Vitamin!","potentialAction":[{"@type":"SearchAction","target":{"@type":"EntryPoint","urlTemplate":"https:\/\/urban-vitamin.com\/de\/?s={search_term_string}"},"query-input":{"@type":"PropertyValueSpecification","valueRequired":true,"valueName":"search_term_string"}}],"inLanguage":"de"}]}},"_links":{"self":[{"href":"https:\/\/urban-vitamin.com\/de\/wp-json\/wp\/v2\/product\/24057","targetHints":{"allow":["GET"]}}],"collection":[{"href":"https:\/\/urban-vitamin.com\/de\/wp-json\/wp\/v2\/product"}],"about":[{"href":"https:\/\/urban-vitamin.com\/de\/wp-json\/wp\/v2\/types\/product"}],"replies":[{"embeddable":true,"href":"https:\/\/urban-vitamin.com\/de\/wp-json\/wp\/v2\/comments?post=24057"}],"wp:featuredmedia":[{"embeddable":true,"href":"https:\/\/urban-vitamin.com\/de\/wp-json\/wp\/v2\/media\/24374"}],"wp:attachment":[{"href":"https:\/\/urban-vitamin.com\/de\/wp-json\/wp\/v2\/media?parent=24057"}],"wp:term":[{"taxonomy":"product_cat","embeddable":true,"href":"https:\/\/urban-vitamin.com\/de\/wp-json\/wp\/v2\/product_cat?post=24057"},{"taxonomy":"product_tag","embeddable":true,"href":"https:\/\/urban-vitamin.com\/de\/wp-json\/wp\/v2\/product_tag?post=24057"}],"curies":[{"name":"wp","href":"https:\/\/api.w.org\/{rel}","templated":true}]}}