{"id":22367,"date":"2026-03-12T01:06:04","date_gmt":"2026-03-12T01:06:04","guid":{"rendered":"https:\/\/urban-vitamin.com\/eureka-rcs-recyceltes-65w-hybrid-ladegeraet-schwarz\/"},"modified":"2026-03-12T02:06:23","modified_gmt":"2026-03-12T02:06:23","slug":"eureka-rcs-rec-65w-10-000mah-hybrid-ladegeraet-schwarz","status":"publish","type":"product","link":"https:\/\/urban-vitamin.com\/de\/produkt\/eureka-rcs-rec-65w-10-000mah-hybrid-ladegeraet-schwarz\/","title":{"rendered":"Eureka RCS rec. 65W-10.000mAh Hybrid-Ladeger\u00e4t, schwarz"},"content":{"rendered":"<p>Ultimatives GAN-Ladeger\u00e4t f\u00fcr ultraschnelles Laden mit 65W. Hybridladen ist nun Realit\u00e4t geworden. Eureka kann sowohl als 35W 10.000mAh Powerbank als auch als 65W GAN-Wandladeger\u00e4t verwendet werden. W\u00e4hrend Sie Ihre Ger\u00e4te aufladen, wird die Powerbank selbst aufgeladen. Nehmen Sie sie aus der Steckdose, um das Haus mit einer voll aufgeladenen Powerbank zu verlassen. GAN ist eine neue Ladetechnologie, die eine viel kleinere Gr\u00f6\u00dfe f\u00fcr leistungsstarke Adapter, weniger W\u00e4rme und somit mehr Sicherheit sowie eine h\u00f6here Energieeffizienz erm\u00f6glicht, sodass beim Ladevorgang weniger Energie verloren geht. Eureka wird mit 1 USB-A-Port, 1 Type-C-Port und 1 integriertem Type-C-Kabel geliefert. Mit USA-, EU- und UK-Adapter, damit Sie sie \u00fcberall hin mitnehmen k\u00f6nnen. Eureka wird aus einem RCS (Recycled Claim Standard) zertifiziert recycelten, feuerfesten PC hergestellt. Gesamtrezyklatgehalt: 22% basierend auf dem Gesamtgewicht des Artikels. PVC frei. Kunststoffreduzierte Verpackung.<\/p>\n","protected":false},"excerpt":{"rendered":"<p>Ultimatives GAN-Ladeger\u00e4t f\u00fcr ultraschnelles Laden mit 65W. Hybridladen ist nun Realit\u00e4t geworden. Eureka kann sowohl als 35W 10.000mAh Powerbank als auch als 65W GAN-Wandladeger\u00e4t verwendet werden. W\u00e4hrend Sie Ihre Ger\u00e4te aufladen, wird die Powerbank selbst aufgeladen. Nehmen Sie sie aus der Steckdose, um das Haus mit einer voll aufgeladenen Powerbank zu verlassen. GAN ist eine [&hellip;]<\/p>\n","protected":false},"featured_media":23339,"comment_status":"closed","ping_status":"closed","template":"","meta":{"_acf_changed":false,"om_disable_all_campaigns":false},"product_cat":[88],"product_tag":[],"class_list":["post-22367","product","type-product","status-publish","has-post-thumbnail","hentry","product_cat-uncategorized","pa_color-black"],"acf":[],"yoast_head":"<!-- This site is optimized with the Yoast SEO plugin v27.0 - https:\/\/yoast.com\/product\/yoast-seo-wordpress\/ -->\n<title>Eureka RCS rec. 65W-10.000mAh Hybrid-Ladeger\u00e4t, schwarz - Urban Vitamin<\/title>\n<meta name=\"robots\" content=\"index, follow, max-snippet:-1, max-image-preview:large, max-video-preview:-1\" \/>\n<link rel=\"canonical\" href=\"https:\/\/urban-vitamin.com\/de\/produkt\/eureka-rcs-rec-65w-10-000mah-hybrid-ladegeraet-schwarz\/\" \/>\n<meta property=\"og:locale\" content=\"de_DE\" \/>\n<meta property=\"og:type\" content=\"article\" \/>\n<meta property=\"og:title\" content=\"Eureka RCS rec. 65W-10.000mAh Hybrid-Ladeger\u00e4t, schwarz - Urban Vitamin\" \/>\n<meta property=\"og:description\" content=\"Ultimatives GAN-Ladeger\u00e4t f\u00fcr ultraschnelles Laden mit 65W. Hybridladen ist nun Realit\u00e4t geworden. Eureka kann sowohl als 35W 10.000mAh Powerbank als auch als 65W GAN-Wandladeger\u00e4t verwendet werden. W\u00e4hrend Sie Ihre Ger\u00e4te aufladen, wird die Powerbank selbst aufgeladen. Nehmen Sie sie aus der Steckdose, um das Haus mit einer voll aufgeladenen Powerbank zu verlassen. GAN ist eine [&hellip;]\" \/>\n<meta property=\"og:url\" content=\"https:\/\/urban-vitamin.com\/de\/produkt\/eureka-rcs-rec-65w-10-000mah-hybrid-ladegeraet-schwarz\/\" \/>\n<meta property=\"og:site_name\" content=\"Urban Vitamin\" \/>\n<meta property=\"article:modified_time\" content=\"2026-03-12T02:06:23+00:00\" \/>\n<meta property=\"og:image\" content=\"https:\/\/urban-vitamin.com\/wp-content\/uploads\/sites\/5\/2025\/02\/P301.9901__S_0__17a61adf10cf4575856b67f5326988cf.jpg\" \/>\n\t<meta property=\"og:image:width\" content=\"1024\" \/>\n\t<meta property=\"og:image:height\" content=\"1024\" \/>\n\t<meta property=\"og:image:type\" content=\"image\/jpeg\" \/>\n<meta name=\"twitter:card\" content=\"summary_large_image\" \/>\n<meta name=\"twitter:label1\" content=\"Gesch\u00e4tzte Lesezeit\" \/>\n\t<meta name=\"twitter:data1\" content=\"1\u00a0Minute\" \/>\n<script type=\"application\/ld+json\" class=\"yoast-schema-graph\">{\"@context\":\"https:\/\/schema.org\",\"@graph\":[{\"@type\":\"WebPage\",\"@id\":\"https:\/\/urban-vitamin.com\/de\/produkt\/eureka-rcs-rec-65w-10-000mah-hybrid-ladegeraet-schwarz\/\",\"url\":\"https:\/\/urban-vitamin.com\/de\/produkt\/eureka-rcs-rec-65w-10-000mah-hybrid-ladegeraet-schwarz\/\",\"name\":\"Eureka RCS rec. 65W-10.000mAh Hybrid-Ladeger\u00e4t, schwarz - Urban Vitamin\",\"isPartOf\":{\"@id\":\"https:\/\/urban-vitamin.com\/de\/#website\"},\"primaryImageOfPage\":{\"@id\":\"https:\/\/urban-vitamin.com\/de\/produkt\/eureka-rcs-rec-65w-10-000mah-hybrid-ladegeraet-schwarz\/#primaryimage\"},\"image\":{\"@id\":\"https:\/\/urban-vitamin.com\/de\/produkt\/eureka-rcs-rec-65w-10-000mah-hybrid-ladegeraet-schwarz\/#primaryimage\"},\"thumbnailUrl\":\"https:\/\/urban-vitamin.com\/wp-content\/uploads\/sites\/5\/2025\/02\/P301.9901__S_0__17a61adf10cf4575856b67f5326988cf.jpg\",\"datePublished\":\"2026-03-12T01:06:04+00:00\",\"dateModified\":\"2026-03-12T02:06:23+00:00\",\"breadcrumb\":{\"@id\":\"https:\/\/urban-vitamin.com\/de\/produkt\/eureka-rcs-rec-65w-10-000mah-hybrid-ladegeraet-schwarz\/#breadcrumb\"},\"inLanguage\":\"de\",\"potentialAction\":[{\"@type\":\"ReadAction\",\"target\":[\"https:\/\/urban-vitamin.com\/de\/produkt\/eureka-rcs-rec-65w-10-000mah-hybrid-ladegeraet-schwarz\/\"]}]},{\"@type\":\"ImageObject\",\"inLanguage\":\"de\",\"@id\":\"https:\/\/urban-vitamin.com\/de\/produkt\/eureka-rcs-rec-65w-10-000mah-hybrid-ladegeraet-schwarz\/#primaryimage\",\"url\":\"https:\/\/urban-vitamin.com\/wp-content\/uploads\/sites\/5\/2025\/02\/P301.9901__S_0__17a61adf10cf4575856b67f5326988cf.jpg\",\"contentUrl\":\"https:\/\/urban-vitamin.com\/wp-content\/uploads\/sites\/5\/2025\/02\/P301.9901__S_0__17a61adf10cf4575856b67f5326988cf.jpg\",\"width\":1024,\"height\":1024},{\"@type\":\"BreadcrumbList\",\"@id\":\"https:\/\/urban-vitamin.com\/de\/produkt\/eureka-rcs-rec-65w-10-000mah-hybrid-ladegeraet-schwarz\/#breadcrumb\",\"itemListElement\":[{\"@type\":\"ListItem\",\"position\":1,\"name\":\"Home\",\"item\":\"https:\/\/urban-vitamin.com\/de\/\"},{\"@type\":\"ListItem\",\"position\":2,\"name\":\"Kollektion\",\"item\":\"https:\/\/urban-vitamin.com\/de\/kollektion\/\"},{\"@type\":\"ListItem\",\"position\":3,\"name\":\"Eureka RCS rec. 65W-10.000mAh Hybrid-Ladeger\u00e4t, schwarz\"}]},{\"@type\":\"WebSite\",\"@id\":\"https:\/\/urban-vitamin.com\/de\/#website\",\"url\":\"https:\/\/urban-vitamin.com\/de\/\",\"name\":\"Urban Vitamin\",\"description\":\"Enjoy your daily dose of Urban Vitamin!\",\"potentialAction\":[{\"@type\":\"SearchAction\",\"target\":{\"@type\":\"EntryPoint\",\"urlTemplate\":\"https:\/\/urban-vitamin.com\/de\/?s={search_term_string}\"},\"query-input\":{\"@type\":\"PropertyValueSpecification\",\"valueRequired\":true,\"valueName\":\"search_term_string\"}}],\"inLanguage\":\"de\"}]}<\/script>\n<!-- \/ Yoast SEO plugin. -->","yoast_head_json":{"title":"Eureka RCS rec. 65W-10.000mAh Hybrid-Ladeger\u00e4t, schwarz - Urban Vitamin","robots":{"index":"index","follow":"follow","max-snippet":"max-snippet:-1","max-image-preview":"max-image-preview:large","max-video-preview":"max-video-preview:-1"},"canonical":"https:\/\/urban-vitamin.com\/de\/produkt\/eureka-rcs-rec-65w-10-000mah-hybrid-ladegeraet-schwarz\/","og_locale":"de_DE","og_type":"article","og_title":"Eureka RCS rec. 65W-10.000mAh Hybrid-Ladeger\u00e4t, schwarz - Urban Vitamin","og_description":"Ultimatives GAN-Ladeger\u00e4t f\u00fcr ultraschnelles Laden mit 65W. Hybridladen ist nun Realit\u00e4t geworden. Eureka kann sowohl als 35W 10.000mAh Powerbank als auch als 65W GAN-Wandladeger\u00e4t verwendet werden. W\u00e4hrend Sie Ihre Ger\u00e4te aufladen, wird die Powerbank selbst aufgeladen. Nehmen Sie sie aus der Steckdose, um das Haus mit einer voll aufgeladenen Powerbank zu verlassen. GAN ist eine [&hellip;]","og_url":"https:\/\/urban-vitamin.com\/de\/produkt\/eureka-rcs-rec-65w-10-000mah-hybrid-ladegeraet-schwarz\/","og_site_name":"Urban Vitamin","article_modified_time":"2026-03-12T02:06:23+00:00","og_image":[{"width":1024,"height":1024,"url":"https:\/\/urban-vitamin.com\/wp-content\/uploads\/sites\/5\/2025\/02\/P301.9901__S_0__17a61adf10cf4575856b67f5326988cf.jpg","type":"image\/jpeg"}],"twitter_card":"summary_large_image","twitter_misc":{"Gesch\u00e4tzte Lesezeit":"1\u00a0Minute"},"schema":{"@context":"https:\/\/schema.org","@graph":[{"@type":"WebPage","@id":"https:\/\/urban-vitamin.com\/de\/produkt\/eureka-rcs-rec-65w-10-000mah-hybrid-ladegeraet-schwarz\/","url":"https:\/\/urban-vitamin.com\/de\/produkt\/eureka-rcs-rec-65w-10-000mah-hybrid-ladegeraet-schwarz\/","name":"Eureka RCS rec. 65W-10.000mAh Hybrid-Ladeger\u00e4t, schwarz - Urban Vitamin","isPartOf":{"@id":"https:\/\/urban-vitamin.com\/de\/#website"},"primaryImageOfPage":{"@id":"https:\/\/urban-vitamin.com\/de\/produkt\/eureka-rcs-rec-65w-10-000mah-hybrid-ladegeraet-schwarz\/#primaryimage"},"image":{"@id":"https:\/\/urban-vitamin.com\/de\/produkt\/eureka-rcs-rec-65w-10-000mah-hybrid-ladegeraet-schwarz\/#primaryimage"},"thumbnailUrl":"https:\/\/urban-vitamin.com\/wp-content\/uploads\/sites\/5\/2025\/02\/P301.9901__S_0__17a61adf10cf4575856b67f5326988cf.jpg","datePublished":"2026-03-12T01:06:04+00:00","dateModified":"2026-03-12T02:06:23+00:00","breadcrumb":{"@id":"https:\/\/urban-vitamin.com\/de\/produkt\/eureka-rcs-rec-65w-10-000mah-hybrid-ladegeraet-schwarz\/#breadcrumb"},"inLanguage":"de","potentialAction":[{"@type":"ReadAction","target":["https:\/\/urban-vitamin.com\/de\/produkt\/eureka-rcs-rec-65w-10-000mah-hybrid-ladegeraet-schwarz\/"]}]},{"@type":"ImageObject","inLanguage":"de","@id":"https:\/\/urban-vitamin.com\/de\/produkt\/eureka-rcs-rec-65w-10-000mah-hybrid-ladegeraet-schwarz\/#primaryimage","url":"https:\/\/urban-vitamin.com\/wp-content\/uploads\/sites\/5\/2025\/02\/P301.9901__S_0__17a61adf10cf4575856b67f5326988cf.jpg","contentUrl":"https:\/\/urban-vitamin.com\/wp-content\/uploads\/sites\/5\/2025\/02\/P301.9901__S_0__17a61adf10cf4575856b67f5326988cf.jpg","width":1024,"height":1024},{"@type":"BreadcrumbList","@id":"https:\/\/urban-vitamin.com\/de\/produkt\/eureka-rcs-rec-65w-10-000mah-hybrid-ladegeraet-schwarz\/#breadcrumb","itemListElement":[{"@type":"ListItem","position":1,"name":"Home","item":"https:\/\/urban-vitamin.com\/de\/"},{"@type":"ListItem","position":2,"name":"Kollektion","item":"https:\/\/urban-vitamin.com\/de\/kollektion\/"},{"@type":"ListItem","position":3,"name":"Eureka RCS rec. 65W-10.000mAh Hybrid-Ladeger\u00e4t, schwarz"}]},{"@type":"WebSite","@id":"https:\/\/urban-vitamin.com\/de\/#website","url":"https:\/\/urban-vitamin.com\/de\/","name":"Urban Vitamin","description":"Enjoy your daily dose of Urban Vitamin!","potentialAction":[{"@type":"SearchAction","target":{"@type":"EntryPoint","urlTemplate":"https:\/\/urban-vitamin.com\/de\/?s={search_term_string}"},"query-input":{"@type":"PropertyValueSpecification","valueRequired":true,"valueName":"search_term_string"}}],"inLanguage":"de"}]}},"_links":{"self":[{"href":"https:\/\/urban-vitamin.com\/de\/wp-json\/wp\/v2\/product\/22367","targetHints":{"allow":["GET"]}}],"collection":[{"href":"https:\/\/urban-vitamin.com\/de\/wp-json\/wp\/v2\/product"}],"about":[{"href":"https:\/\/urban-vitamin.com\/de\/wp-json\/wp\/v2\/types\/product"}],"replies":[{"embeddable":true,"href":"https:\/\/urban-vitamin.com\/de\/wp-json\/wp\/v2\/comments?post=22367"}],"wp:featuredmedia":[{"embeddable":true,"href":"https:\/\/urban-vitamin.com\/de\/wp-json\/wp\/v2\/media\/23339"}],"wp:attachment":[{"href":"https:\/\/urban-vitamin.com\/de\/wp-json\/wp\/v2\/media?parent=22367"}],"wp:term":[{"taxonomy":"product_cat","embeddable":true,"href":"https:\/\/urban-vitamin.com\/de\/wp-json\/wp\/v2\/product_cat?post=22367"},{"taxonomy":"product_tag","embeddable":true,"href":"https:\/\/urban-vitamin.com\/de\/wp-json\/wp\/v2\/product_tag?post=22367"}],"curies":[{"name":"wp","href":"https:\/\/api.w.org\/{rel}","templated":true}]}}