{"id":22141,"date":"2026-03-12T01:08:40","date_gmt":"2026-03-12T01:08:40","guid":{"rendered":"https:\/\/urban-vitamin.com\/anaheim-rcs-recycelter-10w-speaker15w-charger-schwarz\/"},"modified":"2026-03-12T02:09:05","modified_gmt":"2026-03-12T02:09:05","slug":"anaheim-rcs-recycelter-10w-speaker15w-charger-schwarz","status":"publish","type":"product","link":"https:\/\/urban-vitamin.com\/de\/produkt\/anaheim-rcs-recycelter-10w-speaker15w-charger-schwarz\/","title":{"rendered":"Anaheim RCS recycelter 10W Speaker,15W Charger, schwarz"},"content":{"rendered":"<p>Der Urban Vitamin Anaheim 10W-Lautsprecher liefert eine fantastische Klangqualit\u00e4t, perfekt f\u00fcr Ihre Lieblingssongs oder Podcasts. Mit bis zu 8h Spielzeit k\u00f6nnen Sie Ihre Musik den ganzen Tag lang genie\u00dfen! Zudem verf\u00fcgt er \u00fcber ein magnetisches, kabelloses 15W-Ladeger\u00e4t, das Ihre Ger\u00e4te mit Strom versorgt, w\u00e4hrend Sie Ihrer Musik lauschen! Eingehender Anruf? Kein Problem! Der Anaheim verf\u00fcgt \u00fcber ein eingebautes Mikrofon, mit dem Sie Ihre Anrufe annehmen k\u00f6nnen. Der Anaheim wurde aus RCS RPET-Gewebe und RCS recyceltem ABS hergestellt! Gesamter recycelter Inhalt: 37%, bezogen auf das Gesamtgewicht des Artikels. Die RCS-Zertifizierung gew\u00e4hrleistet eine vollst\u00e4ndig zertifizierte Lieferkette f\u00fcr die recycelten Materialien. Au\u00dferdem erh\u00e4ltst du ein 120cm recyceltes TPE-USB-C-Ladekabel, das in einer kunststoffarmen Verpackung verpackt ist. Artikel und Zubeh\u00f6r sind PVC-frei!<\/p>\n","protected":false},"excerpt":{"rendered":"<p>Der Urban Vitamin Anaheim 10W-Lautsprecher liefert eine fantastische Klangqualit\u00e4t, perfekt f\u00fcr Ihre Lieblingssongs oder Podcasts. Mit bis zu 8h Spielzeit k\u00f6nnen Sie Ihre Musik den ganzen Tag lang genie\u00dfen! Zudem verf\u00fcgt er \u00fcber ein magnetisches, kabelloses 15W-Ladeger\u00e4t, das Ihre Ger\u00e4te mit Strom versorgt, w\u00e4hrend Sie Ihrer Musik lauschen! Eingehender Anruf? Kein Problem! Der Anaheim verf\u00fcgt [&hellip;]<\/p>\n","protected":false},"featured_media":23381,"comment_status":"closed","ping_status":"closed","template":"","meta":{"_acf_changed":false,"om_disable_all_campaigns":false},"product_cat":[69],"product_tag":[],"class_list":["post-22141","product","type-product","status-publish","has-post-thumbnail","hentry","product_cat-lautsprecher","pa_color-black"],"acf":[],"yoast_head":"<!-- This site is optimized with the Yoast SEO plugin v27.0 - https:\/\/yoast.com\/product\/yoast-seo-wordpress\/ -->\n<title>Anaheim RCS recycelter 10W Speaker,15W Charger, schwarz - Urban Vitamin<\/title>\n<meta name=\"robots\" content=\"index, follow, max-snippet:-1, max-image-preview:large, max-video-preview:-1\" \/>\n<link rel=\"canonical\" href=\"https:\/\/urban-vitamin.com\/de\/produkt\/anaheim-rcs-recycelter-10w-speaker15w-charger-schwarz\/\" \/>\n<meta property=\"og:locale\" content=\"de_DE\" \/>\n<meta property=\"og:type\" content=\"article\" \/>\n<meta property=\"og:title\" content=\"Anaheim RCS recycelter 10W Speaker,15W Charger, schwarz - Urban Vitamin\" \/>\n<meta property=\"og:description\" content=\"Der Urban Vitamin Anaheim 10W-Lautsprecher liefert eine fantastische Klangqualit\u00e4t, perfekt f\u00fcr Ihre Lieblingssongs oder Podcasts. Mit bis zu 8h Spielzeit k\u00f6nnen Sie Ihre Musik den ganzen Tag lang genie\u00dfen! Zudem verf\u00fcgt er \u00fcber ein magnetisches, kabelloses 15W-Ladeger\u00e4t, das Ihre Ger\u00e4te mit Strom versorgt, w\u00e4hrend Sie Ihrer Musik lauschen! Eingehender Anruf? Kein Problem! Der Anaheim verf\u00fcgt [&hellip;]\" \/>\n<meta property=\"og:url\" content=\"https:\/\/urban-vitamin.com\/de\/produkt\/anaheim-rcs-recycelter-10w-speaker15w-charger-schwarz\/\" \/>\n<meta property=\"og:site_name\" content=\"Urban Vitamin\" \/>\n<meta property=\"article:modified_time\" content=\"2026-03-12T02:09:05+00:00\" \/>\n<meta property=\"og:image\" content=\"https:\/\/urban-vitamin.com\/wp-content\/uploads\/sites\/5\/2025\/02\/P331.5801__S_0__7d1ee70b390a423885139042e37abd40.jpg\" \/>\n\t<meta property=\"og:image:width\" content=\"1024\" \/>\n\t<meta property=\"og:image:height\" content=\"1024\" \/>\n\t<meta property=\"og:image:type\" content=\"image\/jpeg\" \/>\n<meta name=\"twitter:card\" content=\"summary_large_image\" \/>\n<meta name=\"twitter:label1\" content=\"Gesch\u00e4tzte Lesezeit\" \/>\n\t<meta name=\"twitter:data1\" content=\"1\u00a0Minute\" \/>\n<script type=\"application\/ld+json\" class=\"yoast-schema-graph\">{\"@context\":\"https:\/\/schema.org\",\"@graph\":[{\"@type\":\"WebPage\",\"@id\":\"https:\/\/urban-vitamin.com\/de\/produkt\/anaheim-rcs-recycelter-10w-speaker15w-charger-schwarz\/\",\"url\":\"https:\/\/urban-vitamin.com\/de\/produkt\/anaheim-rcs-recycelter-10w-speaker15w-charger-schwarz\/\",\"name\":\"Anaheim RCS recycelter 10W Speaker,15W Charger, schwarz - Urban Vitamin\",\"isPartOf\":{\"@id\":\"https:\/\/urban-vitamin.com\/de\/#website\"},\"primaryImageOfPage\":{\"@id\":\"https:\/\/urban-vitamin.com\/de\/produkt\/anaheim-rcs-recycelter-10w-speaker15w-charger-schwarz\/#primaryimage\"},\"image\":{\"@id\":\"https:\/\/urban-vitamin.com\/de\/produkt\/anaheim-rcs-recycelter-10w-speaker15w-charger-schwarz\/#primaryimage\"},\"thumbnailUrl\":\"https:\/\/urban-vitamin.com\/wp-content\/uploads\/sites\/5\/2025\/02\/P331.5801__S_0__7d1ee70b390a423885139042e37abd40.jpg\",\"datePublished\":\"2026-03-12T01:08:40+00:00\",\"dateModified\":\"2026-03-12T02:09:05+00:00\",\"breadcrumb\":{\"@id\":\"https:\/\/urban-vitamin.com\/de\/produkt\/anaheim-rcs-recycelter-10w-speaker15w-charger-schwarz\/#breadcrumb\"},\"inLanguage\":\"de\",\"potentialAction\":[{\"@type\":\"ReadAction\",\"target\":[\"https:\/\/urban-vitamin.com\/de\/produkt\/anaheim-rcs-recycelter-10w-speaker15w-charger-schwarz\/\"]}]},{\"@type\":\"ImageObject\",\"inLanguage\":\"de\",\"@id\":\"https:\/\/urban-vitamin.com\/de\/produkt\/anaheim-rcs-recycelter-10w-speaker15w-charger-schwarz\/#primaryimage\",\"url\":\"https:\/\/urban-vitamin.com\/wp-content\/uploads\/sites\/5\/2025\/02\/P331.5801__S_0__7d1ee70b390a423885139042e37abd40.jpg\",\"contentUrl\":\"https:\/\/urban-vitamin.com\/wp-content\/uploads\/sites\/5\/2025\/02\/P331.5801__S_0__7d1ee70b390a423885139042e37abd40.jpg\",\"width\":1024,\"height\":1024},{\"@type\":\"BreadcrumbList\",\"@id\":\"https:\/\/urban-vitamin.com\/de\/produkt\/anaheim-rcs-recycelter-10w-speaker15w-charger-schwarz\/#breadcrumb\",\"itemListElement\":[{\"@type\":\"ListItem\",\"position\":1,\"name\":\"Home\",\"item\":\"https:\/\/urban-vitamin.com\/de\/\"},{\"@type\":\"ListItem\",\"position\":2,\"name\":\"Kollektion\",\"item\":\"https:\/\/urban-vitamin.com\/de\/kollektion\/\"},{\"@type\":\"ListItem\",\"position\":3,\"name\":\"Anaheim RCS recycelter 10W Speaker,15W Charger, schwarz\"}]},{\"@type\":\"WebSite\",\"@id\":\"https:\/\/urban-vitamin.com\/de\/#website\",\"url\":\"https:\/\/urban-vitamin.com\/de\/\",\"name\":\"Urban Vitamin\",\"description\":\"Enjoy your daily dose of Urban Vitamin!\",\"potentialAction\":[{\"@type\":\"SearchAction\",\"target\":{\"@type\":\"EntryPoint\",\"urlTemplate\":\"https:\/\/urban-vitamin.com\/de\/?s={search_term_string}\"},\"query-input\":{\"@type\":\"PropertyValueSpecification\",\"valueRequired\":true,\"valueName\":\"search_term_string\"}}],\"inLanguage\":\"de\"}]}<\/script>\n<!-- \/ Yoast SEO plugin. -->","yoast_head_json":{"title":"Anaheim RCS recycelter 10W Speaker,15W Charger, schwarz - Urban Vitamin","robots":{"index":"index","follow":"follow","max-snippet":"max-snippet:-1","max-image-preview":"max-image-preview:large","max-video-preview":"max-video-preview:-1"},"canonical":"https:\/\/urban-vitamin.com\/de\/produkt\/anaheim-rcs-recycelter-10w-speaker15w-charger-schwarz\/","og_locale":"de_DE","og_type":"article","og_title":"Anaheim RCS recycelter 10W Speaker,15W Charger, schwarz - Urban Vitamin","og_description":"Der Urban Vitamin Anaheim 10W-Lautsprecher liefert eine fantastische Klangqualit\u00e4t, perfekt f\u00fcr Ihre Lieblingssongs oder Podcasts. Mit bis zu 8h Spielzeit k\u00f6nnen Sie Ihre Musik den ganzen Tag lang genie\u00dfen! Zudem verf\u00fcgt er \u00fcber ein magnetisches, kabelloses 15W-Ladeger\u00e4t, das Ihre Ger\u00e4te mit Strom versorgt, w\u00e4hrend Sie Ihrer Musik lauschen! Eingehender Anruf? Kein Problem! Der Anaheim verf\u00fcgt [&hellip;]","og_url":"https:\/\/urban-vitamin.com\/de\/produkt\/anaheim-rcs-recycelter-10w-speaker15w-charger-schwarz\/","og_site_name":"Urban Vitamin","article_modified_time":"2026-03-12T02:09:05+00:00","og_image":[{"width":1024,"height":1024,"url":"https:\/\/urban-vitamin.com\/wp-content\/uploads\/sites\/5\/2025\/02\/P331.5801__S_0__7d1ee70b390a423885139042e37abd40.jpg","type":"image\/jpeg"}],"twitter_card":"summary_large_image","twitter_misc":{"Gesch\u00e4tzte Lesezeit":"1\u00a0Minute"},"schema":{"@context":"https:\/\/schema.org","@graph":[{"@type":"WebPage","@id":"https:\/\/urban-vitamin.com\/de\/produkt\/anaheim-rcs-recycelter-10w-speaker15w-charger-schwarz\/","url":"https:\/\/urban-vitamin.com\/de\/produkt\/anaheim-rcs-recycelter-10w-speaker15w-charger-schwarz\/","name":"Anaheim RCS recycelter 10W Speaker,15W Charger, schwarz - Urban Vitamin","isPartOf":{"@id":"https:\/\/urban-vitamin.com\/de\/#website"},"primaryImageOfPage":{"@id":"https:\/\/urban-vitamin.com\/de\/produkt\/anaheim-rcs-recycelter-10w-speaker15w-charger-schwarz\/#primaryimage"},"image":{"@id":"https:\/\/urban-vitamin.com\/de\/produkt\/anaheim-rcs-recycelter-10w-speaker15w-charger-schwarz\/#primaryimage"},"thumbnailUrl":"https:\/\/urban-vitamin.com\/wp-content\/uploads\/sites\/5\/2025\/02\/P331.5801__S_0__7d1ee70b390a423885139042e37abd40.jpg","datePublished":"2026-03-12T01:08:40+00:00","dateModified":"2026-03-12T02:09:05+00:00","breadcrumb":{"@id":"https:\/\/urban-vitamin.com\/de\/produkt\/anaheim-rcs-recycelter-10w-speaker15w-charger-schwarz\/#breadcrumb"},"inLanguage":"de","potentialAction":[{"@type":"ReadAction","target":["https:\/\/urban-vitamin.com\/de\/produkt\/anaheim-rcs-recycelter-10w-speaker15w-charger-schwarz\/"]}]},{"@type":"ImageObject","inLanguage":"de","@id":"https:\/\/urban-vitamin.com\/de\/produkt\/anaheim-rcs-recycelter-10w-speaker15w-charger-schwarz\/#primaryimage","url":"https:\/\/urban-vitamin.com\/wp-content\/uploads\/sites\/5\/2025\/02\/P331.5801__S_0__7d1ee70b390a423885139042e37abd40.jpg","contentUrl":"https:\/\/urban-vitamin.com\/wp-content\/uploads\/sites\/5\/2025\/02\/P331.5801__S_0__7d1ee70b390a423885139042e37abd40.jpg","width":1024,"height":1024},{"@type":"BreadcrumbList","@id":"https:\/\/urban-vitamin.com\/de\/produkt\/anaheim-rcs-recycelter-10w-speaker15w-charger-schwarz\/#breadcrumb","itemListElement":[{"@type":"ListItem","position":1,"name":"Home","item":"https:\/\/urban-vitamin.com\/de\/"},{"@type":"ListItem","position":2,"name":"Kollektion","item":"https:\/\/urban-vitamin.com\/de\/kollektion\/"},{"@type":"ListItem","position":3,"name":"Anaheim RCS recycelter 10W Speaker,15W Charger, schwarz"}]},{"@type":"WebSite","@id":"https:\/\/urban-vitamin.com\/de\/#website","url":"https:\/\/urban-vitamin.com\/de\/","name":"Urban Vitamin","description":"Enjoy your daily dose of Urban Vitamin!","potentialAction":[{"@type":"SearchAction","target":{"@type":"EntryPoint","urlTemplate":"https:\/\/urban-vitamin.com\/de\/?s={search_term_string}"},"query-input":{"@type":"PropertyValueSpecification","valueRequired":true,"valueName":"search_term_string"}}],"inLanguage":"de"}]}},"_links":{"self":[{"href":"https:\/\/urban-vitamin.com\/de\/wp-json\/wp\/v2\/product\/22141","targetHints":{"allow":["GET"]}}],"collection":[{"href":"https:\/\/urban-vitamin.com\/de\/wp-json\/wp\/v2\/product"}],"about":[{"href":"https:\/\/urban-vitamin.com\/de\/wp-json\/wp\/v2\/types\/product"}],"replies":[{"embeddable":true,"href":"https:\/\/urban-vitamin.com\/de\/wp-json\/wp\/v2\/comments?post=22141"}],"wp:featuredmedia":[{"embeddable":true,"href":"https:\/\/urban-vitamin.com\/de\/wp-json\/wp\/v2\/media\/23381"}],"wp:attachment":[{"href":"https:\/\/urban-vitamin.com\/de\/wp-json\/wp\/v2\/media?parent=22141"}],"wp:term":[{"taxonomy":"product_cat","embeddable":true,"href":"https:\/\/urban-vitamin.com\/de\/wp-json\/wp\/v2\/product_cat?post=22141"},{"taxonomy":"product_tag","embeddable":true,"href":"https:\/\/urban-vitamin.com\/de\/wp-json\/wp\/v2\/product_tag?post=22141"}],"curies":[{"name":"wp","href":"https:\/\/api.w.org\/{rel}","templated":true}]}}