{"id":22139,"date":"2026-03-12T01:08:40","date_gmt":"2026-03-12T01:08:40","guid":{"rendered":"https:\/\/urban-vitamin.com\/long-beach-enc-ohrhoerer-aus-rcs-rec-abs-schwarz\/"},"modified":"2026-03-12T02:09:00","modified_gmt":"2026-03-12T02:09:00","slug":"long-beach-enc-ohrhoerer-aus-rcs-rec-abs-schwarz","status":"publish","type":"product","link":"https:\/\/urban-vitamin.com\/de\/produkt\/long-beach-enc-ohrhoerer-aus-rcs-rec-abs-schwarz\/","title":{"rendered":"Long Beach ENC Ohrh\u00f6rer aus RCS rec. ABS, schwarz"},"content":{"rendered":"<p>Lernen Sie mit diesen Long Beach eine neue Generation stylischer Ohrh\u00f6rer kennen. Diese Ohrh\u00f6rer werden nicht in Ihr Ohr eingef\u00fchrt, sondern an Ihrem Ohr befestigt, sodass sie perfekt sitzen. So k\u00f6nnen Sie Ihre Lieblingsmusik genie\u00dfen, aber auch die Welt um sich herum h\u00f6ren. H\u00f6ren Sie Musik und das Leben gleichzeitig in sattem, privatem Klang. Da die Ohrh\u00f6rer nicht in Ihr Ohr eingef\u00fchrt werden, sind sie \u00e4u\u00dferst angenehm zu tragen. Akkulaufzeit 6,5h f\u00fcr den Ohrh\u00f6rer und 20h f\u00fcr das Etui. Mit ENC, um sicherzustellen, dass alle Ihre Anrufe in kristallklarer Qualit\u00e4t sind. IPX 4 wasserdicht. Die Long Beach Ohrh\u00f6rer  werden aus RCS (Recycled Claim Standard)-zertifiziert recyceltem ABS hergestellt. Gesamter recycelter Inhalt: 15% basierend auf dem Gesamtgewicht des Artikels. Urban Vitamin-Artikel werden ohne PVC hergestellt und in kunststoffreduzierten Verpackungen verpackt.<\/p>\n","protected":false},"excerpt":{"rendered":"<p>Lernen Sie mit diesen Long Beach eine neue Generation stylischer Ohrh\u00f6rer kennen. Diese Ohrh\u00f6rer werden nicht in Ihr Ohr eingef\u00fchrt, sondern an Ihrem Ohr befestigt, sodass sie perfekt sitzen. So k\u00f6nnen Sie Ihre Lieblingsmusik genie\u00dfen, aber auch die Welt um sich herum h\u00f6ren. H\u00f6ren Sie Musik und das Leben gleichzeitig in sattem, privatem Klang. Da [&hellip;]<\/p>\n","protected":false},"featured_media":23367,"comment_status":"closed","ping_status":"closed","template":"","meta":{"_acf_changed":false,"om_disable_all_campaigns":false},"product_cat":[68],"product_tag":[],"class_list":["post-22139","product","type-product","status-publish","has-post-thumbnail","hentry","product_cat-ohrhorer","pa_color-black"],"acf":[],"yoast_head":"<!-- This site is optimized with the Yoast SEO plugin v27.0 - https:\/\/yoast.com\/product\/yoast-seo-wordpress\/ -->\n<title>Long Beach ENC Ohrh\u00f6rer aus RCS rec. ABS, schwarz - Urban Vitamin<\/title>\n<meta name=\"robots\" content=\"index, follow, max-snippet:-1, max-image-preview:large, max-video-preview:-1\" \/>\n<link rel=\"canonical\" href=\"https:\/\/urban-vitamin.com\/de\/produkt\/long-beach-enc-ohrhoerer-aus-rcs-rec-abs-schwarz\/\" \/>\n<meta property=\"og:locale\" content=\"de_DE\" \/>\n<meta property=\"og:type\" content=\"article\" \/>\n<meta property=\"og:title\" content=\"Long Beach ENC Ohrh\u00f6rer aus RCS rec. ABS, schwarz - Urban Vitamin\" \/>\n<meta property=\"og:description\" content=\"Lernen Sie mit diesen Long Beach eine neue Generation stylischer Ohrh\u00f6rer kennen. Diese Ohrh\u00f6rer werden nicht in Ihr Ohr eingef\u00fchrt, sondern an Ihrem Ohr befestigt, sodass sie perfekt sitzen. So k\u00f6nnen Sie Ihre Lieblingsmusik genie\u00dfen, aber auch die Welt um sich herum h\u00f6ren. H\u00f6ren Sie Musik und das Leben gleichzeitig in sattem, privatem Klang. Da [&hellip;]\" \/>\n<meta property=\"og:url\" content=\"https:\/\/urban-vitamin.com\/de\/produkt\/long-beach-enc-ohrhoerer-aus-rcs-rec-abs-schwarz\/\" \/>\n<meta property=\"og:site_name\" content=\"Urban Vitamin\" \/>\n<meta property=\"article:modified_time\" content=\"2026-03-12T02:09:00+00:00\" \/>\n<meta property=\"og:image\" content=\"https:\/\/urban-vitamin.com\/wp-content\/uploads\/sites\/5\/2025\/02\/P331.5601__S_0__2d8a9028a0c34affa25c3778ab6822f6.jpg\" \/>\n\t<meta property=\"og:image:width\" content=\"1024\" \/>\n\t<meta property=\"og:image:height\" content=\"1024\" \/>\n\t<meta property=\"og:image:type\" content=\"image\/jpeg\" \/>\n<meta name=\"twitter:card\" content=\"summary_large_image\" \/>\n<meta name=\"twitter:label1\" content=\"Gesch\u00e4tzte Lesezeit\" \/>\n\t<meta name=\"twitter:data1\" content=\"1\u00a0Minute\" \/>\n<script type=\"application\/ld+json\" class=\"yoast-schema-graph\">{\"@context\":\"https:\/\/schema.org\",\"@graph\":[{\"@type\":\"WebPage\",\"@id\":\"https:\/\/urban-vitamin.com\/de\/produkt\/long-beach-enc-ohrhoerer-aus-rcs-rec-abs-schwarz\/\",\"url\":\"https:\/\/urban-vitamin.com\/de\/produkt\/long-beach-enc-ohrhoerer-aus-rcs-rec-abs-schwarz\/\",\"name\":\"Long Beach ENC Ohrh\u00f6rer aus RCS rec. ABS, schwarz - Urban Vitamin\",\"isPartOf\":{\"@id\":\"https:\/\/urban-vitamin.com\/de\/#website\"},\"primaryImageOfPage\":{\"@id\":\"https:\/\/urban-vitamin.com\/de\/produkt\/long-beach-enc-ohrhoerer-aus-rcs-rec-abs-schwarz\/#primaryimage\"},\"image\":{\"@id\":\"https:\/\/urban-vitamin.com\/de\/produkt\/long-beach-enc-ohrhoerer-aus-rcs-rec-abs-schwarz\/#primaryimage\"},\"thumbnailUrl\":\"https:\/\/urban-vitamin.com\/wp-content\/uploads\/sites\/5\/2025\/02\/P331.5601__S_0__2d8a9028a0c34affa25c3778ab6822f6.jpg\",\"datePublished\":\"2026-03-12T01:08:40+00:00\",\"dateModified\":\"2026-03-12T02:09:00+00:00\",\"breadcrumb\":{\"@id\":\"https:\/\/urban-vitamin.com\/de\/produkt\/long-beach-enc-ohrhoerer-aus-rcs-rec-abs-schwarz\/#breadcrumb\"},\"inLanguage\":\"de\",\"potentialAction\":[{\"@type\":\"ReadAction\",\"target\":[\"https:\/\/urban-vitamin.com\/de\/produkt\/long-beach-enc-ohrhoerer-aus-rcs-rec-abs-schwarz\/\"]}]},{\"@type\":\"ImageObject\",\"inLanguage\":\"de\",\"@id\":\"https:\/\/urban-vitamin.com\/de\/produkt\/long-beach-enc-ohrhoerer-aus-rcs-rec-abs-schwarz\/#primaryimage\",\"url\":\"https:\/\/urban-vitamin.com\/wp-content\/uploads\/sites\/5\/2025\/02\/P331.5601__S_0__2d8a9028a0c34affa25c3778ab6822f6.jpg\",\"contentUrl\":\"https:\/\/urban-vitamin.com\/wp-content\/uploads\/sites\/5\/2025\/02\/P331.5601__S_0__2d8a9028a0c34affa25c3778ab6822f6.jpg\",\"width\":1024,\"height\":1024},{\"@type\":\"BreadcrumbList\",\"@id\":\"https:\/\/urban-vitamin.com\/de\/produkt\/long-beach-enc-ohrhoerer-aus-rcs-rec-abs-schwarz\/#breadcrumb\",\"itemListElement\":[{\"@type\":\"ListItem\",\"position\":1,\"name\":\"Home\",\"item\":\"https:\/\/urban-vitamin.com\/de\/\"},{\"@type\":\"ListItem\",\"position\":2,\"name\":\"Kollektion\",\"item\":\"https:\/\/urban-vitamin.com\/de\/kollektion\/\"},{\"@type\":\"ListItem\",\"position\":3,\"name\":\"Long Beach ENC Ohrh\u00f6rer aus RCS rec. ABS, schwarz\"}]},{\"@type\":\"WebSite\",\"@id\":\"https:\/\/urban-vitamin.com\/de\/#website\",\"url\":\"https:\/\/urban-vitamin.com\/de\/\",\"name\":\"Urban Vitamin\",\"description\":\"Enjoy your daily dose of Urban Vitamin!\",\"potentialAction\":[{\"@type\":\"SearchAction\",\"target\":{\"@type\":\"EntryPoint\",\"urlTemplate\":\"https:\/\/urban-vitamin.com\/de\/?s={search_term_string}\"},\"query-input\":{\"@type\":\"PropertyValueSpecification\",\"valueRequired\":true,\"valueName\":\"search_term_string\"}}],\"inLanguage\":\"de\"}]}<\/script>\n<!-- \/ Yoast SEO plugin. -->","yoast_head_json":{"title":"Long Beach ENC Ohrh\u00f6rer aus RCS rec. ABS, schwarz - Urban Vitamin","robots":{"index":"index","follow":"follow","max-snippet":"max-snippet:-1","max-image-preview":"max-image-preview:large","max-video-preview":"max-video-preview:-1"},"canonical":"https:\/\/urban-vitamin.com\/de\/produkt\/long-beach-enc-ohrhoerer-aus-rcs-rec-abs-schwarz\/","og_locale":"de_DE","og_type":"article","og_title":"Long Beach ENC Ohrh\u00f6rer aus RCS rec. ABS, schwarz - Urban Vitamin","og_description":"Lernen Sie mit diesen Long Beach eine neue Generation stylischer Ohrh\u00f6rer kennen. Diese Ohrh\u00f6rer werden nicht in Ihr Ohr eingef\u00fchrt, sondern an Ihrem Ohr befestigt, sodass sie perfekt sitzen. So k\u00f6nnen Sie Ihre Lieblingsmusik genie\u00dfen, aber auch die Welt um sich herum h\u00f6ren. H\u00f6ren Sie Musik und das Leben gleichzeitig in sattem, privatem Klang. Da [&hellip;]","og_url":"https:\/\/urban-vitamin.com\/de\/produkt\/long-beach-enc-ohrhoerer-aus-rcs-rec-abs-schwarz\/","og_site_name":"Urban Vitamin","article_modified_time":"2026-03-12T02:09:00+00:00","og_image":[{"width":1024,"height":1024,"url":"https:\/\/urban-vitamin.com\/wp-content\/uploads\/sites\/5\/2025\/02\/P331.5601__S_0__2d8a9028a0c34affa25c3778ab6822f6.jpg","type":"image\/jpeg"}],"twitter_card":"summary_large_image","twitter_misc":{"Gesch\u00e4tzte Lesezeit":"1\u00a0Minute"},"schema":{"@context":"https:\/\/schema.org","@graph":[{"@type":"WebPage","@id":"https:\/\/urban-vitamin.com\/de\/produkt\/long-beach-enc-ohrhoerer-aus-rcs-rec-abs-schwarz\/","url":"https:\/\/urban-vitamin.com\/de\/produkt\/long-beach-enc-ohrhoerer-aus-rcs-rec-abs-schwarz\/","name":"Long Beach ENC Ohrh\u00f6rer aus RCS rec. ABS, schwarz - Urban Vitamin","isPartOf":{"@id":"https:\/\/urban-vitamin.com\/de\/#website"},"primaryImageOfPage":{"@id":"https:\/\/urban-vitamin.com\/de\/produkt\/long-beach-enc-ohrhoerer-aus-rcs-rec-abs-schwarz\/#primaryimage"},"image":{"@id":"https:\/\/urban-vitamin.com\/de\/produkt\/long-beach-enc-ohrhoerer-aus-rcs-rec-abs-schwarz\/#primaryimage"},"thumbnailUrl":"https:\/\/urban-vitamin.com\/wp-content\/uploads\/sites\/5\/2025\/02\/P331.5601__S_0__2d8a9028a0c34affa25c3778ab6822f6.jpg","datePublished":"2026-03-12T01:08:40+00:00","dateModified":"2026-03-12T02:09:00+00:00","breadcrumb":{"@id":"https:\/\/urban-vitamin.com\/de\/produkt\/long-beach-enc-ohrhoerer-aus-rcs-rec-abs-schwarz\/#breadcrumb"},"inLanguage":"de","potentialAction":[{"@type":"ReadAction","target":["https:\/\/urban-vitamin.com\/de\/produkt\/long-beach-enc-ohrhoerer-aus-rcs-rec-abs-schwarz\/"]}]},{"@type":"ImageObject","inLanguage":"de","@id":"https:\/\/urban-vitamin.com\/de\/produkt\/long-beach-enc-ohrhoerer-aus-rcs-rec-abs-schwarz\/#primaryimage","url":"https:\/\/urban-vitamin.com\/wp-content\/uploads\/sites\/5\/2025\/02\/P331.5601__S_0__2d8a9028a0c34affa25c3778ab6822f6.jpg","contentUrl":"https:\/\/urban-vitamin.com\/wp-content\/uploads\/sites\/5\/2025\/02\/P331.5601__S_0__2d8a9028a0c34affa25c3778ab6822f6.jpg","width":1024,"height":1024},{"@type":"BreadcrumbList","@id":"https:\/\/urban-vitamin.com\/de\/produkt\/long-beach-enc-ohrhoerer-aus-rcs-rec-abs-schwarz\/#breadcrumb","itemListElement":[{"@type":"ListItem","position":1,"name":"Home","item":"https:\/\/urban-vitamin.com\/de\/"},{"@type":"ListItem","position":2,"name":"Kollektion","item":"https:\/\/urban-vitamin.com\/de\/kollektion\/"},{"@type":"ListItem","position":3,"name":"Long Beach ENC Ohrh\u00f6rer aus RCS rec. ABS, schwarz"}]},{"@type":"WebSite","@id":"https:\/\/urban-vitamin.com\/de\/#website","url":"https:\/\/urban-vitamin.com\/de\/","name":"Urban Vitamin","description":"Enjoy your daily dose of Urban Vitamin!","potentialAction":[{"@type":"SearchAction","target":{"@type":"EntryPoint","urlTemplate":"https:\/\/urban-vitamin.com\/de\/?s={search_term_string}"},"query-input":{"@type":"PropertyValueSpecification","valueRequired":true,"valueName":"search_term_string"}}],"inLanguage":"de"}]}},"_links":{"self":[{"href":"https:\/\/urban-vitamin.com\/de\/wp-json\/wp\/v2\/product\/22139","targetHints":{"allow":["GET"]}}],"collection":[{"href":"https:\/\/urban-vitamin.com\/de\/wp-json\/wp\/v2\/product"}],"about":[{"href":"https:\/\/urban-vitamin.com\/de\/wp-json\/wp\/v2\/types\/product"}],"replies":[{"embeddable":true,"href":"https:\/\/urban-vitamin.com\/de\/wp-json\/wp\/v2\/comments?post=22139"}],"wp:featuredmedia":[{"embeddable":true,"href":"https:\/\/urban-vitamin.com\/de\/wp-json\/wp\/v2\/media\/23367"}],"wp:attachment":[{"href":"https:\/\/urban-vitamin.com\/de\/wp-json\/wp\/v2\/media?parent=22139"}],"wp:term":[{"taxonomy":"product_cat","embeddable":true,"href":"https:\/\/urban-vitamin.com\/de\/wp-json\/wp\/v2\/product_cat?post=22139"},{"taxonomy":"product_tag","embeddable":true,"href":"https:\/\/urban-vitamin.com\/de\/wp-json\/wp\/v2\/product_tag?post=22139"}],"curies":[{"name":"wp","href":"https:\/\/api.w.org\/{rel}","templated":true}]}}