{"id":22138,"date":"2026-03-12T01:08:06","date_gmt":"2026-03-12T01:08:06","guid":{"rendered":"https:\/\/urban-vitamin.com\/menlo-park-rcs-rplastik-20000-20w-pd-powerbank-schwarz\/"},"modified":"2026-03-12T02:08:15","modified_gmt":"2026-03-12T02:08:15","slug":"menlo-park-rcs-rplastik-20000-20w-pd-powerbank-schwarz","status":"publish","type":"product","link":"https:\/\/urban-vitamin.com\/de\/produkt\/menlo-park-rcs-rplastik-20000-20w-pd-powerbank-schwarz\/","title":{"rendered":"Menlo Park RCS rPlastik 20000 20W PD Powerbank, schwarz"},"content":{"rendered":"<p>Lernen Sie den neuen Standard f\u00fcr tragbare Ladeger\u00e4te kennen. Menlo Park ist eine 20.000mAh-Powerbank, mit der Sie alle Ihre mobilen Ger\u00e4te mit H\u00f6chstgeschwindigkeit aufladen k\u00f6nnen. Menlo Park l\u00e4dt nicht nur mit H\u00f6chstgeschwindigkeit auf, sondern bietet auch die schnellstm\u00f6gliche M\u00f6glichkeit, die Powerbank selbst wieder aufzuladen. Menlo Park verf\u00fcgt \u00fcber einen doppelten USB-Ausgang, sodass Sie zwei Ger\u00e4te gleichzeitig aufladen k\u00f6nnen. Eines \u00fcber einen Type-C-Port und eines \u00fcber ein Type-C-Kabel. Beide bieten superschnelles PD-Laden mit bis zu 20W. Menlo Park wird aus RCS (Recycled Claim Standard)-zertifiziert recyceltem ABS und PC hergestellt. Gesamter recycelter Inhalt: 20% basierend auf dem Gesamtgewicht des Artikels. Urban Vitamin-Artikel werden ohne PVC hergestellt und in kunststoffreduzierten Verpackungen verpackt.<\/p>\n","protected":false},"excerpt":{"rendered":"<p>Lernen Sie den neuen Standard f\u00fcr tragbare Ladeger\u00e4te kennen. Menlo Park ist eine 20.000mAh-Powerbank, mit der Sie alle Ihre mobilen Ger\u00e4te mit H\u00f6chstgeschwindigkeit aufladen k\u00f6nnen. Menlo Park l\u00e4dt nicht nur mit H\u00f6chstgeschwindigkeit auf, sondern bietet auch die schnellstm\u00f6gliche M\u00f6glichkeit, die Powerbank selbst wieder aufzuladen. Menlo Park verf\u00fcgt \u00fcber einen doppelten USB-Ausgang, sodass Sie zwei Ger\u00e4te [&hellip;]<\/p>\n","protected":false},"featured_media":23360,"comment_status":"closed","ping_status":"closed","template":"","meta":{"_acf_changed":false,"om_disable_all_campaigns":false},"product_cat":[70],"product_tag":[],"class_list":["post-22138","product","type-product","status-publish","has-post-thumbnail","hentry","product_cat-powerbanks-de","pa_color-black"],"acf":[],"yoast_head":"<!-- This site is optimized with the Yoast SEO plugin v27.0 - https:\/\/yoast.com\/product\/yoast-seo-wordpress\/ -->\n<title>Menlo Park RCS rPlastik 20000 20W PD Powerbank, schwarz - Urban Vitamin<\/title>\n<meta name=\"robots\" content=\"index, follow, max-snippet:-1, max-image-preview:large, max-video-preview:-1\" \/>\n<link rel=\"canonical\" href=\"https:\/\/urban-vitamin.com\/de\/produkt\/menlo-park-rcs-rplastik-20000-20w-pd-powerbank-schwarz\/\" \/>\n<meta property=\"og:locale\" content=\"de_DE\" \/>\n<meta property=\"og:type\" content=\"article\" \/>\n<meta property=\"og:title\" content=\"Menlo Park RCS rPlastik 20000 20W PD Powerbank, schwarz - Urban Vitamin\" \/>\n<meta property=\"og:description\" content=\"Lernen Sie den neuen Standard f\u00fcr tragbare Ladeger\u00e4te kennen. Menlo Park ist eine 20.000mAh-Powerbank, mit der Sie alle Ihre mobilen Ger\u00e4te mit H\u00f6chstgeschwindigkeit aufladen k\u00f6nnen. Menlo Park l\u00e4dt nicht nur mit H\u00f6chstgeschwindigkeit auf, sondern bietet auch die schnellstm\u00f6gliche M\u00f6glichkeit, die Powerbank selbst wieder aufzuladen. Menlo Park verf\u00fcgt \u00fcber einen doppelten USB-Ausgang, sodass Sie zwei Ger\u00e4te [&hellip;]\" \/>\n<meta property=\"og:url\" content=\"https:\/\/urban-vitamin.com\/de\/produkt\/menlo-park-rcs-rplastik-20000-20w-pd-powerbank-schwarz\/\" \/>\n<meta property=\"og:site_name\" content=\"Urban Vitamin\" \/>\n<meta property=\"article:modified_time\" content=\"2026-03-12T02:08:15+00:00\" \/>\n<meta property=\"og:image\" content=\"https:\/\/urban-vitamin.com\/wp-content\/uploads\/sites\/5\/2025\/02\/P322.8801__S_0__a0af84d8d40041d18ab35029cfaf621a.jpg\" \/>\n\t<meta property=\"og:image:width\" content=\"1024\" \/>\n\t<meta property=\"og:image:height\" content=\"1024\" \/>\n\t<meta property=\"og:image:type\" content=\"image\/jpeg\" \/>\n<meta name=\"twitter:card\" content=\"summary_large_image\" \/>\n<meta name=\"twitter:label1\" content=\"Gesch\u00e4tzte Lesezeit\" \/>\n\t<meta name=\"twitter:data1\" content=\"1\u00a0Minute\" \/>\n<script type=\"application\/ld+json\" class=\"yoast-schema-graph\">{\"@context\":\"https:\/\/schema.org\",\"@graph\":[{\"@type\":\"WebPage\",\"@id\":\"https:\/\/urban-vitamin.com\/de\/produkt\/menlo-park-rcs-rplastik-20000-20w-pd-powerbank-schwarz\/\",\"url\":\"https:\/\/urban-vitamin.com\/de\/produkt\/menlo-park-rcs-rplastik-20000-20w-pd-powerbank-schwarz\/\",\"name\":\"Menlo Park RCS rPlastik 20000 20W PD Powerbank, schwarz - Urban Vitamin\",\"isPartOf\":{\"@id\":\"https:\/\/urban-vitamin.com\/de\/#website\"},\"primaryImageOfPage\":{\"@id\":\"https:\/\/urban-vitamin.com\/de\/produkt\/menlo-park-rcs-rplastik-20000-20w-pd-powerbank-schwarz\/#primaryimage\"},\"image\":{\"@id\":\"https:\/\/urban-vitamin.com\/de\/produkt\/menlo-park-rcs-rplastik-20000-20w-pd-powerbank-schwarz\/#primaryimage\"},\"thumbnailUrl\":\"https:\/\/urban-vitamin.com\/wp-content\/uploads\/sites\/5\/2025\/02\/P322.8801__S_0__a0af84d8d40041d18ab35029cfaf621a.jpg\",\"datePublished\":\"2026-03-12T01:08:06+00:00\",\"dateModified\":\"2026-03-12T02:08:15+00:00\",\"breadcrumb\":{\"@id\":\"https:\/\/urban-vitamin.com\/de\/produkt\/menlo-park-rcs-rplastik-20000-20w-pd-powerbank-schwarz\/#breadcrumb\"},\"inLanguage\":\"de\",\"potentialAction\":[{\"@type\":\"ReadAction\",\"target\":[\"https:\/\/urban-vitamin.com\/de\/produkt\/menlo-park-rcs-rplastik-20000-20w-pd-powerbank-schwarz\/\"]}]},{\"@type\":\"ImageObject\",\"inLanguage\":\"de\",\"@id\":\"https:\/\/urban-vitamin.com\/de\/produkt\/menlo-park-rcs-rplastik-20000-20w-pd-powerbank-schwarz\/#primaryimage\",\"url\":\"https:\/\/urban-vitamin.com\/wp-content\/uploads\/sites\/5\/2025\/02\/P322.8801__S_0__a0af84d8d40041d18ab35029cfaf621a.jpg\",\"contentUrl\":\"https:\/\/urban-vitamin.com\/wp-content\/uploads\/sites\/5\/2025\/02\/P322.8801__S_0__a0af84d8d40041d18ab35029cfaf621a.jpg\",\"width\":1024,\"height\":1024},{\"@type\":\"BreadcrumbList\",\"@id\":\"https:\/\/urban-vitamin.com\/de\/produkt\/menlo-park-rcs-rplastik-20000-20w-pd-powerbank-schwarz\/#breadcrumb\",\"itemListElement\":[{\"@type\":\"ListItem\",\"position\":1,\"name\":\"Home\",\"item\":\"https:\/\/urban-vitamin.com\/de\/\"},{\"@type\":\"ListItem\",\"position\":2,\"name\":\"Kollektion\",\"item\":\"https:\/\/urban-vitamin.com\/de\/kollektion\/\"},{\"@type\":\"ListItem\",\"position\":3,\"name\":\"Menlo Park RCS rPlastik 20000 20W PD Powerbank, schwarz\"}]},{\"@type\":\"WebSite\",\"@id\":\"https:\/\/urban-vitamin.com\/de\/#website\",\"url\":\"https:\/\/urban-vitamin.com\/de\/\",\"name\":\"Urban Vitamin\",\"description\":\"Enjoy your daily dose of Urban Vitamin!\",\"potentialAction\":[{\"@type\":\"SearchAction\",\"target\":{\"@type\":\"EntryPoint\",\"urlTemplate\":\"https:\/\/urban-vitamin.com\/de\/?s={search_term_string}\"},\"query-input\":{\"@type\":\"PropertyValueSpecification\",\"valueRequired\":true,\"valueName\":\"search_term_string\"}}],\"inLanguage\":\"de\"}]}<\/script>\n<!-- \/ Yoast SEO plugin. -->","yoast_head_json":{"title":"Menlo Park RCS rPlastik 20000 20W PD Powerbank, schwarz - Urban Vitamin","robots":{"index":"index","follow":"follow","max-snippet":"max-snippet:-1","max-image-preview":"max-image-preview:large","max-video-preview":"max-video-preview:-1"},"canonical":"https:\/\/urban-vitamin.com\/de\/produkt\/menlo-park-rcs-rplastik-20000-20w-pd-powerbank-schwarz\/","og_locale":"de_DE","og_type":"article","og_title":"Menlo Park RCS rPlastik 20000 20W PD Powerbank, schwarz - Urban Vitamin","og_description":"Lernen Sie den neuen Standard f\u00fcr tragbare Ladeger\u00e4te kennen. Menlo Park ist eine 20.000mAh-Powerbank, mit der Sie alle Ihre mobilen Ger\u00e4te mit H\u00f6chstgeschwindigkeit aufladen k\u00f6nnen. Menlo Park l\u00e4dt nicht nur mit H\u00f6chstgeschwindigkeit auf, sondern bietet auch die schnellstm\u00f6gliche M\u00f6glichkeit, die Powerbank selbst wieder aufzuladen. Menlo Park verf\u00fcgt \u00fcber einen doppelten USB-Ausgang, sodass Sie zwei Ger\u00e4te [&hellip;]","og_url":"https:\/\/urban-vitamin.com\/de\/produkt\/menlo-park-rcs-rplastik-20000-20w-pd-powerbank-schwarz\/","og_site_name":"Urban Vitamin","article_modified_time":"2026-03-12T02:08:15+00:00","og_image":[{"width":1024,"height":1024,"url":"https:\/\/urban-vitamin.com\/wp-content\/uploads\/sites\/5\/2025\/02\/P322.8801__S_0__a0af84d8d40041d18ab35029cfaf621a.jpg","type":"image\/jpeg"}],"twitter_card":"summary_large_image","twitter_misc":{"Gesch\u00e4tzte Lesezeit":"1\u00a0Minute"},"schema":{"@context":"https:\/\/schema.org","@graph":[{"@type":"WebPage","@id":"https:\/\/urban-vitamin.com\/de\/produkt\/menlo-park-rcs-rplastik-20000-20w-pd-powerbank-schwarz\/","url":"https:\/\/urban-vitamin.com\/de\/produkt\/menlo-park-rcs-rplastik-20000-20w-pd-powerbank-schwarz\/","name":"Menlo Park RCS rPlastik 20000 20W PD Powerbank, schwarz - Urban Vitamin","isPartOf":{"@id":"https:\/\/urban-vitamin.com\/de\/#website"},"primaryImageOfPage":{"@id":"https:\/\/urban-vitamin.com\/de\/produkt\/menlo-park-rcs-rplastik-20000-20w-pd-powerbank-schwarz\/#primaryimage"},"image":{"@id":"https:\/\/urban-vitamin.com\/de\/produkt\/menlo-park-rcs-rplastik-20000-20w-pd-powerbank-schwarz\/#primaryimage"},"thumbnailUrl":"https:\/\/urban-vitamin.com\/wp-content\/uploads\/sites\/5\/2025\/02\/P322.8801__S_0__a0af84d8d40041d18ab35029cfaf621a.jpg","datePublished":"2026-03-12T01:08:06+00:00","dateModified":"2026-03-12T02:08:15+00:00","breadcrumb":{"@id":"https:\/\/urban-vitamin.com\/de\/produkt\/menlo-park-rcs-rplastik-20000-20w-pd-powerbank-schwarz\/#breadcrumb"},"inLanguage":"de","potentialAction":[{"@type":"ReadAction","target":["https:\/\/urban-vitamin.com\/de\/produkt\/menlo-park-rcs-rplastik-20000-20w-pd-powerbank-schwarz\/"]}]},{"@type":"ImageObject","inLanguage":"de","@id":"https:\/\/urban-vitamin.com\/de\/produkt\/menlo-park-rcs-rplastik-20000-20w-pd-powerbank-schwarz\/#primaryimage","url":"https:\/\/urban-vitamin.com\/wp-content\/uploads\/sites\/5\/2025\/02\/P322.8801__S_0__a0af84d8d40041d18ab35029cfaf621a.jpg","contentUrl":"https:\/\/urban-vitamin.com\/wp-content\/uploads\/sites\/5\/2025\/02\/P322.8801__S_0__a0af84d8d40041d18ab35029cfaf621a.jpg","width":1024,"height":1024},{"@type":"BreadcrumbList","@id":"https:\/\/urban-vitamin.com\/de\/produkt\/menlo-park-rcs-rplastik-20000-20w-pd-powerbank-schwarz\/#breadcrumb","itemListElement":[{"@type":"ListItem","position":1,"name":"Home","item":"https:\/\/urban-vitamin.com\/de\/"},{"@type":"ListItem","position":2,"name":"Kollektion","item":"https:\/\/urban-vitamin.com\/de\/kollektion\/"},{"@type":"ListItem","position":3,"name":"Menlo Park RCS rPlastik 20000 20W PD Powerbank, schwarz"}]},{"@type":"WebSite","@id":"https:\/\/urban-vitamin.com\/de\/#website","url":"https:\/\/urban-vitamin.com\/de\/","name":"Urban Vitamin","description":"Enjoy your daily dose of Urban Vitamin!","potentialAction":[{"@type":"SearchAction","target":{"@type":"EntryPoint","urlTemplate":"https:\/\/urban-vitamin.com\/de\/?s={search_term_string}"},"query-input":{"@type":"PropertyValueSpecification","valueRequired":true,"valueName":"search_term_string"}}],"inLanguage":"de"}]}},"_links":{"self":[{"href":"https:\/\/urban-vitamin.com\/de\/wp-json\/wp\/v2\/product\/22138","targetHints":{"allow":["GET"]}}],"collection":[{"href":"https:\/\/urban-vitamin.com\/de\/wp-json\/wp\/v2\/product"}],"about":[{"href":"https:\/\/urban-vitamin.com\/de\/wp-json\/wp\/v2\/types\/product"}],"replies":[{"embeddable":true,"href":"https:\/\/urban-vitamin.com\/de\/wp-json\/wp\/v2\/comments?post=22138"}],"wp:featuredmedia":[{"embeddable":true,"href":"https:\/\/urban-vitamin.com\/de\/wp-json\/wp\/v2\/media\/23360"}],"wp:attachment":[{"href":"https:\/\/urban-vitamin.com\/de\/wp-json\/wp\/v2\/media?parent=22138"}],"wp:term":[{"taxonomy":"product_cat","embeddable":true,"href":"https:\/\/urban-vitamin.com\/de\/wp-json\/wp\/v2\/product_cat?post=22138"},{"taxonomy":"product_tag","embeddable":true,"href":"https:\/\/urban-vitamin.com\/de\/wp-json\/wp\/v2\/product_tag?post=22138"}],"curies":[{"name":"wp","href":"https:\/\/api.w.org\/{rel}","templated":true}]}}