{"id":22136,"date":"2026-03-12T01:06:22","date_gmt":"2026-03-12T01:06:22","guid":{"rendered":"https:\/\/urban-vitamin.com\/torrance-3-in-1-15w-magnetladegeraet-schwarz\/"},"modified":"2026-03-12T02:06:37","modified_gmt":"2026-03-12T02:06:37","slug":"torrance-3-in-1-15w-magnetladegeraet-schwarz","status":"publish","type":"product","link":"https:\/\/urban-vitamin.com\/de\/produkt\/torrance-3-in-1-15w-magnetladegeraet-schwarz\/","title":{"rendered":"Torrance 3-in-1 15W-Magnetladeger\u00e4t, schwarz"},"content":{"rendered":"<p>M\u00f6chten Sie alle Ihre Ger\u00e4te gleichzeitig mit voller Geschwindigkeit aufladen? Torrance hat mit seinem ultraschnellen 15W-Magnetladeger\u00e4t die L\u00f6sung f\u00fcr Sie. Das kabellose Ladeger\u00e4t kann sowohl als St\u00e4nder als auch flach verwendet werden. Verwenden Sie es als St\u00e4nder, um magnetische Ladetelefone aufzuladen, oder verwenden Sie es flach f\u00fcr jedes andere kabellose Telefon. Verwenden Sie die mittlere 5W-Ladestation, um ein zweites Telefon oder Ohrh\u00f6rer aufzuladen. Um das Ganze abzurunden, verwenden Sie das Uhrenladeger\u00e4t, um die neuesten Generationen der iWatch aufzuladen. Torrance wird mit einem 120cm recycelten TPE-Kabel f\u00fcr eine einfache Aufstellung auf Ihrem Schreibtisch oder Nachttisch geliefert. Schlie\u00dfen Sie es einfach an eine Schnellladestation (mind. 9V\/2A) an, um loszulegen. Torrance wird aus RCS recyceltem ABS hergestellt. Gesamter recycelter Inhalt: 37% basierend auf dem Gesamtgewicht des Artikels. PVC-frei hergestellt und in kunststoffreduzierter Verpackung.<\/p>\n","protected":false},"excerpt":{"rendered":"<p>M\u00f6chten Sie alle Ihre Ger\u00e4te gleichzeitig mit voller Geschwindigkeit aufladen? Torrance hat mit seinem ultraschnellen 15W-Magnetladeger\u00e4t die L\u00f6sung f\u00fcr Sie. Das kabellose Ladeger\u00e4t kann sowohl als St\u00e4nder als auch flach verwendet werden. Verwenden Sie es als St\u00e4nder, um magnetische Ladetelefone aufzuladen, oder verwenden Sie es flach f\u00fcr jedes andere kabellose Telefon. Verwenden Sie die mittlere [&hellip;]<\/p>\n","protected":false},"featured_media":23346,"comment_status":"closed","ping_status":"closed","template":"","meta":{"_acf_changed":false,"om_disable_all_campaigns":false},"product_cat":[72],"product_tag":[],"class_list":["post-22136","product","type-product","status-publish","has-post-thumbnail","hentry","product_cat-ladegerate","pa_color-black"],"acf":[],"yoast_head":"<!-- This site is optimized with the Yoast SEO plugin v27.0 - https:\/\/yoast.com\/product\/yoast-seo-wordpress\/ -->\n<title>Torrance 3-in-1 15W-Magnetladeger\u00e4t, schwarz - Urban Vitamin<\/title>\n<meta name=\"robots\" content=\"index, follow, max-snippet:-1, max-image-preview:large, max-video-preview:-1\" \/>\n<link rel=\"canonical\" href=\"https:\/\/urban-vitamin.com\/de\/produkt\/torrance-3-in-1-15w-magnetladegeraet-schwarz\/\" \/>\n<meta property=\"og:locale\" content=\"de_DE\" \/>\n<meta property=\"og:type\" content=\"article\" \/>\n<meta property=\"og:title\" content=\"Torrance 3-in-1 15W-Magnetladeger\u00e4t, schwarz - Urban Vitamin\" \/>\n<meta property=\"og:description\" content=\"M\u00f6chten Sie alle Ihre Ger\u00e4te gleichzeitig mit voller Geschwindigkeit aufladen? Torrance hat mit seinem ultraschnellen 15W-Magnetladeger\u00e4t die L\u00f6sung f\u00fcr Sie. Das kabellose Ladeger\u00e4t kann sowohl als St\u00e4nder als auch flach verwendet werden. Verwenden Sie es als St\u00e4nder, um magnetische Ladetelefone aufzuladen, oder verwenden Sie es flach f\u00fcr jedes andere kabellose Telefon. Verwenden Sie die mittlere [&hellip;]\" \/>\n<meta property=\"og:url\" content=\"https:\/\/urban-vitamin.com\/de\/produkt\/torrance-3-in-1-15w-magnetladegeraet-schwarz\/\" \/>\n<meta property=\"og:site_name\" content=\"Urban Vitamin\" \/>\n<meta property=\"article:modified_time\" content=\"2026-03-12T02:06:37+00:00\" \/>\n<meta property=\"og:image\" content=\"https:\/\/urban-vitamin.com\/wp-content\/uploads\/sites\/5\/2025\/02\/P309.5001__S_0__4408df0962104331a5cef513a00424ff.jpg\" \/>\n\t<meta property=\"og:image:width\" content=\"1024\" \/>\n\t<meta property=\"og:image:height\" content=\"1024\" \/>\n\t<meta property=\"og:image:type\" content=\"image\/jpeg\" \/>\n<meta name=\"twitter:card\" content=\"summary_large_image\" \/>\n<meta name=\"twitter:label1\" content=\"Gesch\u00e4tzte Lesezeit\" \/>\n\t<meta name=\"twitter:data1\" content=\"1\u00a0Minute\" \/>\n<script type=\"application\/ld+json\" class=\"yoast-schema-graph\">{\"@context\":\"https:\/\/schema.org\",\"@graph\":[{\"@type\":\"WebPage\",\"@id\":\"https:\/\/urban-vitamin.com\/de\/produkt\/torrance-3-in-1-15w-magnetladegeraet-schwarz\/\",\"url\":\"https:\/\/urban-vitamin.com\/de\/produkt\/torrance-3-in-1-15w-magnetladegeraet-schwarz\/\",\"name\":\"Torrance 3-in-1 15W-Magnetladeger\u00e4t, schwarz - Urban Vitamin\",\"isPartOf\":{\"@id\":\"https:\/\/urban-vitamin.com\/de\/#website\"},\"primaryImageOfPage\":{\"@id\":\"https:\/\/urban-vitamin.com\/de\/produkt\/torrance-3-in-1-15w-magnetladegeraet-schwarz\/#primaryimage\"},\"image\":{\"@id\":\"https:\/\/urban-vitamin.com\/de\/produkt\/torrance-3-in-1-15w-magnetladegeraet-schwarz\/#primaryimage\"},\"thumbnailUrl\":\"https:\/\/urban-vitamin.com\/wp-content\/uploads\/sites\/5\/2025\/02\/P309.5001__S_0__4408df0962104331a5cef513a00424ff.jpg\",\"datePublished\":\"2026-03-12T01:06:22+00:00\",\"dateModified\":\"2026-03-12T02:06:37+00:00\",\"breadcrumb\":{\"@id\":\"https:\/\/urban-vitamin.com\/de\/produkt\/torrance-3-in-1-15w-magnetladegeraet-schwarz\/#breadcrumb\"},\"inLanguage\":\"de\",\"potentialAction\":[{\"@type\":\"ReadAction\",\"target\":[\"https:\/\/urban-vitamin.com\/de\/produkt\/torrance-3-in-1-15w-magnetladegeraet-schwarz\/\"]}]},{\"@type\":\"ImageObject\",\"inLanguage\":\"de\",\"@id\":\"https:\/\/urban-vitamin.com\/de\/produkt\/torrance-3-in-1-15w-magnetladegeraet-schwarz\/#primaryimage\",\"url\":\"https:\/\/urban-vitamin.com\/wp-content\/uploads\/sites\/5\/2025\/02\/P309.5001__S_0__4408df0962104331a5cef513a00424ff.jpg\",\"contentUrl\":\"https:\/\/urban-vitamin.com\/wp-content\/uploads\/sites\/5\/2025\/02\/P309.5001__S_0__4408df0962104331a5cef513a00424ff.jpg\",\"width\":1024,\"height\":1024},{\"@type\":\"BreadcrumbList\",\"@id\":\"https:\/\/urban-vitamin.com\/de\/produkt\/torrance-3-in-1-15w-magnetladegeraet-schwarz\/#breadcrumb\",\"itemListElement\":[{\"@type\":\"ListItem\",\"position\":1,\"name\":\"Home\",\"item\":\"https:\/\/urban-vitamin.com\/de\/\"},{\"@type\":\"ListItem\",\"position\":2,\"name\":\"Kollektion\",\"item\":\"https:\/\/urban-vitamin.com\/de\/kollektion\/\"},{\"@type\":\"ListItem\",\"position\":3,\"name\":\"Torrance 3-in-1 15W-Magnetladeger\u00e4t, schwarz\"}]},{\"@type\":\"WebSite\",\"@id\":\"https:\/\/urban-vitamin.com\/de\/#website\",\"url\":\"https:\/\/urban-vitamin.com\/de\/\",\"name\":\"Urban Vitamin\",\"description\":\"Enjoy your daily dose of Urban Vitamin!\",\"potentialAction\":[{\"@type\":\"SearchAction\",\"target\":{\"@type\":\"EntryPoint\",\"urlTemplate\":\"https:\/\/urban-vitamin.com\/de\/?s={search_term_string}\"},\"query-input\":{\"@type\":\"PropertyValueSpecification\",\"valueRequired\":true,\"valueName\":\"search_term_string\"}}],\"inLanguage\":\"de\"}]}<\/script>\n<!-- \/ Yoast SEO plugin. -->","yoast_head_json":{"title":"Torrance 3-in-1 15W-Magnetladeger\u00e4t, schwarz - Urban Vitamin","robots":{"index":"index","follow":"follow","max-snippet":"max-snippet:-1","max-image-preview":"max-image-preview:large","max-video-preview":"max-video-preview:-1"},"canonical":"https:\/\/urban-vitamin.com\/de\/produkt\/torrance-3-in-1-15w-magnetladegeraet-schwarz\/","og_locale":"de_DE","og_type":"article","og_title":"Torrance 3-in-1 15W-Magnetladeger\u00e4t, schwarz - Urban Vitamin","og_description":"M\u00f6chten Sie alle Ihre Ger\u00e4te gleichzeitig mit voller Geschwindigkeit aufladen? Torrance hat mit seinem ultraschnellen 15W-Magnetladeger\u00e4t die L\u00f6sung f\u00fcr Sie. Das kabellose Ladeger\u00e4t kann sowohl als St\u00e4nder als auch flach verwendet werden. Verwenden Sie es als St\u00e4nder, um magnetische Ladetelefone aufzuladen, oder verwenden Sie es flach f\u00fcr jedes andere kabellose Telefon. Verwenden Sie die mittlere [&hellip;]","og_url":"https:\/\/urban-vitamin.com\/de\/produkt\/torrance-3-in-1-15w-magnetladegeraet-schwarz\/","og_site_name":"Urban Vitamin","article_modified_time":"2026-03-12T02:06:37+00:00","og_image":[{"width":1024,"height":1024,"url":"https:\/\/urban-vitamin.com\/wp-content\/uploads\/sites\/5\/2025\/02\/P309.5001__S_0__4408df0962104331a5cef513a00424ff.jpg","type":"image\/jpeg"}],"twitter_card":"summary_large_image","twitter_misc":{"Gesch\u00e4tzte Lesezeit":"1\u00a0Minute"},"schema":{"@context":"https:\/\/schema.org","@graph":[{"@type":"WebPage","@id":"https:\/\/urban-vitamin.com\/de\/produkt\/torrance-3-in-1-15w-magnetladegeraet-schwarz\/","url":"https:\/\/urban-vitamin.com\/de\/produkt\/torrance-3-in-1-15w-magnetladegeraet-schwarz\/","name":"Torrance 3-in-1 15W-Magnetladeger\u00e4t, schwarz - Urban Vitamin","isPartOf":{"@id":"https:\/\/urban-vitamin.com\/de\/#website"},"primaryImageOfPage":{"@id":"https:\/\/urban-vitamin.com\/de\/produkt\/torrance-3-in-1-15w-magnetladegeraet-schwarz\/#primaryimage"},"image":{"@id":"https:\/\/urban-vitamin.com\/de\/produkt\/torrance-3-in-1-15w-magnetladegeraet-schwarz\/#primaryimage"},"thumbnailUrl":"https:\/\/urban-vitamin.com\/wp-content\/uploads\/sites\/5\/2025\/02\/P309.5001__S_0__4408df0962104331a5cef513a00424ff.jpg","datePublished":"2026-03-12T01:06:22+00:00","dateModified":"2026-03-12T02:06:37+00:00","breadcrumb":{"@id":"https:\/\/urban-vitamin.com\/de\/produkt\/torrance-3-in-1-15w-magnetladegeraet-schwarz\/#breadcrumb"},"inLanguage":"de","potentialAction":[{"@type":"ReadAction","target":["https:\/\/urban-vitamin.com\/de\/produkt\/torrance-3-in-1-15w-magnetladegeraet-schwarz\/"]}]},{"@type":"ImageObject","inLanguage":"de","@id":"https:\/\/urban-vitamin.com\/de\/produkt\/torrance-3-in-1-15w-magnetladegeraet-schwarz\/#primaryimage","url":"https:\/\/urban-vitamin.com\/wp-content\/uploads\/sites\/5\/2025\/02\/P309.5001__S_0__4408df0962104331a5cef513a00424ff.jpg","contentUrl":"https:\/\/urban-vitamin.com\/wp-content\/uploads\/sites\/5\/2025\/02\/P309.5001__S_0__4408df0962104331a5cef513a00424ff.jpg","width":1024,"height":1024},{"@type":"BreadcrumbList","@id":"https:\/\/urban-vitamin.com\/de\/produkt\/torrance-3-in-1-15w-magnetladegeraet-schwarz\/#breadcrumb","itemListElement":[{"@type":"ListItem","position":1,"name":"Home","item":"https:\/\/urban-vitamin.com\/de\/"},{"@type":"ListItem","position":2,"name":"Kollektion","item":"https:\/\/urban-vitamin.com\/de\/kollektion\/"},{"@type":"ListItem","position":3,"name":"Torrance 3-in-1 15W-Magnetladeger\u00e4t, schwarz"}]},{"@type":"WebSite","@id":"https:\/\/urban-vitamin.com\/de\/#website","url":"https:\/\/urban-vitamin.com\/de\/","name":"Urban Vitamin","description":"Enjoy your daily dose of Urban Vitamin!","potentialAction":[{"@type":"SearchAction","target":{"@type":"EntryPoint","urlTemplate":"https:\/\/urban-vitamin.com\/de\/?s={search_term_string}"},"query-input":{"@type":"PropertyValueSpecification","valueRequired":true,"valueName":"search_term_string"}}],"inLanguage":"de"}]}},"_links":{"self":[{"href":"https:\/\/urban-vitamin.com\/de\/wp-json\/wp\/v2\/product\/22136","targetHints":{"allow":["GET"]}}],"collection":[{"href":"https:\/\/urban-vitamin.com\/de\/wp-json\/wp\/v2\/product"}],"about":[{"href":"https:\/\/urban-vitamin.com\/de\/wp-json\/wp\/v2\/types\/product"}],"replies":[{"embeddable":true,"href":"https:\/\/urban-vitamin.com\/de\/wp-json\/wp\/v2\/comments?post=22136"}],"wp:featuredmedia":[{"embeddable":true,"href":"https:\/\/urban-vitamin.com\/de\/wp-json\/wp\/v2\/media\/23346"}],"wp:attachment":[{"href":"https:\/\/urban-vitamin.com\/de\/wp-json\/wp\/v2\/media?parent=22136"}],"wp:term":[{"taxonomy":"product_cat","embeddable":true,"href":"https:\/\/urban-vitamin.com\/de\/wp-json\/wp\/v2\/product_cat?post=22136"},{"taxonomy":"product_tag","embeddable":true,"href":"https:\/\/urban-vitamin.com\/de\/wp-json\/wp\/v2\/product_tag?post=22136"}],"curies":[{"name":"wp","href":"https:\/\/api.w.org\/{rel}","templated":true}]}}