{"id":22135,"date":"2026-03-12T01:06:04","date_gmt":"2026-03-12T01:06:04","guid":{"rendered":"https:\/\/urban-vitamin.com\/santa-cruz-70w-gan-ladegeraet-aus-rcs-rec-pc-schwarz\/"},"modified":"2026-03-12T02:06:21","modified_gmt":"2026-03-12T02:06:21","slug":"santa-cruz-70w-gan-ladegeraet-aus-rcs-rec-pc-schwarz","status":"publish","type":"product","link":"https:\/\/urban-vitamin.com\/de\/produkt\/santa-cruz-70w-gan-ladegeraet-aus-rcs-rec-pc-schwarz\/","title":{"rendered":"Santa Cruz 70W GAN-Ladeger\u00e4t aus RCS rec. PC, schwarz"},"content":{"rendered":"<p>Lernen Sie das fortschrittlichste 70W-Ladeger\u00e4t kennen, das Sie sich w\u00fcnschen k\u00f6nnen. Santa Cruz ist ein 70W-PD-GAN-Ladeger\u00e4t mit EU-, USA- und UK-Stecker, das mit einem superschnellen Type-C-Anschluss und einem zus\u00e4tzlichen USB-A-Anschluss f\u00fcr ultimative Vielseitigkeit ausgestattet ist. GAN ist eine neue Ladetechnologie, die eine viel kleinere Gr\u00f6\u00dfe f\u00fcr leistungsstarke Adapter, weniger W\u00e4rmeentwicklung, mehr Sicherheit und eine h\u00f6here Energieeffizienz erm\u00f6glicht, sodass beim Ladevorgang weniger Energie verloren geht. Jedes Ger\u00e4t wird mit voller Geschwindigkeit aufgeladen, sogar Laptops. Monterey wird aus einem nach RCS (Recycled Claim Standard) zertifiziert recycelten, feuerfesten PC hergestellt. Gesamtanteil an recyceltem Material: 19% basierend auf dem Gesamtgewicht des Artikels. Urban Vitamin-Artikel werden ohne PVC hergestellt und in kunststoffreduzierten Verpackungen verpackt.<\/p>\n","protected":false},"excerpt":{"rendered":"<p>Lernen Sie das fortschrittlichste 70W-Ladeger\u00e4t kennen, das Sie sich w\u00fcnschen k\u00f6nnen. Santa Cruz ist ein 70W-PD-GAN-Ladeger\u00e4t mit EU-, USA- und UK-Stecker, das mit einem superschnellen Type-C-Anschluss und einem zus\u00e4tzlichen USB-A-Anschluss f\u00fcr ultimative Vielseitigkeit ausgestattet ist. GAN ist eine neue Ladetechnologie, die eine viel kleinere Gr\u00f6\u00dfe f\u00fcr leistungsstarke Adapter, weniger W\u00e4rmeentwicklung, mehr Sicherheit und eine h\u00f6here [&hellip;]<\/p>\n","protected":false},"featured_media":23332,"comment_status":"closed","ping_status":"closed","template":"","meta":{"_acf_changed":false,"om_disable_all_campaigns":false},"product_cat":[72],"product_tag":[],"class_list":["post-22135","product","type-product","status-publish","has-post-thumbnail","hentry","product_cat-ladegerate","pa_color-black"],"acf":[],"yoast_head":"<!-- This site is optimized with the Yoast SEO plugin v27.0 - https:\/\/yoast.com\/product\/yoast-seo-wordpress\/ -->\n<title>Santa Cruz 70W GAN-Ladeger\u00e4t aus RCS rec. PC, schwarz - Urban Vitamin<\/title>\n<meta name=\"robots\" content=\"index, follow, max-snippet:-1, max-image-preview:large, max-video-preview:-1\" \/>\n<link rel=\"canonical\" href=\"https:\/\/urban-vitamin.com\/de\/produkt\/santa-cruz-70w-gan-ladegeraet-aus-rcs-rec-pc-schwarz\/\" \/>\n<meta property=\"og:locale\" content=\"de_DE\" \/>\n<meta property=\"og:type\" content=\"article\" \/>\n<meta property=\"og:title\" content=\"Santa Cruz 70W GAN-Ladeger\u00e4t aus RCS rec. PC, schwarz - Urban Vitamin\" \/>\n<meta property=\"og:description\" content=\"Lernen Sie das fortschrittlichste 70W-Ladeger\u00e4t kennen, das Sie sich w\u00fcnschen k\u00f6nnen. Santa Cruz ist ein 70W-PD-GAN-Ladeger\u00e4t mit EU-, USA- und UK-Stecker, das mit einem superschnellen Type-C-Anschluss und einem zus\u00e4tzlichen USB-A-Anschluss f\u00fcr ultimative Vielseitigkeit ausgestattet ist. GAN ist eine neue Ladetechnologie, die eine viel kleinere Gr\u00f6\u00dfe f\u00fcr leistungsstarke Adapter, weniger W\u00e4rmeentwicklung, mehr Sicherheit und eine h\u00f6here [&hellip;]\" \/>\n<meta property=\"og:url\" content=\"https:\/\/urban-vitamin.com\/de\/produkt\/santa-cruz-70w-gan-ladegeraet-aus-rcs-rec-pc-schwarz\/\" \/>\n<meta property=\"og:site_name\" content=\"Urban Vitamin\" \/>\n<meta property=\"article:modified_time\" content=\"2026-03-12T02:06:21+00:00\" \/>\n<meta property=\"og:image\" content=\"https:\/\/urban-vitamin.com\/wp-content\/uploads\/sites\/5\/2025\/02\/P301.9801__S_0__2aa56b89a74a477ebb26492b90070f81.jpg\" \/>\n\t<meta property=\"og:image:width\" content=\"1024\" \/>\n\t<meta property=\"og:image:height\" content=\"1024\" \/>\n\t<meta property=\"og:image:type\" content=\"image\/jpeg\" \/>\n<meta name=\"twitter:card\" content=\"summary_large_image\" \/>\n<meta name=\"twitter:label1\" content=\"Gesch\u00e4tzte Lesezeit\" \/>\n\t<meta name=\"twitter:data1\" content=\"1\u00a0Minute\" \/>\n<script type=\"application\/ld+json\" class=\"yoast-schema-graph\">{\"@context\":\"https:\/\/schema.org\",\"@graph\":[{\"@type\":\"WebPage\",\"@id\":\"https:\/\/urban-vitamin.com\/de\/produkt\/santa-cruz-70w-gan-ladegeraet-aus-rcs-rec-pc-schwarz\/\",\"url\":\"https:\/\/urban-vitamin.com\/de\/produkt\/santa-cruz-70w-gan-ladegeraet-aus-rcs-rec-pc-schwarz\/\",\"name\":\"Santa Cruz 70W GAN-Ladeger\u00e4t aus RCS rec. PC, schwarz - Urban Vitamin\",\"isPartOf\":{\"@id\":\"https:\/\/urban-vitamin.com\/de\/#website\"},\"primaryImageOfPage\":{\"@id\":\"https:\/\/urban-vitamin.com\/de\/produkt\/santa-cruz-70w-gan-ladegeraet-aus-rcs-rec-pc-schwarz\/#primaryimage\"},\"image\":{\"@id\":\"https:\/\/urban-vitamin.com\/de\/produkt\/santa-cruz-70w-gan-ladegeraet-aus-rcs-rec-pc-schwarz\/#primaryimage\"},\"thumbnailUrl\":\"https:\/\/urban-vitamin.com\/wp-content\/uploads\/sites\/5\/2025\/02\/P301.9801__S_0__2aa56b89a74a477ebb26492b90070f81.jpg\",\"datePublished\":\"2026-03-12T01:06:04+00:00\",\"dateModified\":\"2026-03-12T02:06:21+00:00\",\"breadcrumb\":{\"@id\":\"https:\/\/urban-vitamin.com\/de\/produkt\/santa-cruz-70w-gan-ladegeraet-aus-rcs-rec-pc-schwarz\/#breadcrumb\"},\"inLanguage\":\"de\",\"potentialAction\":[{\"@type\":\"ReadAction\",\"target\":[\"https:\/\/urban-vitamin.com\/de\/produkt\/santa-cruz-70w-gan-ladegeraet-aus-rcs-rec-pc-schwarz\/\"]}]},{\"@type\":\"ImageObject\",\"inLanguage\":\"de\",\"@id\":\"https:\/\/urban-vitamin.com\/de\/produkt\/santa-cruz-70w-gan-ladegeraet-aus-rcs-rec-pc-schwarz\/#primaryimage\",\"url\":\"https:\/\/urban-vitamin.com\/wp-content\/uploads\/sites\/5\/2025\/02\/P301.9801__S_0__2aa56b89a74a477ebb26492b90070f81.jpg\",\"contentUrl\":\"https:\/\/urban-vitamin.com\/wp-content\/uploads\/sites\/5\/2025\/02\/P301.9801__S_0__2aa56b89a74a477ebb26492b90070f81.jpg\",\"width\":1024,\"height\":1024},{\"@type\":\"BreadcrumbList\",\"@id\":\"https:\/\/urban-vitamin.com\/de\/produkt\/santa-cruz-70w-gan-ladegeraet-aus-rcs-rec-pc-schwarz\/#breadcrumb\",\"itemListElement\":[{\"@type\":\"ListItem\",\"position\":1,\"name\":\"Home\",\"item\":\"https:\/\/urban-vitamin.com\/de\/\"},{\"@type\":\"ListItem\",\"position\":2,\"name\":\"Kollektion\",\"item\":\"https:\/\/urban-vitamin.com\/de\/kollektion\/\"},{\"@type\":\"ListItem\",\"position\":3,\"name\":\"Santa Cruz 70W GAN-Ladeger\u00e4t aus RCS rec. PC, schwarz\"}]},{\"@type\":\"WebSite\",\"@id\":\"https:\/\/urban-vitamin.com\/de\/#website\",\"url\":\"https:\/\/urban-vitamin.com\/de\/\",\"name\":\"Urban Vitamin\",\"description\":\"Enjoy your daily dose of Urban Vitamin!\",\"potentialAction\":[{\"@type\":\"SearchAction\",\"target\":{\"@type\":\"EntryPoint\",\"urlTemplate\":\"https:\/\/urban-vitamin.com\/de\/?s={search_term_string}\"},\"query-input\":{\"@type\":\"PropertyValueSpecification\",\"valueRequired\":true,\"valueName\":\"search_term_string\"}}],\"inLanguage\":\"de\"}]}<\/script>\n<!-- \/ Yoast SEO plugin. -->","yoast_head_json":{"title":"Santa Cruz 70W GAN-Ladeger\u00e4t aus RCS rec. PC, schwarz - Urban Vitamin","robots":{"index":"index","follow":"follow","max-snippet":"max-snippet:-1","max-image-preview":"max-image-preview:large","max-video-preview":"max-video-preview:-1"},"canonical":"https:\/\/urban-vitamin.com\/de\/produkt\/santa-cruz-70w-gan-ladegeraet-aus-rcs-rec-pc-schwarz\/","og_locale":"de_DE","og_type":"article","og_title":"Santa Cruz 70W GAN-Ladeger\u00e4t aus RCS rec. PC, schwarz - Urban Vitamin","og_description":"Lernen Sie das fortschrittlichste 70W-Ladeger\u00e4t kennen, das Sie sich w\u00fcnschen k\u00f6nnen. Santa Cruz ist ein 70W-PD-GAN-Ladeger\u00e4t mit EU-, USA- und UK-Stecker, das mit einem superschnellen Type-C-Anschluss und einem zus\u00e4tzlichen USB-A-Anschluss f\u00fcr ultimative Vielseitigkeit ausgestattet ist. GAN ist eine neue Ladetechnologie, die eine viel kleinere Gr\u00f6\u00dfe f\u00fcr leistungsstarke Adapter, weniger W\u00e4rmeentwicklung, mehr Sicherheit und eine h\u00f6here [&hellip;]","og_url":"https:\/\/urban-vitamin.com\/de\/produkt\/santa-cruz-70w-gan-ladegeraet-aus-rcs-rec-pc-schwarz\/","og_site_name":"Urban Vitamin","article_modified_time":"2026-03-12T02:06:21+00:00","og_image":[{"width":1024,"height":1024,"url":"https:\/\/urban-vitamin.com\/wp-content\/uploads\/sites\/5\/2025\/02\/P301.9801__S_0__2aa56b89a74a477ebb26492b90070f81.jpg","type":"image\/jpeg"}],"twitter_card":"summary_large_image","twitter_misc":{"Gesch\u00e4tzte Lesezeit":"1\u00a0Minute"},"schema":{"@context":"https:\/\/schema.org","@graph":[{"@type":"WebPage","@id":"https:\/\/urban-vitamin.com\/de\/produkt\/santa-cruz-70w-gan-ladegeraet-aus-rcs-rec-pc-schwarz\/","url":"https:\/\/urban-vitamin.com\/de\/produkt\/santa-cruz-70w-gan-ladegeraet-aus-rcs-rec-pc-schwarz\/","name":"Santa Cruz 70W GAN-Ladeger\u00e4t aus RCS rec. PC, schwarz - Urban Vitamin","isPartOf":{"@id":"https:\/\/urban-vitamin.com\/de\/#website"},"primaryImageOfPage":{"@id":"https:\/\/urban-vitamin.com\/de\/produkt\/santa-cruz-70w-gan-ladegeraet-aus-rcs-rec-pc-schwarz\/#primaryimage"},"image":{"@id":"https:\/\/urban-vitamin.com\/de\/produkt\/santa-cruz-70w-gan-ladegeraet-aus-rcs-rec-pc-schwarz\/#primaryimage"},"thumbnailUrl":"https:\/\/urban-vitamin.com\/wp-content\/uploads\/sites\/5\/2025\/02\/P301.9801__S_0__2aa56b89a74a477ebb26492b90070f81.jpg","datePublished":"2026-03-12T01:06:04+00:00","dateModified":"2026-03-12T02:06:21+00:00","breadcrumb":{"@id":"https:\/\/urban-vitamin.com\/de\/produkt\/santa-cruz-70w-gan-ladegeraet-aus-rcs-rec-pc-schwarz\/#breadcrumb"},"inLanguage":"de","potentialAction":[{"@type":"ReadAction","target":["https:\/\/urban-vitamin.com\/de\/produkt\/santa-cruz-70w-gan-ladegeraet-aus-rcs-rec-pc-schwarz\/"]}]},{"@type":"ImageObject","inLanguage":"de","@id":"https:\/\/urban-vitamin.com\/de\/produkt\/santa-cruz-70w-gan-ladegeraet-aus-rcs-rec-pc-schwarz\/#primaryimage","url":"https:\/\/urban-vitamin.com\/wp-content\/uploads\/sites\/5\/2025\/02\/P301.9801__S_0__2aa56b89a74a477ebb26492b90070f81.jpg","contentUrl":"https:\/\/urban-vitamin.com\/wp-content\/uploads\/sites\/5\/2025\/02\/P301.9801__S_0__2aa56b89a74a477ebb26492b90070f81.jpg","width":1024,"height":1024},{"@type":"BreadcrumbList","@id":"https:\/\/urban-vitamin.com\/de\/produkt\/santa-cruz-70w-gan-ladegeraet-aus-rcs-rec-pc-schwarz\/#breadcrumb","itemListElement":[{"@type":"ListItem","position":1,"name":"Home","item":"https:\/\/urban-vitamin.com\/de\/"},{"@type":"ListItem","position":2,"name":"Kollektion","item":"https:\/\/urban-vitamin.com\/de\/kollektion\/"},{"@type":"ListItem","position":3,"name":"Santa Cruz 70W GAN-Ladeger\u00e4t aus RCS rec. PC, schwarz"}]},{"@type":"WebSite","@id":"https:\/\/urban-vitamin.com\/de\/#website","url":"https:\/\/urban-vitamin.com\/de\/","name":"Urban Vitamin","description":"Enjoy your daily dose of Urban Vitamin!","potentialAction":[{"@type":"SearchAction","target":{"@type":"EntryPoint","urlTemplate":"https:\/\/urban-vitamin.com\/de\/?s={search_term_string}"},"query-input":{"@type":"PropertyValueSpecification","valueRequired":true,"valueName":"search_term_string"}}],"inLanguage":"de"}]}},"_links":{"self":[{"href":"https:\/\/urban-vitamin.com\/de\/wp-json\/wp\/v2\/product\/22135","targetHints":{"allow":["GET"]}}],"collection":[{"href":"https:\/\/urban-vitamin.com\/de\/wp-json\/wp\/v2\/product"}],"about":[{"href":"https:\/\/urban-vitamin.com\/de\/wp-json\/wp\/v2\/types\/product"}],"replies":[{"embeddable":true,"href":"https:\/\/urban-vitamin.com\/de\/wp-json\/wp\/v2\/comments?post=22135"}],"wp:featuredmedia":[{"embeddable":true,"href":"https:\/\/urban-vitamin.com\/de\/wp-json\/wp\/v2\/media\/23332"}],"wp:attachment":[{"href":"https:\/\/urban-vitamin.com\/de\/wp-json\/wp\/v2\/media?parent=22135"}],"wp:term":[{"taxonomy":"product_cat","embeddable":true,"href":"https:\/\/urban-vitamin.com\/de\/wp-json\/wp\/v2\/product_cat?post=22135"},{"taxonomy":"product_tag","embeddable":true,"href":"https:\/\/urban-vitamin.com\/de\/wp-json\/wp\/v2\/product_tag?post=22135"}],"curies":[{"name":"wp","href":"https:\/\/api.w.org\/{rel}","templated":true}]}}