{"id":21236,"date":"2026-03-12T01:06:52","date_gmt":"2026-03-12T01:06:52","guid":{"rendered":"https:\/\/urban-vitamin.com\/urban-vitamin-los-angeles-20w-powerbank-aus-rcs-rec-plastik-weiss\/"},"modified":"2026-03-12T02:07:25","modified_gmt":"2026-03-12T02:07:25","slug":"los-angeles-20w-powerbank-aus-rcs-rec-plastik-weiss","status":"publish","type":"product","link":"https:\/\/urban-vitamin.com\/de\/produkt\/los-angeles-20w-powerbank-aus-rcs-rec-plastik-weiss\/","title":{"rendered":"Los Angeles 20W Powerbank aus RCS rec. Plastik, wei\u00df"},"content":{"rendered":"<p>Die Urban Vitamin Los Angeles ist eine leichte, aber leistungsstarke 20W &#8211; 5000mAh-Powerbank. Mit zwei Schnellladeoptionen zum Aufladen \u00fcber den integrierten iOS-Anschluss (f\u00fcr iPhone 14 und \u00e4lter) und den hochmodernen Typ-C-Output k\u00f6nnen Sie Ihr Telefon aufladen, ohne ein Kabel mitnehmen zu m\u00fcssen! Sie k\u00f6nnen sogar zwei Ger\u00e4te gleichzeitig aufladen. Alle Ausg\u00e4nge bieten eine ultraschnelle 20W-Ladung, um in weniger als 30 Minuten bis zu 50% aufzuladen. Mit dem integrierten St\u00e4nder laden Sie Ihr Handy w\u00e4hrend Sie Filme ansehen oder Musik h\u00f6ren. Hergestellt aus rec. RCS-ABS und rec. PC, betr\u00e4gt der Gesamtanteil an recyceltem Material 24%, bezogen auf das Gesamtgewicht des Artikels. Urban Vitamin-Produkte werden ohne PVC hergestellt und in kunststoffreduzierten Verpackungen verpackt.<\/p>\n","protected":false},"excerpt":{"rendered":"<p>Die Urban Vitamin Los Angeles ist eine leichte, aber leistungsstarke 20W &#8211; 5000mAh-Powerbank. Mit zwei Schnellladeoptionen zum Aufladen \u00fcber den integrierten iOS-Anschluss (f\u00fcr iPhone 14 und \u00e4lter) und den hochmodernen Typ-C-Output k\u00f6nnen Sie Ihr Telefon aufladen, ohne ein Kabel mitnehmen zu m\u00fcssen! Sie k\u00f6nnen sogar zwei Ger\u00e4te gleichzeitig aufladen. Alle Ausg\u00e4nge bieten eine ultraschnelle 20W-Ladung, [&hellip;]<\/p>\n","protected":false},"featured_media":22725,"comment_status":"closed","ping_status":"closed","template":"","meta":{"_acf_changed":false,"om_disable_all_campaigns":false},"product_cat":[70],"product_tag":[],"class_list":["post-21236","product","type-product","status-publish","has-post-thumbnail","hentry","product_cat-powerbanks-de","pa_color-white"],"acf":[],"yoast_head":"<!-- This site is optimized with the Yoast SEO plugin v27.0 - https:\/\/yoast.com\/product\/yoast-seo-wordpress\/ -->\n<title>Los Angeles 20W Powerbank aus RCS rec. Plastik, wei\u00df - Urban Vitamin<\/title>\n<meta name=\"robots\" content=\"index, follow, max-snippet:-1, max-image-preview:large, max-video-preview:-1\" \/>\n<link rel=\"canonical\" href=\"https:\/\/urban-vitamin.com\/de\/produkt\/los-angeles-20w-powerbank-aus-rcs-rec-plastik-weiss\/\" \/>\n<meta property=\"og:locale\" content=\"de_DE\" \/>\n<meta property=\"og:type\" content=\"article\" \/>\n<meta property=\"og:title\" content=\"Los Angeles 20W Powerbank aus RCS rec. Plastik, wei\u00df - Urban Vitamin\" \/>\n<meta property=\"og:description\" content=\"Die Urban Vitamin Los Angeles ist eine leichte, aber leistungsstarke 20W &#8211; 5000mAh-Powerbank. Mit zwei Schnellladeoptionen zum Aufladen \u00fcber den integrierten iOS-Anschluss (f\u00fcr iPhone 14 und \u00e4lter) und den hochmodernen Typ-C-Output k\u00f6nnen Sie Ihr Telefon aufladen, ohne ein Kabel mitnehmen zu m\u00fcssen! Sie k\u00f6nnen sogar zwei Ger\u00e4te gleichzeitig aufladen. Alle Ausg\u00e4nge bieten eine ultraschnelle 20W-Ladung, [&hellip;]\" \/>\n<meta property=\"og:url\" content=\"https:\/\/urban-vitamin.com\/de\/produkt\/los-angeles-20w-powerbank-aus-rcs-rec-plastik-weiss\/\" \/>\n<meta property=\"og:site_name\" content=\"Urban Vitamin\" \/>\n<meta property=\"article:modified_time\" content=\"2026-03-12T02:07:25+00:00\" \/>\n<meta property=\"og:image\" content=\"https:\/\/urban-vitamin.com\/wp-content\/uploads\/sites\/5\/2025\/01\/P322.8503__S_0__eabfbeafd4b14fc09671c0ee1ca707b2.jpg\" \/>\n\t<meta property=\"og:image:width\" content=\"1024\" \/>\n\t<meta property=\"og:image:height\" content=\"1024\" \/>\n\t<meta property=\"og:image:type\" content=\"image\/jpeg\" \/>\n<meta name=\"twitter:card\" content=\"summary_large_image\" \/>\n<meta name=\"twitter:label1\" content=\"Gesch\u00e4tzte Lesezeit\" \/>\n\t<meta name=\"twitter:data1\" content=\"1\u00a0Minute\" \/>\n<script type=\"application\/ld+json\" class=\"yoast-schema-graph\">{\"@context\":\"https:\/\/schema.org\",\"@graph\":[{\"@type\":\"WebPage\",\"@id\":\"https:\/\/urban-vitamin.com\/de\/produkt\/los-angeles-20w-powerbank-aus-rcs-rec-plastik-weiss\/\",\"url\":\"https:\/\/urban-vitamin.com\/de\/produkt\/los-angeles-20w-powerbank-aus-rcs-rec-plastik-weiss\/\",\"name\":\"Los Angeles 20W Powerbank aus RCS rec. Plastik, wei\u00df - Urban Vitamin\",\"isPartOf\":{\"@id\":\"https:\/\/urban-vitamin.com\/de\/#website\"},\"primaryImageOfPage\":{\"@id\":\"https:\/\/urban-vitamin.com\/de\/produkt\/los-angeles-20w-powerbank-aus-rcs-rec-plastik-weiss\/#primaryimage\"},\"image\":{\"@id\":\"https:\/\/urban-vitamin.com\/de\/produkt\/los-angeles-20w-powerbank-aus-rcs-rec-plastik-weiss\/#primaryimage\"},\"thumbnailUrl\":\"https:\/\/urban-vitamin.com\/wp-content\/uploads\/sites\/5\/2025\/01\/P322.8503__S_0__eabfbeafd4b14fc09671c0ee1ca707b2.jpg\",\"datePublished\":\"2026-03-12T01:06:52+00:00\",\"dateModified\":\"2026-03-12T02:07:25+00:00\",\"breadcrumb\":{\"@id\":\"https:\/\/urban-vitamin.com\/de\/produkt\/los-angeles-20w-powerbank-aus-rcs-rec-plastik-weiss\/#breadcrumb\"},\"inLanguage\":\"de\",\"potentialAction\":[{\"@type\":\"ReadAction\",\"target\":[\"https:\/\/urban-vitamin.com\/de\/produkt\/los-angeles-20w-powerbank-aus-rcs-rec-plastik-weiss\/\"]}]},{\"@type\":\"ImageObject\",\"inLanguage\":\"de\",\"@id\":\"https:\/\/urban-vitamin.com\/de\/produkt\/los-angeles-20w-powerbank-aus-rcs-rec-plastik-weiss\/#primaryimage\",\"url\":\"https:\/\/urban-vitamin.com\/wp-content\/uploads\/sites\/5\/2025\/01\/P322.8503__S_0__eabfbeafd4b14fc09671c0ee1ca707b2.jpg\",\"contentUrl\":\"https:\/\/urban-vitamin.com\/wp-content\/uploads\/sites\/5\/2025\/01\/P322.8503__S_0__eabfbeafd4b14fc09671c0ee1ca707b2.jpg\",\"width\":1024,\"height\":1024},{\"@type\":\"BreadcrumbList\",\"@id\":\"https:\/\/urban-vitamin.com\/de\/produkt\/los-angeles-20w-powerbank-aus-rcs-rec-plastik-weiss\/#breadcrumb\",\"itemListElement\":[{\"@type\":\"ListItem\",\"position\":1,\"name\":\"Home\",\"item\":\"https:\/\/urban-vitamin.com\/de\/\"},{\"@type\":\"ListItem\",\"position\":2,\"name\":\"Kollektion\",\"item\":\"https:\/\/urban-vitamin.com\/de\/kollektion\/\"},{\"@type\":\"ListItem\",\"position\":3,\"name\":\"Los Angeles 20W Powerbank aus RCS rec. Plastik, wei\u00df\"}]},{\"@type\":\"WebSite\",\"@id\":\"https:\/\/urban-vitamin.com\/de\/#website\",\"url\":\"https:\/\/urban-vitamin.com\/de\/\",\"name\":\"Urban Vitamin\",\"description\":\"Enjoy your daily dose of Urban Vitamin!\",\"potentialAction\":[{\"@type\":\"SearchAction\",\"target\":{\"@type\":\"EntryPoint\",\"urlTemplate\":\"https:\/\/urban-vitamin.com\/de\/?s={search_term_string}\"},\"query-input\":{\"@type\":\"PropertyValueSpecification\",\"valueRequired\":true,\"valueName\":\"search_term_string\"}}],\"inLanguage\":\"de\"}]}<\/script>\n<!-- \/ Yoast SEO plugin. -->","yoast_head_json":{"title":"Los Angeles 20W Powerbank aus RCS rec. Plastik, wei\u00df - Urban Vitamin","robots":{"index":"index","follow":"follow","max-snippet":"max-snippet:-1","max-image-preview":"max-image-preview:large","max-video-preview":"max-video-preview:-1"},"canonical":"https:\/\/urban-vitamin.com\/de\/produkt\/los-angeles-20w-powerbank-aus-rcs-rec-plastik-weiss\/","og_locale":"de_DE","og_type":"article","og_title":"Los Angeles 20W Powerbank aus RCS rec. Plastik, wei\u00df - Urban Vitamin","og_description":"Die Urban Vitamin Los Angeles ist eine leichte, aber leistungsstarke 20W &#8211; 5000mAh-Powerbank. Mit zwei Schnellladeoptionen zum Aufladen \u00fcber den integrierten iOS-Anschluss (f\u00fcr iPhone 14 und \u00e4lter) und den hochmodernen Typ-C-Output k\u00f6nnen Sie Ihr Telefon aufladen, ohne ein Kabel mitnehmen zu m\u00fcssen! Sie k\u00f6nnen sogar zwei Ger\u00e4te gleichzeitig aufladen. Alle Ausg\u00e4nge bieten eine ultraschnelle 20W-Ladung, [&hellip;]","og_url":"https:\/\/urban-vitamin.com\/de\/produkt\/los-angeles-20w-powerbank-aus-rcs-rec-plastik-weiss\/","og_site_name":"Urban Vitamin","article_modified_time":"2026-03-12T02:07:25+00:00","og_image":[{"width":1024,"height":1024,"url":"https:\/\/urban-vitamin.com\/wp-content\/uploads\/sites\/5\/2025\/01\/P322.8503__S_0__eabfbeafd4b14fc09671c0ee1ca707b2.jpg","type":"image\/jpeg"}],"twitter_card":"summary_large_image","twitter_misc":{"Gesch\u00e4tzte Lesezeit":"1\u00a0Minute"},"schema":{"@context":"https:\/\/schema.org","@graph":[{"@type":"WebPage","@id":"https:\/\/urban-vitamin.com\/de\/produkt\/los-angeles-20w-powerbank-aus-rcs-rec-plastik-weiss\/","url":"https:\/\/urban-vitamin.com\/de\/produkt\/los-angeles-20w-powerbank-aus-rcs-rec-plastik-weiss\/","name":"Los Angeles 20W Powerbank aus RCS rec. Plastik, wei\u00df - Urban Vitamin","isPartOf":{"@id":"https:\/\/urban-vitamin.com\/de\/#website"},"primaryImageOfPage":{"@id":"https:\/\/urban-vitamin.com\/de\/produkt\/los-angeles-20w-powerbank-aus-rcs-rec-plastik-weiss\/#primaryimage"},"image":{"@id":"https:\/\/urban-vitamin.com\/de\/produkt\/los-angeles-20w-powerbank-aus-rcs-rec-plastik-weiss\/#primaryimage"},"thumbnailUrl":"https:\/\/urban-vitamin.com\/wp-content\/uploads\/sites\/5\/2025\/01\/P322.8503__S_0__eabfbeafd4b14fc09671c0ee1ca707b2.jpg","datePublished":"2026-03-12T01:06:52+00:00","dateModified":"2026-03-12T02:07:25+00:00","breadcrumb":{"@id":"https:\/\/urban-vitamin.com\/de\/produkt\/los-angeles-20w-powerbank-aus-rcs-rec-plastik-weiss\/#breadcrumb"},"inLanguage":"de","potentialAction":[{"@type":"ReadAction","target":["https:\/\/urban-vitamin.com\/de\/produkt\/los-angeles-20w-powerbank-aus-rcs-rec-plastik-weiss\/"]}]},{"@type":"ImageObject","inLanguage":"de","@id":"https:\/\/urban-vitamin.com\/de\/produkt\/los-angeles-20w-powerbank-aus-rcs-rec-plastik-weiss\/#primaryimage","url":"https:\/\/urban-vitamin.com\/wp-content\/uploads\/sites\/5\/2025\/01\/P322.8503__S_0__eabfbeafd4b14fc09671c0ee1ca707b2.jpg","contentUrl":"https:\/\/urban-vitamin.com\/wp-content\/uploads\/sites\/5\/2025\/01\/P322.8503__S_0__eabfbeafd4b14fc09671c0ee1ca707b2.jpg","width":1024,"height":1024},{"@type":"BreadcrumbList","@id":"https:\/\/urban-vitamin.com\/de\/produkt\/los-angeles-20w-powerbank-aus-rcs-rec-plastik-weiss\/#breadcrumb","itemListElement":[{"@type":"ListItem","position":1,"name":"Home","item":"https:\/\/urban-vitamin.com\/de\/"},{"@type":"ListItem","position":2,"name":"Kollektion","item":"https:\/\/urban-vitamin.com\/de\/kollektion\/"},{"@type":"ListItem","position":3,"name":"Los Angeles 20W Powerbank aus RCS rec. Plastik, wei\u00df"}]},{"@type":"WebSite","@id":"https:\/\/urban-vitamin.com\/de\/#website","url":"https:\/\/urban-vitamin.com\/de\/","name":"Urban Vitamin","description":"Enjoy your daily dose of Urban Vitamin!","potentialAction":[{"@type":"SearchAction","target":{"@type":"EntryPoint","urlTemplate":"https:\/\/urban-vitamin.com\/de\/?s={search_term_string}"},"query-input":{"@type":"PropertyValueSpecification","valueRequired":true,"valueName":"search_term_string"}}],"inLanguage":"de"}]}},"_links":{"self":[{"href":"https:\/\/urban-vitamin.com\/de\/wp-json\/wp\/v2\/product\/21236","targetHints":{"allow":["GET"]}}],"collection":[{"href":"https:\/\/urban-vitamin.com\/de\/wp-json\/wp\/v2\/product"}],"about":[{"href":"https:\/\/urban-vitamin.com\/de\/wp-json\/wp\/v2\/types\/product"}],"replies":[{"embeddable":true,"href":"https:\/\/urban-vitamin.com\/de\/wp-json\/wp\/v2\/comments?post=21236"}],"wp:featuredmedia":[{"embeddable":true,"href":"https:\/\/urban-vitamin.com\/de\/wp-json\/wp\/v2\/media\/22725"}],"wp:attachment":[{"href":"https:\/\/urban-vitamin.com\/de\/wp-json\/wp\/v2\/media?parent=21236"}],"wp:term":[{"taxonomy":"product_cat","embeddable":true,"href":"https:\/\/urban-vitamin.com\/de\/wp-json\/wp\/v2\/product_cat?post=21236"},{"taxonomy":"product_tag","embeddable":true,"href":"https:\/\/urban-vitamin.com\/de\/wp-json\/wp\/v2\/product_tag?post=21236"}],"curies":[{"name":"wp","href":"https:\/\/api.w.org\/{rel}","templated":true}]}}