{"id":20009,"date":"2026-03-12T01:08:40","date_gmt":"2026-03-12T01:08:40","guid":{"rendered":"https:\/\/urban-vitamin.com\/lakewood-rcs-recycelte-und-reparierbare-kabellose-ohrhoerer-schwarz\/"},"modified":"2026-03-12T02:08:58","modified_gmt":"2026-03-12T02:08:58","slug":"lakewood-rcs-recycelte-und-reparierbare-kabellose-ohrhoerer-schwarz","status":"publish","type":"product","link":"https:\/\/urban-vitamin.com\/de\/produkt\/lakewood-rcs-recycelte-und-reparierbare-kabellose-ohrhoerer-schwarz\/","title":{"rendered":"Lakewood RCS recycelte und reparierbare kabellose Ohrh\u00f6rer, schwarz"},"content":{"rendered":"<p>Das ist die Zukunft. Eine Zukunft, in der Gegenst\u00e4nde l\u00e4nger halten und so konzipiert sind, dass sie leicht repariert werden k\u00f6nnen. Die Lakewood-Kopfh\u00f6rer sorgen mit ANC (32DB) &amp; ENC-Modus f\u00fcr super klare Gespr\u00e4che. Mit 6 Mikrofonen und Sprachunterst\u00fctzung, um die Gespr\u00e4chsqualit\u00e4t noch weiter zu verbessern. Die ANC-Funktion kann auch in den Transparenzmodus umgeschaltet werden. Das Geh\u00e4use des Lakewood ist mit einer herausnehmbaren Batterie ausgestattet, die bei Bedarf einfach ausgetauscht werden kann, um die Lebensdauer der Ohrh\u00f6rer zu verl\u00e4ngern. Mit Dual-Verbindungsmodus zum Anschluss an mehrere Ger\u00e4te. Lakewood bietet bisu 6h H\u00f6rgenuss mit einer Akkuladung; bis zu weitere 20h im Etui. Die Ohrh\u00f6rer sind IPX5, also wetterfest &amp; f\u00fcr Sport geeignet. Die Ohrst\u00f6psel sind aus rec. PC hergestellt. Gesamter recycelter Inhalt: 36%,bezogen auf das Gesamtgewicht des Artikels. Die RCS-Zertifizierung gew\u00e4hrleistet eine vollst\u00e4ndig zertifizierte Lieferkette f\u00fcr die recyc. Materialien. PVC-frei<\/p>\n","protected":false},"excerpt":{"rendered":"<p>Das ist die Zukunft. Eine Zukunft, in der Gegenst\u00e4nde l\u00e4nger halten und so konzipiert sind, dass sie leicht repariert werden k\u00f6nnen. Die Lakewood-Kopfh\u00f6rer sorgen mit ANC (32DB) &amp; ENC-Modus f\u00fcr super klare Gespr\u00e4che. Mit 6 Mikrofonen und Sprachunterst\u00fctzung, um die Gespr\u00e4chsqualit\u00e4t noch weiter zu verbessern. Die ANC-Funktion kann auch in den Transparenzmodus umgeschaltet werden. Das [&hellip;]<\/p>\n","protected":false},"featured_media":22183,"comment_status":"closed","ping_status":"closed","template":"","meta":{"_acf_changed":false,"om_disable_all_campaigns":false},"product_cat":[61,68,110,112,113],"product_tag":[],"class_list":["post-20009","product","type-product","status-publish","has-post-thumbnail","hentry","product_cat-ecouteurs-sans-fil","product_cat-ohrhorer","product_cat-repairables","product_cat-repairables-fr","product_cat-repairables-de","pa_color-black"],"acf":[],"yoast_head":"<!-- This site is optimized with the Yoast SEO plugin v27.0 - https:\/\/yoast.com\/product\/yoast-seo-wordpress\/ -->\n<title>Lakewood RCS recycelte und reparierbare kabellose Ohrh\u00f6rer, schwarz - Urban Vitamin<\/title>\n<meta name=\"robots\" content=\"index, follow, max-snippet:-1, max-image-preview:large, max-video-preview:-1\" \/>\n<link rel=\"canonical\" href=\"https:\/\/urban-vitamin.com\/de\/produkt\/lakewood-rcs-recycelte-und-reparierbare-kabellose-ohrhoerer-schwarz\/\" \/>\n<meta property=\"og:locale\" content=\"de_DE\" \/>\n<meta property=\"og:type\" content=\"article\" \/>\n<meta property=\"og:title\" content=\"Lakewood RCS recycelte und reparierbare kabellose Ohrh\u00f6rer, schwarz - Urban Vitamin\" \/>\n<meta property=\"og:description\" content=\"Das ist die Zukunft. Eine Zukunft, in der Gegenst\u00e4nde l\u00e4nger halten und so konzipiert sind, dass sie leicht repariert werden k\u00f6nnen. Die Lakewood-Kopfh\u00f6rer sorgen mit ANC (32DB) &amp; ENC-Modus f\u00fcr super klare Gespr\u00e4che. Mit 6 Mikrofonen und Sprachunterst\u00fctzung, um die Gespr\u00e4chsqualit\u00e4t noch weiter zu verbessern. Die ANC-Funktion kann auch in den Transparenzmodus umgeschaltet werden. Das [&hellip;]\" \/>\n<meta property=\"og:url\" content=\"https:\/\/urban-vitamin.com\/de\/produkt\/lakewood-rcs-recycelte-und-reparierbare-kabellose-ohrhoerer-schwarz\/\" \/>\n<meta property=\"og:site_name\" content=\"Urban Vitamin\" \/>\n<meta property=\"article:modified_time\" content=\"2026-03-12T02:08:58+00:00\" \/>\n<meta property=\"og:image\" content=\"https:\/\/urban-vitamin.com\/wp-content\/uploads\/sites\/5\/2025\/01\/P331.5401__S_0__11ab462f68f0444e8d97114079137294.jpg\" \/>\n\t<meta property=\"og:image:width\" content=\"1024\" \/>\n\t<meta property=\"og:image:height\" content=\"1024\" \/>\n\t<meta property=\"og:image:type\" content=\"image\/jpeg\" \/>\n<meta name=\"twitter:card\" content=\"summary_large_image\" \/>\n<meta name=\"twitter:label1\" content=\"Gesch\u00e4tzte Lesezeit\" \/>\n\t<meta name=\"twitter:data1\" content=\"1\u00a0Minute\" \/>\n<script type=\"application\/ld+json\" class=\"yoast-schema-graph\">{\"@context\":\"https:\/\/schema.org\",\"@graph\":[{\"@type\":\"WebPage\",\"@id\":\"https:\/\/urban-vitamin.com\/de\/produkt\/lakewood-rcs-recycelte-und-reparierbare-kabellose-ohrhoerer-schwarz\/\",\"url\":\"https:\/\/urban-vitamin.com\/de\/produkt\/lakewood-rcs-recycelte-und-reparierbare-kabellose-ohrhoerer-schwarz\/\",\"name\":\"Lakewood RCS recycelte und reparierbare kabellose Ohrh\u00f6rer, schwarz - Urban Vitamin\",\"isPartOf\":{\"@id\":\"https:\/\/urban-vitamin.com\/de\/#website\"},\"primaryImageOfPage\":{\"@id\":\"https:\/\/urban-vitamin.com\/de\/produkt\/lakewood-rcs-recycelte-und-reparierbare-kabellose-ohrhoerer-schwarz\/#primaryimage\"},\"image\":{\"@id\":\"https:\/\/urban-vitamin.com\/de\/produkt\/lakewood-rcs-recycelte-und-reparierbare-kabellose-ohrhoerer-schwarz\/#primaryimage\"},\"thumbnailUrl\":\"https:\/\/urban-vitamin.com\/wp-content\/uploads\/sites\/5\/2025\/01\/P331.5401__S_0__11ab462f68f0444e8d97114079137294.jpg\",\"datePublished\":\"2026-03-12T01:08:40+00:00\",\"dateModified\":\"2026-03-12T02:08:58+00:00\",\"breadcrumb\":{\"@id\":\"https:\/\/urban-vitamin.com\/de\/produkt\/lakewood-rcs-recycelte-und-reparierbare-kabellose-ohrhoerer-schwarz\/#breadcrumb\"},\"inLanguage\":\"de\",\"potentialAction\":[{\"@type\":\"ReadAction\",\"target\":[\"https:\/\/urban-vitamin.com\/de\/produkt\/lakewood-rcs-recycelte-und-reparierbare-kabellose-ohrhoerer-schwarz\/\"]}]},{\"@type\":\"ImageObject\",\"inLanguage\":\"de\",\"@id\":\"https:\/\/urban-vitamin.com\/de\/produkt\/lakewood-rcs-recycelte-und-reparierbare-kabellose-ohrhoerer-schwarz\/#primaryimage\",\"url\":\"https:\/\/urban-vitamin.com\/wp-content\/uploads\/sites\/5\/2025\/01\/P331.5401__S_0__11ab462f68f0444e8d97114079137294.jpg\",\"contentUrl\":\"https:\/\/urban-vitamin.com\/wp-content\/uploads\/sites\/5\/2025\/01\/P331.5401__S_0__11ab462f68f0444e8d97114079137294.jpg\",\"width\":1024,\"height\":1024},{\"@type\":\"BreadcrumbList\",\"@id\":\"https:\/\/urban-vitamin.com\/de\/produkt\/lakewood-rcs-recycelte-und-reparierbare-kabellose-ohrhoerer-schwarz\/#breadcrumb\",\"itemListElement\":[{\"@type\":\"ListItem\",\"position\":1,\"name\":\"Home\",\"item\":\"https:\/\/urban-vitamin.com\/de\/\"},{\"@type\":\"ListItem\",\"position\":2,\"name\":\"Kollektion\",\"item\":\"https:\/\/urban-vitamin.com\/de\/kollektion\/\"},{\"@type\":\"ListItem\",\"position\":3,\"name\":\"Lakewood RCS recycelte und reparierbare kabellose Ohrh\u00f6rer, schwarz\"}]},{\"@type\":\"WebSite\",\"@id\":\"https:\/\/urban-vitamin.com\/de\/#website\",\"url\":\"https:\/\/urban-vitamin.com\/de\/\",\"name\":\"Urban Vitamin\",\"description\":\"Enjoy your daily dose of Urban Vitamin!\",\"potentialAction\":[{\"@type\":\"SearchAction\",\"target\":{\"@type\":\"EntryPoint\",\"urlTemplate\":\"https:\/\/urban-vitamin.com\/de\/?s={search_term_string}\"},\"query-input\":{\"@type\":\"PropertyValueSpecification\",\"valueRequired\":true,\"valueName\":\"search_term_string\"}}],\"inLanguage\":\"de\"}]}<\/script>\n<!-- \/ Yoast SEO plugin. -->","yoast_head_json":{"title":"Lakewood RCS recycelte und reparierbare kabellose Ohrh\u00f6rer, schwarz - Urban Vitamin","robots":{"index":"index","follow":"follow","max-snippet":"max-snippet:-1","max-image-preview":"max-image-preview:large","max-video-preview":"max-video-preview:-1"},"canonical":"https:\/\/urban-vitamin.com\/de\/produkt\/lakewood-rcs-recycelte-und-reparierbare-kabellose-ohrhoerer-schwarz\/","og_locale":"de_DE","og_type":"article","og_title":"Lakewood RCS recycelte und reparierbare kabellose Ohrh\u00f6rer, schwarz - Urban Vitamin","og_description":"Das ist die Zukunft. Eine Zukunft, in der Gegenst\u00e4nde l\u00e4nger halten und so konzipiert sind, dass sie leicht repariert werden k\u00f6nnen. Die Lakewood-Kopfh\u00f6rer sorgen mit ANC (32DB) &amp; ENC-Modus f\u00fcr super klare Gespr\u00e4che. Mit 6 Mikrofonen und Sprachunterst\u00fctzung, um die Gespr\u00e4chsqualit\u00e4t noch weiter zu verbessern. Die ANC-Funktion kann auch in den Transparenzmodus umgeschaltet werden. Das [&hellip;]","og_url":"https:\/\/urban-vitamin.com\/de\/produkt\/lakewood-rcs-recycelte-und-reparierbare-kabellose-ohrhoerer-schwarz\/","og_site_name":"Urban Vitamin","article_modified_time":"2026-03-12T02:08:58+00:00","og_image":[{"width":1024,"height":1024,"url":"https:\/\/urban-vitamin.com\/wp-content\/uploads\/sites\/5\/2025\/01\/P331.5401__S_0__11ab462f68f0444e8d97114079137294.jpg","type":"image\/jpeg"}],"twitter_card":"summary_large_image","twitter_misc":{"Gesch\u00e4tzte Lesezeit":"1\u00a0Minute"},"schema":{"@context":"https:\/\/schema.org","@graph":[{"@type":"WebPage","@id":"https:\/\/urban-vitamin.com\/de\/produkt\/lakewood-rcs-recycelte-und-reparierbare-kabellose-ohrhoerer-schwarz\/","url":"https:\/\/urban-vitamin.com\/de\/produkt\/lakewood-rcs-recycelte-und-reparierbare-kabellose-ohrhoerer-schwarz\/","name":"Lakewood RCS recycelte und reparierbare kabellose Ohrh\u00f6rer, schwarz - Urban Vitamin","isPartOf":{"@id":"https:\/\/urban-vitamin.com\/de\/#website"},"primaryImageOfPage":{"@id":"https:\/\/urban-vitamin.com\/de\/produkt\/lakewood-rcs-recycelte-und-reparierbare-kabellose-ohrhoerer-schwarz\/#primaryimage"},"image":{"@id":"https:\/\/urban-vitamin.com\/de\/produkt\/lakewood-rcs-recycelte-und-reparierbare-kabellose-ohrhoerer-schwarz\/#primaryimage"},"thumbnailUrl":"https:\/\/urban-vitamin.com\/wp-content\/uploads\/sites\/5\/2025\/01\/P331.5401__S_0__11ab462f68f0444e8d97114079137294.jpg","datePublished":"2026-03-12T01:08:40+00:00","dateModified":"2026-03-12T02:08:58+00:00","breadcrumb":{"@id":"https:\/\/urban-vitamin.com\/de\/produkt\/lakewood-rcs-recycelte-und-reparierbare-kabellose-ohrhoerer-schwarz\/#breadcrumb"},"inLanguage":"de","potentialAction":[{"@type":"ReadAction","target":["https:\/\/urban-vitamin.com\/de\/produkt\/lakewood-rcs-recycelte-und-reparierbare-kabellose-ohrhoerer-schwarz\/"]}]},{"@type":"ImageObject","inLanguage":"de","@id":"https:\/\/urban-vitamin.com\/de\/produkt\/lakewood-rcs-recycelte-und-reparierbare-kabellose-ohrhoerer-schwarz\/#primaryimage","url":"https:\/\/urban-vitamin.com\/wp-content\/uploads\/sites\/5\/2025\/01\/P331.5401__S_0__11ab462f68f0444e8d97114079137294.jpg","contentUrl":"https:\/\/urban-vitamin.com\/wp-content\/uploads\/sites\/5\/2025\/01\/P331.5401__S_0__11ab462f68f0444e8d97114079137294.jpg","width":1024,"height":1024},{"@type":"BreadcrumbList","@id":"https:\/\/urban-vitamin.com\/de\/produkt\/lakewood-rcs-recycelte-und-reparierbare-kabellose-ohrhoerer-schwarz\/#breadcrumb","itemListElement":[{"@type":"ListItem","position":1,"name":"Home","item":"https:\/\/urban-vitamin.com\/de\/"},{"@type":"ListItem","position":2,"name":"Kollektion","item":"https:\/\/urban-vitamin.com\/de\/kollektion\/"},{"@type":"ListItem","position":3,"name":"Lakewood RCS recycelte und reparierbare kabellose Ohrh\u00f6rer, schwarz"}]},{"@type":"WebSite","@id":"https:\/\/urban-vitamin.com\/de\/#website","url":"https:\/\/urban-vitamin.com\/de\/","name":"Urban Vitamin","description":"Enjoy your daily dose of Urban Vitamin!","potentialAction":[{"@type":"SearchAction","target":{"@type":"EntryPoint","urlTemplate":"https:\/\/urban-vitamin.com\/de\/?s={search_term_string}"},"query-input":{"@type":"PropertyValueSpecification","valueRequired":true,"valueName":"search_term_string"}}],"inLanguage":"de"}]}},"_links":{"self":[{"href":"https:\/\/urban-vitamin.com\/de\/wp-json\/wp\/v2\/product\/20009","targetHints":{"allow":["GET"]}}],"collection":[{"href":"https:\/\/urban-vitamin.com\/de\/wp-json\/wp\/v2\/product"}],"about":[{"href":"https:\/\/urban-vitamin.com\/de\/wp-json\/wp\/v2\/types\/product"}],"replies":[{"embeddable":true,"href":"https:\/\/urban-vitamin.com\/de\/wp-json\/wp\/v2\/comments?post=20009"}],"wp:featuredmedia":[{"embeddable":true,"href":"https:\/\/urban-vitamin.com\/de\/wp-json\/wp\/v2\/media\/22183"}],"wp:attachment":[{"href":"https:\/\/urban-vitamin.com\/de\/wp-json\/wp\/v2\/media?parent=20009"}],"wp:term":[{"taxonomy":"product_cat","embeddable":true,"href":"https:\/\/urban-vitamin.com\/de\/wp-json\/wp\/v2\/product_cat?post=20009"},{"taxonomy":"product_tag","embeddable":true,"href":"https:\/\/urban-vitamin.com\/de\/wp-json\/wp\/v2\/product_tag?post=20009"}],"curies":[{"name":"wp","href":"https:\/\/api.w.org\/{rel}","templated":true}]}}