{"id":20008,"date":"2026-03-12T01:08:40","date_gmt":"2026-03-12T01:08:40","guid":{"rendered":"https:\/\/urban-vitamin.com\/irvine-rcs-recycelter-und-reparierbare-wireless-anckopfhoerer-schwarz\/"},"modified":"2026-03-12T02:08:55","modified_gmt":"2026-03-12T02:08:55","slug":"irvine-rcs-recycelter-reparierbarer-wireless-anc-kopfhoerer-schwarz","status":"publish","type":"product","link":"https:\/\/urban-vitamin.com\/de\/produkt\/irvine-rcs-recycelter-reparierbarer-wireless-anc-kopfhoerer-schwarz\/","title":{"rendered":"Irvine RCS recycelter &amp; reparierbarer Wireless-ANC Kopfh\u00f6rer, schwarz"},"content":{"rendered":"<p>Erstaunliche Klangqualit\u00e4t und nachhaltiges, reparierbares Design treffen im Irvine-Kopfh\u00f6rer aufeinander. Irvine ist so konzipiert, dass Sie mit einer einfachen Reparatur die Ohrpolster, den Kopfb\u00fcgel und sogar die Batterie austauschen k\u00f6nnen. Mit dem hochmodernen ANC-Modus, der mit einem einfachen Klick auch in den Transparenzmodus umgeschaltet werden kann. Ausgestattet mit 5 ENC-Mikrofonen und Sprachunterst\u00fctzung zur Verbesserung der Gespr\u00e4chsqualit\u00e4t. Mit Dual-Verbindungsmodus f\u00fcr die gleichzeitige Verbindung mit mehreren Ger\u00e4ten. Wiedergabe- und Gespr\u00e4chszeit von bis zu 40 Stunden mit einer Ladung. Die Ohrh\u00f6rer sind nicht nur reparierbar, sondern auch aus rec. PC-Kunststoff hergestellt. Gesamter recycelter Inhalt: 32% basierend auf dem Gesamtgewicht des Artikels. Die RCS-Zertifizierung gew\u00e4hrleistet eine vollst\u00e4ndig zertifizierte Lieferkette  der recycelten Materialien. Die Urban Vitamin-Produkte werden ohne PVC hergestellt und in kunststoffarmen Verpackungen verpackt.<\/p>\n","protected":false},"excerpt":{"rendered":"<p>Erstaunliche Klangqualit\u00e4t und nachhaltiges, reparierbares Design treffen im Irvine-Kopfh\u00f6rer aufeinander. Irvine ist so konzipiert, dass Sie mit einer einfachen Reparatur die Ohrpolster, den Kopfb\u00fcgel und sogar die Batterie austauschen k\u00f6nnen. Mit dem hochmodernen ANC-Modus, der mit einem einfachen Klick auch in den Transparenzmodus umgeschaltet werden kann. Ausgestattet mit 5 ENC-Mikrofonen und Sprachunterst\u00fctzung zur Verbesserung der [&hellip;]<\/p>\n","protected":false},"featured_media":19658,"comment_status":"closed","ping_status":"closed","template":"","meta":{"_acf_changed":false,"om_disable_all_campaigns":false},"product_cat":[67,113],"product_tag":[],"class_list":["post-20008","product","type-product","status-publish","has-post-thumbnail","hentry","product_cat-kopfhorer","product_cat-repairables-de","pa_color-black"],"acf":[],"yoast_head":"<!-- This site is optimized with the Yoast SEO plugin v27.0 - https:\/\/yoast.com\/product\/yoast-seo-wordpress\/ -->\n<title>Irvine RCS recycelter &amp; reparierbarer Wireless-ANC Kopfh\u00f6rer, schwarz - Urban Vitamin<\/title>\n<meta name=\"robots\" content=\"index, follow, max-snippet:-1, max-image-preview:large, max-video-preview:-1\" \/>\n<link rel=\"canonical\" href=\"https:\/\/urban-vitamin.com\/de\/produkt\/irvine-rcs-recycelter-reparierbarer-wireless-anc-kopfhoerer-schwarz\/\" \/>\n<meta property=\"og:locale\" content=\"de_DE\" \/>\n<meta property=\"og:type\" content=\"article\" \/>\n<meta property=\"og:title\" content=\"Irvine RCS recycelter &amp; reparierbarer Wireless-ANC Kopfh\u00f6rer, schwarz - Urban Vitamin\" \/>\n<meta property=\"og:description\" content=\"Erstaunliche Klangqualit\u00e4t und nachhaltiges, reparierbares Design treffen im Irvine-Kopfh\u00f6rer aufeinander. Irvine ist so konzipiert, dass Sie mit einer einfachen Reparatur die Ohrpolster, den Kopfb\u00fcgel und sogar die Batterie austauschen k\u00f6nnen. Mit dem hochmodernen ANC-Modus, der mit einem einfachen Klick auch in den Transparenzmodus umgeschaltet werden kann. Ausgestattet mit 5 ENC-Mikrofonen und Sprachunterst\u00fctzung zur Verbesserung der [&hellip;]\" \/>\n<meta property=\"og:url\" content=\"https:\/\/urban-vitamin.com\/de\/produkt\/irvine-rcs-recycelter-reparierbarer-wireless-anc-kopfhoerer-schwarz\/\" \/>\n<meta property=\"og:site_name\" content=\"Urban Vitamin\" \/>\n<meta property=\"article:modified_time\" content=\"2026-03-12T02:08:55+00:00\" \/>\n<meta property=\"og:image\" content=\"https:\/\/urban-vitamin.com\/wp-content\/uploads\/sites\/5\/2024\/08\/P331.5301__S_0__774454a96d384ed183d22a8cafbb874d.jpg\" \/>\n\t<meta property=\"og:image:width\" content=\"1024\" \/>\n\t<meta property=\"og:image:height\" content=\"1024\" \/>\n\t<meta property=\"og:image:type\" content=\"image\/jpeg\" \/>\n<meta name=\"twitter:card\" content=\"summary_large_image\" \/>\n<meta name=\"twitter:label1\" content=\"Gesch\u00e4tzte Lesezeit\" \/>\n\t<meta name=\"twitter:data1\" content=\"1\u00a0Minute\" \/>\n<script type=\"application\/ld+json\" class=\"yoast-schema-graph\">{\"@context\":\"https:\/\/schema.org\",\"@graph\":[{\"@type\":\"WebPage\",\"@id\":\"https:\/\/urban-vitamin.com\/de\/produkt\/irvine-rcs-recycelter-reparierbarer-wireless-anc-kopfhoerer-schwarz\/\",\"url\":\"https:\/\/urban-vitamin.com\/de\/produkt\/irvine-rcs-recycelter-reparierbarer-wireless-anc-kopfhoerer-schwarz\/\",\"name\":\"Irvine RCS recycelter &amp; reparierbarer Wireless-ANC Kopfh\u00f6rer, schwarz - Urban Vitamin\",\"isPartOf\":{\"@id\":\"https:\/\/urban-vitamin.com\/de\/#website\"},\"primaryImageOfPage\":{\"@id\":\"https:\/\/urban-vitamin.com\/de\/produkt\/irvine-rcs-recycelter-reparierbarer-wireless-anc-kopfhoerer-schwarz\/#primaryimage\"},\"image\":{\"@id\":\"https:\/\/urban-vitamin.com\/de\/produkt\/irvine-rcs-recycelter-reparierbarer-wireless-anc-kopfhoerer-schwarz\/#primaryimage\"},\"thumbnailUrl\":\"https:\/\/urban-vitamin.com\/wp-content\/uploads\/sites\/5\/2024\/08\/P331.5301__S_0__774454a96d384ed183d22a8cafbb874d.jpg\",\"datePublished\":\"2026-03-12T01:08:40+00:00\",\"dateModified\":\"2026-03-12T02:08:55+00:00\",\"breadcrumb\":{\"@id\":\"https:\/\/urban-vitamin.com\/de\/produkt\/irvine-rcs-recycelter-reparierbarer-wireless-anc-kopfhoerer-schwarz\/#breadcrumb\"},\"inLanguage\":\"de\",\"potentialAction\":[{\"@type\":\"ReadAction\",\"target\":[\"https:\/\/urban-vitamin.com\/de\/produkt\/irvine-rcs-recycelter-reparierbarer-wireless-anc-kopfhoerer-schwarz\/\"]}]},{\"@type\":\"ImageObject\",\"inLanguage\":\"de\",\"@id\":\"https:\/\/urban-vitamin.com\/de\/produkt\/irvine-rcs-recycelter-reparierbarer-wireless-anc-kopfhoerer-schwarz\/#primaryimage\",\"url\":\"https:\/\/urban-vitamin.com\/wp-content\/uploads\/sites\/5\/2024\/08\/P331.5301__S_0__774454a96d384ed183d22a8cafbb874d.jpg\",\"contentUrl\":\"https:\/\/urban-vitamin.com\/wp-content\/uploads\/sites\/5\/2024\/08\/P331.5301__S_0__774454a96d384ed183d22a8cafbb874d.jpg\",\"width\":1024,\"height\":1024},{\"@type\":\"BreadcrumbList\",\"@id\":\"https:\/\/urban-vitamin.com\/de\/produkt\/irvine-rcs-recycelter-reparierbarer-wireless-anc-kopfhoerer-schwarz\/#breadcrumb\",\"itemListElement\":[{\"@type\":\"ListItem\",\"position\":1,\"name\":\"Home\",\"item\":\"https:\/\/urban-vitamin.com\/de\/\"},{\"@type\":\"ListItem\",\"position\":2,\"name\":\"Kollektion\",\"item\":\"https:\/\/urban-vitamin.com\/de\/kollektion\/\"},{\"@type\":\"ListItem\",\"position\":3,\"name\":\"Irvine RCS recycelter &amp; reparierbarer Wireless-ANC Kopfh\u00f6rer, schwarz\"}]},{\"@type\":\"WebSite\",\"@id\":\"https:\/\/urban-vitamin.com\/de\/#website\",\"url\":\"https:\/\/urban-vitamin.com\/de\/\",\"name\":\"Urban Vitamin\",\"description\":\"Enjoy your daily dose of Urban Vitamin!\",\"potentialAction\":[{\"@type\":\"SearchAction\",\"target\":{\"@type\":\"EntryPoint\",\"urlTemplate\":\"https:\/\/urban-vitamin.com\/de\/?s={search_term_string}\"},\"query-input\":{\"@type\":\"PropertyValueSpecification\",\"valueRequired\":true,\"valueName\":\"search_term_string\"}}],\"inLanguage\":\"de\"}]}<\/script>\n<!-- \/ Yoast SEO plugin. -->","yoast_head_json":{"title":"Irvine RCS recycelter &amp; reparierbarer Wireless-ANC Kopfh\u00f6rer, schwarz - Urban Vitamin","robots":{"index":"index","follow":"follow","max-snippet":"max-snippet:-1","max-image-preview":"max-image-preview:large","max-video-preview":"max-video-preview:-1"},"canonical":"https:\/\/urban-vitamin.com\/de\/produkt\/irvine-rcs-recycelter-reparierbarer-wireless-anc-kopfhoerer-schwarz\/","og_locale":"de_DE","og_type":"article","og_title":"Irvine RCS recycelter &amp; reparierbarer Wireless-ANC Kopfh\u00f6rer, schwarz - Urban Vitamin","og_description":"Erstaunliche Klangqualit\u00e4t und nachhaltiges, reparierbares Design treffen im Irvine-Kopfh\u00f6rer aufeinander. Irvine ist so konzipiert, dass Sie mit einer einfachen Reparatur die Ohrpolster, den Kopfb\u00fcgel und sogar die Batterie austauschen k\u00f6nnen. Mit dem hochmodernen ANC-Modus, der mit einem einfachen Klick auch in den Transparenzmodus umgeschaltet werden kann. Ausgestattet mit 5 ENC-Mikrofonen und Sprachunterst\u00fctzung zur Verbesserung der [&hellip;]","og_url":"https:\/\/urban-vitamin.com\/de\/produkt\/irvine-rcs-recycelter-reparierbarer-wireless-anc-kopfhoerer-schwarz\/","og_site_name":"Urban Vitamin","article_modified_time":"2026-03-12T02:08:55+00:00","og_image":[{"width":1024,"height":1024,"url":"https:\/\/urban-vitamin.com\/wp-content\/uploads\/sites\/5\/2024\/08\/P331.5301__S_0__774454a96d384ed183d22a8cafbb874d.jpg","type":"image\/jpeg"}],"twitter_card":"summary_large_image","twitter_misc":{"Gesch\u00e4tzte Lesezeit":"1\u00a0Minute"},"schema":{"@context":"https:\/\/schema.org","@graph":[{"@type":"WebPage","@id":"https:\/\/urban-vitamin.com\/de\/produkt\/irvine-rcs-recycelter-reparierbarer-wireless-anc-kopfhoerer-schwarz\/","url":"https:\/\/urban-vitamin.com\/de\/produkt\/irvine-rcs-recycelter-reparierbarer-wireless-anc-kopfhoerer-schwarz\/","name":"Irvine RCS recycelter &amp; reparierbarer Wireless-ANC Kopfh\u00f6rer, schwarz - Urban Vitamin","isPartOf":{"@id":"https:\/\/urban-vitamin.com\/de\/#website"},"primaryImageOfPage":{"@id":"https:\/\/urban-vitamin.com\/de\/produkt\/irvine-rcs-recycelter-reparierbarer-wireless-anc-kopfhoerer-schwarz\/#primaryimage"},"image":{"@id":"https:\/\/urban-vitamin.com\/de\/produkt\/irvine-rcs-recycelter-reparierbarer-wireless-anc-kopfhoerer-schwarz\/#primaryimage"},"thumbnailUrl":"https:\/\/urban-vitamin.com\/wp-content\/uploads\/sites\/5\/2024\/08\/P331.5301__S_0__774454a96d384ed183d22a8cafbb874d.jpg","datePublished":"2026-03-12T01:08:40+00:00","dateModified":"2026-03-12T02:08:55+00:00","breadcrumb":{"@id":"https:\/\/urban-vitamin.com\/de\/produkt\/irvine-rcs-recycelter-reparierbarer-wireless-anc-kopfhoerer-schwarz\/#breadcrumb"},"inLanguage":"de","potentialAction":[{"@type":"ReadAction","target":["https:\/\/urban-vitamin.com\/de\/produkt\/irvine-rcs-recycelter-reparierbarer-wireless-anc-kopfhoerer-schwarz\/"]}]},{"@type":"ImageObject","inLanguage":"de","@id":"https:\/\/urban-vitamin.com\/de\/produkt\/irvine-rcs-recycelter-reparierbarer-wireless-anc-kopfhoerer-schwarz\/#primaryimage","url":"https:\/\/urban-vitamin.com\/wp-content\/uploads\/sites\/5\/2024\/08\/P331.5301__S_0__774454a96d384ed183d22a8cafbb874d.jpg","contentUrl":"https:\/\/urban-vitamin.com\/wp-content\/uploads\/sites\/5\/2024\/08\/P331.5301__S_0__774454a96d384ed183d22a8cafbb874d.jpg","width":1024,"height":1024},{"@type":"BreadcrumbList","@id":"https:\/\/urban-vitamin.com\/de\/produkt\/irvine-rcs-recycelter-reparierbarer-wireless-anc-kopfhoerer-schwarz\/#breadcrumb","itemListElement":[{"@type":"ListItem","position":1,"name":"Home","item":"https:\/\/urban-vitamin.com\/de\/"},{"@type":"ListItem","position":2,"name":"Kollektion","item":"https:\/\/urban-vitamin.com\/de\/kollektion\/"},{"@type":"ListItem","position":3,"name":"Irvine RCS recycelter &amp; reparierbarer Wireless-ANC Kopfh\u00f6rer, schwarz"}]},{"@type":"WebSite","@id":"https:\/\/urban-vitamin.com\/de\/#website","url":"https:\/\/urban-vitamin.com\/de\/","name":"Urban Vitamin","description":"Enjoy your daily dose of Urban Vitamin!","potentialAction":[{"@type":"SearchAction","target":{"@type":"EntryPoint","urlTemplate":"https:\/\/urban-vitamin.com\/de\/?s={search_term_string}"},"query-input":{"@type":"PropertyValueSpecification","valueRequired":true,"valueName":"search_term_string"}}],"inLanguage":"de"}]}},"_links":{"self":[{"href":"https:\/\/urban-vitamin.com\/de\/wp-json\/wp\/v2\/product\/20008","targetHints":{"allow":["GET"]}}],"collection":[{"href":"https:\/\/urban-vitamin.com\/de\/wp-json\/wp\/v2\/product"}],"about":[{"href":"https:\/\/urban-vitamin.com\/de\/wp-json\/wp\/v2\/types\/product"}],"replies":[{"embeddable":true,"href":"https:\/\/urban-vitamin.com\/de\/wp-json\/wp\/v2\/comments?post=20008"}],"wp:featuredmedia":[{"embeddable":true,"href":"https:\/\/urban-vitamin.com\/de\/wp-json\/wp\/v2\/media\/19658"}],"wp:attachment":[{"href":"https:\/\/urban-vitamin.com\/de\/wp-json\/wp\/v2\/media?parent=20008"}],"wp:term":[{"taxonomy":"product_cat","embeddable":true,"href":"https:\/\/urban-vitamin.com\/de\/wp-json\/wp\/v2\/product_cat?post=20008"},{"taxonomy":"product_tag","embeddable":true,"href":"https:\/\/urban-vitamin.com\/de\/wp-json\/wp\/v2\/product_tag?post=20008"}],"curies":[{"name":"wp","href":"https:\/\/api.w.org\/{rel}","templated":true}]}}