{"id":19409,"date":"2026-03-12T01:06:04","date_gmt":"2026-03-12T01:06:04","guid":{"rendered":"https:\/\/urban-vitamin.com\/urban-vitamin-oxnard-5-in-1-65w-universal-ladegeraet-schwarz\/"},"modified":"2026-03-12T02:06:18","modified_gmt":"2026-03-12T02:06:18","slug":"oxnard-5-in-1-65w-universal-ladegeraet-schwarz","status":"publish","type":"product","link":"https:\/\/urban-vitamin.com\/de\/produkt\/oxnard-5-in-1-65w-universal-ladegeraet-schwarz\/","title":{"rendered":"Oxnard 5-in-1 65W Universal-Ladeger\u00e4t, schwarz"},"content":{"rendered":"<p>Das Oxnard 5-in-1-Universalladeger\u00e4t mit 65W ist ein leistungsstarkes, tragbares Ger\u00e4t, das Ihr Ladeerlebnis auf ein neues Niveau hebt &#8211; mit un\u00fcbertroffener Vielseitigkeit, Bequemlichkeit und kraftvoller Leistung, alles in einem eleganten Paket. Es hat ein magnetisches 15W-Ladeger\u00e4t f\u00fcr die neuesten iOS- und Android-Handys. Mit einer kolossalen Akkukapazit\u00e4t von 15.000mAh und einem robusten PD 65W Type-C-Output \u00fcber das integrierte Type-C-Kabel k\u00f6nnen Sie Ihre Ger\u00e4te blitzschnell aufladen, einschlie\u00dflich Laptops, die viel Leistung ben\u00f6tigen. Oxnard ist au\u00dferdem mit einem Type-C-Schnellladeanschluss und einem USB-A-Ausgang ausgestattet. Ausgestattet mit 4 Arten von Netzsteckern f\u00fcr \u00fcber 150 L\u00e4ndern. Sie k\u00f6nnen sogar bis zu 4 Ger\u00e4te gleichzeitig mit Strom versorgen und gleichzeitig das Ladeger\u00e4t selbst aufladen, wenn es an eine Steckdose angeschlossen ist. Die kompakten Abmessungen machen es zum perfekten Reisebegleiter, der sich perfekt f\u00fcr unterwegs eignet.<\/p>\n","protected":false},"excerpt":{"rendered":"<p>Das Oxnard 5-in-1-Universalladeger\u00e4t mit 65W ist ein leistungsstarkes, tragbares Ger\u00e4t, das Ihr Ladeerlebnis auf ein neues Niveau hebt &#8211; mit un\u00fcbertroffener Vielseitigkeit, Bequemlichkeit und kraftvoller Leistung, alles in einem eleganten Paket. Es hat ein magnetisches 15W-Ladeger\u00e4t f\u00fcr die neuesten iOS- und Android-Handys. Mit einer kolossalen Akkukapazit\u00e4t von 15.000mAh und einem robusten PD 65W Type-C-Output \u00fcber [&hellip;]<\/p>\n","protected":false},"featured_media":19551,"comment_status":"closed","ping_status":"closed","template":"","meta":{"_acf_changed":false,"om_disable_all_campaigns":false},"product_cat":[88,72],"product_tag":[],"class_list":["post-19409","product","type-product","status-publish","has-post-thumbnail","hentry","product_cat-uncategorized","product_cat-ladegerate","pa_color-black"],"acf":[],"yoast_head":"<!-- This site is optimized with the Yoast SEO plugin v27.0 - https:\/\/yoast.com\/product\/yoast-seo-wordpress\/ -->\n<title>Oxnard 5-in-1 65W Universal-Ladeger\u00e4t, schwarz - Urban Vitamin<\/title>\n<meta name=\"robots\" content=\"index, follow, max-snippet:-1, max-image-preview:large, max-video-preview:-1\" \/>\n<link rel=\"canonical\" href=\"https:\/\/urban-vitamin.com\/de\/produkt\/oxnard-5-in-1-65w-universal-ladegeraet-schwarz\/\" \/>\n<meta property=\"og:locale\" content=\"de_DE\" \/>\n<meta property=\"og:type\" content=\"article\" \/>\n<meta property=\"og:title\" content=\"Oxnard 5-in-1 65W Universal-Ladeger\u00e4t, schwarz - Urban Vitamin\" \/>\n<meta property=\"og:description\" content=\"Das Oxnard 5-in-1-Universalladeger\u00e4t mit 65W ist ein leistungsstarkes, tragbares Ger\u00e4t, das Ihr Ladeerlebnis auf ein neues Niveau hebt &#8211; mit un\u00fcbertroffener Vielseitigkeit, Bequemlichkeit und kraftvoller Leistung, alles in einem eleganten Paket. Es hat ein magnetisches 15W-Ladeger\u00e4t f\u00fcr die neuesten iOS- und Android-Handys. Mit einer kolossalen Akkukapazit\u00e4t von 15.000mAh und einem robusten PD 65W Type-C-Output \u00fcber [&hellip;]\" \/>\n<meta property=\"og:url\" content=\"https:\/\/urban-vitamin.com\/de\/produkt\/oxnard-5-in-1-65w-universal-ladegeraet-schwarz\/\" \/>\n<meta property=\"og:site_name\" content=\"Urban Vitamin\" \/>\n<meta property=\"article:modified_time\" content=\"2026-03-12T02:06:18+00:00\" \/>\n<meta property=\"og:image\" content=\"https:\/\/urban-vitamin.com\/wp-content\/uploads\/sites\/5\/2024\/08\/P301.9601__S_0__ac694fe27d0c4dc9989af3de0a4ab7cf.jpg\" \/>\n\t<meta property=\"og:image:width\" content=\"1024\" \/>\n\t<meta property=\"og:image:height\" content=\"1024\" \/>\n\t<meta property=\"og:image:type\" content=\"image\/jpeg\" \/>\n<meta name=\"twitter:card\" content=\"summary_large_image\" \/>\n<meta name=\"twitter:label1\" content=\"Gesch\u00e4tzte Lesezeit\" \/>\n\t<meta name=\"twitter:data1\" content=\"1\u00a0Minute\" \/>\n<script type=\"application\/ld+json\" class=\"yoast-schema-graph\">{\"@context\":\"https:\/\/schema.org\",\"@graph\":[{\"@type\":\"WebPage\",\"@id\":\"https:\/\/urban-vitamin.com\/de\/produkt\/oxnard-5-in-1-65w-universal-ladegeraet-schwarz\/\",\"url\":\"https:\/\/urban-vitamin.com\/de\/produkt\/oxnard-5-in-1-65w-universal-ladegeraet-schwarz\/\",\"name\":\"Oxnard 5-in-1 65W Universal-Ladeger\u00e4t, schwarz - Urban Vitamin\",\"isPartOf\":{\"@id\":\"https:\/\/urban-vitamin.com\/de\/#website\"},\"primaryImageOfPage\":{\"@id\":\"https:\/\/urban-vitamin.com\/de\/produkt\/oxnard-5-in-1-65w-universal-ladegeraet-schwarz\/#primaryimage\"},\"image\":{\"@id\":\"https:\/\/urban-vitamin.com\/de\/produkt\/oxnard-5-in-1-65w-universal-ladegeraet-schwarz\/#primaryimage\"},\"thumbnailUrl\":\"https:\/\/urban-vitamin.com\/wp-content\/uploads\/sites\/5\/2024\/08\/P301.9601__S_0__ac694fe27d0c4dc9989af3de0a4ab7cf.jpg\",\"datePublished\":\"2026-03-12T01:06:04+00:00\",\"dateModified\":\"2026-03-12T02:06:18+00:00\",\"breadcrumb\":{\"@id\":\"https:\/\/urban-vitamin.com\/de\/produkt\/oxnard-5-in-1-65w-universal-ladegeraet-schwarz\/#breadcrumb\"},\"inLanguage\":\"de\",\"potentialAction\":[{\"@type\":\"ReadAction\",\"target\":[\"https:\/\/urban-vitamin.com\/de\/produkt\/oxnard-5-in-1-65w-universal-ladegeraet-schwarz\/\"]}]},{\"@type\":\"ImageObject\",\"inLanguage\":\"de\",\"@id\":\"https:\/\/urban-vitamin.com\/de\/produkt\/oxnard-5-in-1-65w-universal-ladegeraet-schwarz\/#primaryimage\",\"url\":\"https:\/\/urban-vitamin.com\/wp-content\/uploads\/sites\/5\/2024\/08\/P301.9601__S_0__ac694fe27d0c4dc9989af3de0a4ab7cf.jpg\",\"contentUrl\":\"https:\/\/urban-vitamin.com\/wp-content\/uploads\/sites\/5\/2024\/08\/P301.9601__S_0__ac694fe27d0c4dc9989af3de0a4ab7cf.jpg\",\"width\":1024,\"height\":1024},{\"@type\":\"BreadcrumbList\",\"@id\":\"https:\/\/urban-vitamin.com\/de\/produkt\/oxnard-5-in-1-65w-universal-ladegeraet-schwarz\/#breadcrumb\",\"itemListElement\":[{\"@type\":\"ListItem\",\"position\":1,\"name\":\"Home\",\"item\":\"https:\/\/urban-vitamin.com\/de\/\"},{\"@type\":\"ListItem\",\"position\":2,\"name\":\"Kollektion\",\"item\":\"https:\/\/urban-vitamin.com\/de\/kollektion\/\"},{\"@type\":\"ListItem\",\"position\":3,\"name\":\"Oxnard 5-in-1 65W Universal-Ladeger\u00e4t, schwarz\"}]},{\"@type\":\"WebSite\",\"@id\":\"https:\/\/urban-vitamin.com\/de\/#website\",\"url\":\"https:\/\/urban-vitamin.com\/de\/\",\"name\":\"Urban Vitamin\",\"description\":\"Enjoy your daily dose of Urban Vitamin!\",\"potentialAction\":[{\"@type\":\"SearchAction\",\"target\":{\"@type\":\"EntryPoint\",\"urlTemplate\":\"https:\/\/urban-vitamin.com\/de\/?s={search_term_string}\"},\"query-input\":{\"@type\":\"PropertyValueSpecification\",\"valueRequired\":true,\"valueName\":\"search_term_string\"}}],\"inLanguage\":\"de\"}]}<\/script>\n<!-- \/ Yoast SEO plugin. -->","yoast_head_json":{"title":"Oxnard 5-in-1 65W Universal-Ladeger\u00e4t, schwarz - Urban Vitamin","robots":{"index":"index","follow":"follow","max-snippet":"max-snippet:-1","max-image-preview":"max-image-preview:large","max-video-preview":"max-video-preview:-1"},"canonical":"https:\/\/urban-vitamin.com\/de\/produkt\/oxnard-5-in-1-65w-universal-ladegeraet-schwarz\/","og_locale":"de_DE","og_type":"article","og_title":"Oxnard 5-in-1 65W Universal-Ladeger\u00e4t, schwarz - Urban Vitamin","og_description":"Das Oxnard 5-in-1-Universalladeger\u00e4t mit 65W ist ein leistungsstarkes, tragbares Ger\u00e4t, das Ihr Ladeerlebnis auf ein neues Niveau hebt &#8211; mit un\u00fcbertroffener Vielseitigkeit, Bequemlichkeit und kraftvoller Leistung, alles in einem eleganten Paket. Es hat ein magnetisches 15W-Ladeger\u00e4t f\u00fcr die neuesten iOS- und Android-Handys. Mit einer kolossalen Akkukapazit\u00e4t von 15.000mAh und einem robusten PD 65W Type-C-Output \u00fcber [&hellip;]","og_url":"https:\/\/urban-vitamin.com\/de\/produkt\/oxnard-5-in-1-65w-universal-ladegeraet-schwarz\/","og_site_name":"Urban Vitamin","article_modified_time":"2026-03-12T02:06:18+00:00","og_image":[{"width":1024,"height":1024,"url":"https:\/\/urban-vitamin.com\/wp-content\/uploads\/sites\/5\/2024\/08\/P301.9601__S_0__ac694fe27d0c4dc9989af3de0a4ab7cf.jpg","type":"image\/jpeg"}],"twitter_card":"summary_large_image","twitter_misc":{"Gesch\u00e4tzte Lesezeit":"1\u00a0Minute"},"schema":{"@context":"https:\/\/schema.org","@graph":[{"@type":"WebPage","@id":"https:\/\/urban-vitamin.com\/de\/produkt\/oxnard-5-in-1-65w-universal-ladegeraet-schwarz\/","url":"https:\/\/urban-vitamin.com\/de\/produkt\/oxnard-5-in-1-65w-universal-ladegeraet-schwarz\/","name":"Oxnard 5-in-1 65W Universal-Ladeger\u00e4t, schwarz - Urban Vitamin","isPartOf":{"@id":"https:\/\/urban-vitamin.com\/de\/#website"},"primaryImageOfPage":{"@id":"https:\/\/urban-vitamin.com\/de\/produkt\/oxnard-5-in-1-65w-universal-ladegeraet-schwarz\/#primaryimage"},"image":{"@id":"https:\/\/urban-vitamin.com\/de\/produkt\/oxnard-5-in-1-65w-universal-ladegeraet-schwarz\/#primaryimage"},"thumbnailUrl":"https:\/\/urban-vitamin.com\/wp-content\/uploads\/sites\/5\/2024\/08\/P301.9601__S_0__ac694fe27d0c4dc9989af3de0a4ab7cf.jpg","datePublished":"2026-03-12T01:06:04+00:00","dateModified":"2026-03-12T02:06:18+00:00","breadcrumb":{"@id":"https:\/\/urban-vitamin.com\/de\/produkt\/oxnard-5-in-1-65w-universal-ladegeraet-schwarz\/#breadcrumb"},"inLanguage":"de","potentialAction":[{"@type":"ReadAction","target":["https:\/\/urban-vitamin.com\/de\/produkt\/oxnard-5-in-1-65w-universal-ladegeraet-schwarz\/"]}]},{"@type":"ImageObject","inLanguage":"de","@id":"https:\/\/urban-vitamin.com\/de\/produkt\/oxnard-5-in-1-65w-universal-ladegeraet-schwarz\/#primaryimage","url":"https:\/\/urban-vitamin.com\/wp-content\/uploads\/sites\/5\/2024\/08\/P301.9601__S_0__ac694fe27d0c4dc9989af3de0a4ab7cf.jpg","contentUrl":"https:\/\/urban-vitamin.com\/wp-content\/uploads\/sites\/5\/2024\/08\/P301.9601__S_0__ac694fe27d0c4dc9989af3de0a4ab7cf.jpg","width":1024,"height":1024},{"@type":"BreadcrumbList","@id":"https:\/\/urban-vitamin.com\/de\/produkt\/oxnard-5-in-1-65w-universal-ladegeraet-schwarz\/#breadcrumb","itemListElement":[{"@type":"ListItem","position":1,"name":"Home","item":"https:\/\/urban-vitamin.com\/de\/"},{"@type":"ListItem","position":2,"name":"Kollektion","item":"https:\/\/urban-vitamin.com\/de\/kollektion\/"},{"@type":"ListItem","position":3,"name":"Oxnard 5-in-1 65W Universal-Ladeger\u00e4t, schwarz"}]},{"@type":"WebSite","@id":"https:\/\/urban-vitamin.com\/de\/#website","url":"https:\/\/urban-vitamin.com\/de\/","name":"Urban Vitamin","description":"Enjoy your daily dose of Urban Vitamin!","potentialAction":[{"@type":"SearchAction","target":{"@type":"EntryPoint","urlTemplate":"https:\/\/urban-vitamin.com\/de\/?s={search_term_string}"},"query-input":{"@type":"PropertyValueSpecification","valueRequired":true,"valueName":"search_term_string"}}],"inLanguage":"de"}]}},"_links":{"self":[{"href":"https:\/\/urban-vitamin.com\/de\/wp-json\/wp\/v2\/product\/19409","targetHints":{"allow":["GET"]}}],"collection":[{"href":"https:\/\/urban-vitamin.com\/de\/wp-json\/wp\/v2\/product"}],"about":[{"href":"https:\/\/urban-vitamin.com\/de\/wp-json\/wp\/v2\/types\/product"}],"replies":[{"embeddable":true,"href":"https:\/\/urban-vitamin.com\/de\/wp-json\/wp\/v2\/comments?post=19409"}],"wp:featuredmedia":[{"embeddable":true,"href":"https:\/\/urban-vitamin.com\/de\/wp-json\/wp\/v2\/media\/19551"}],"wp:attachment":[{"href":"https:\/\/urban-vitamin.com\/de\/wp-json\/wp\/v2\/media?parent=19409"}],"wp:term":[{"taxonomy":"product_cat","embeddable":true,"href":"https:\/\/urban-vitamin.com\/de\/wp-json\/wp\/v2\/product_cat?post=19409"},{"taxonomy":"product_tag","embeddable":true,"href":"https:\/\/urban-vitamin.com\/de\/wp-json\/wp\/v2\/product_tag?post=19409"}],"curies":[{"name":"wp","href":"https:\/\/api.w.org\/{rel}","templated":true}]}}