{"id":18875,"date":"2026-03-12T01:06:22","date_gmt":"2026-03-12T01:06:22","guid":{"rendered":"https:\/\/urban-vitamin.com\/urban-vitamin-stockton-65w-magnet-kabel-rcs-recyc-tpe-pet-weiss\/"},"modified":"2026-03-12T02:06:32","modified_gmt":"2026-03-12T02:06:32","slug":"stockton-65w-magnet-kabel-rcs-recyc-tpe-pet-weiss","status":"publish","type":"product","link":"https:\/\/urban-vitamin.com\/de\/produkt\/stockton-65w-magnet-kabel-rcs-recyc-tpe-pet-weiss\/","title":{"rendered":"Stockton 65W magnet. Kabel RCS recyc. TPE\/PET, wei\u00df"},"content":{"rendered":"<p>Mit diesem 120cm langen magnetischen Ladekabel verabschieden Sie sich von verhedderten Kabeln. Das magnetische Design von Stockton vereinfacht die Kabelorganisation und vermeidet Kabelsalat. Stockton passt sich Ihrem mobilen Lebensstil an und bietet sowohl USB-Typ-C- als auch USB-A-Eing\u00e4nge, um die Kompatibilit\u00e4t mit verschiedenen Ger\u00e4ten zu gew\u00e4hrleisten. Mit iOS- und Typ-C-Ausg\u00e4ngen ist es vielseitig genug, um Ihr iPhone, Android-Ger\u00e4t oder Ihren Laptop aufzuladen! Stockton ist nicht nur ein Ladekabel, sondern auch Ihre erste Wahl f\u00fcr nahtlose Daten\u00fcbertragung, um Dateien, Fotos und Musik blitzschnell zwischen Ger\u00e4ten zu synchronisieren. Durch die starke 65W-Ladeleistung ist es eine echte Alternative f\u00fcr mobile Ger\u00e4te und Laptops gleicherma\u00dfen. Stockton wird aus RCS (Recycled Claim Standard) zertifiziertem, recyceltem ABS hergestellt. Gesamter recycelter Inhalt: 30%, bezogen auf das Gesamtgewicht des Artikels. Urban Vitamin-Artikel werden ohne PVC hergestellt.<\/p>\n","protected":false},"excerpt":{"rendered":"<p>Mit diesem 120cm langen magnetischen Ladekabel verabschieden Sie sich von verhedderten Kabeln. Das magnetische Design von Stockton vereinfacht die Kabelorganisation und vermeidet Kabelsalat. Stockton passt sich Ihrem mobilen Lebensstil an und bietet sowohl USB-Typ-C- als auch USB-A-Eing\u00e4nge, um die Kompatibilit\u00e4t mit verschiedenen Ger\u00e4ten zu gew\u00e4hrleisten. Mit iOS- und Typ-C-Ausg\u00e4ngen ist es vielseitig genug, um Ihr [&hellip;]<\/p>\n","protected":false},"featured_media":19169,"comment_status":"closed","ping_status":"closed","template":"","meta":{"_acf_changed":false,"om_disable_all_campaigns":false},"product_cat":[73],"product_tag":[],"class_list":["post-18875","product","type-product","status-publish","has-post-thumbnail","hentry","product_cat-kabel","pa_color-white"],"acf":[],"yoast_head":"<!-- This site is optimized with the Yoast SEO plugin v27.0 - https:\/\/yoast.com\/product\/yoast-seo-wordpress\/ -->\n<title>Stockton 65W magnet. Kabel RCS recyc. TPE\/PET, wei\u00df - Urban Vitamin<\/title>\n<meta name=\"robots\" content=\"index, follow, max-snippet:-1, max-image-preview:large, max-video-preview:-1\" \/>\n<link rel=\"canonical\" href=\"https:\/\/urban-vitamin.com\/de\/produkt\/stockton-65w-magnet-kabel-rcs-recyc-tpe-pet-weiss\/\" \/>\n<meta property=\"og:locale\" content=\"de_DE\" \/>\n<meta property=\"og:type\" content=\"article\" \/>\n<meta property=\"og:title\" content=\"Stockton 65W magnet. Kabel RCS recyc. TPE\/PET, wei\u00df - Urban Vitamin\" \/>\n<meta property=\"og:description\" content=\"Mit diesem 120cm langen magnetischen Ladekabel verabschieden Sie sich von verhedderten Kabeln. Das magnetische Design von Stockton vereinfacht die Kabelorganisation und vermeidet Kabelsalat. Stockton passt sich Ihrem mobilen Lebensstil an und bietet sowohl USB-Typ-C- als auch USB-A-Eing\u00e4nge, um die Kompatibilit\u00e4t mit verschiedenen Ger\u00e4ten zu gew\u00e4hrleisten. Mit iOS- und Typ-C-Ausg\u00e4ngen ist es vielseitig genug, um Ihr [&hellip;]\" \/>\n<meta property=\"og:url\" content=\"https:\/\/urban-vitamin.com\/de\/produkt\/stockton-65w-magnet-kabel-rcs-recyc-tpe-pet-weiss\/\" \/>\n<meta property=\"og:site_name\" content=\"Urban Vitamin\" \/>\n<meta property=\"article:modified_time\" content=\"2026-03-12T02:06:32+00:00\" \/>\n<meta property=\"og:image\" content=\"https:\/\/urban-vitamin.com\/wp-content\/uploads\/sites\/5\/2024\/05\/P302.7103__S_0__0ab979dcfd3942d6a9cadcdd4755dde5.jpg\" \/>\n\t<meta property=\"og:image:width\" content=\"1024\" \/>\n\t<meta property=\"og:image:height\" content=\"1024\" \/>\n\t<meta property=\"og:image:type\" content=\"image\/jpeg\" \/>\n<meta name=\"twitter:card\" content=\"summary_large_image\" \/>\n<meta name=\"twitter:label1\" content=\"Gesch\u00e4tzte Lesezeit\" \/>\n\t<meta name=\"twitter:data1\" content=\"1\u00a0Minute\" \/>\n<script type=\"application\/ld+json\" class=\"yoast-schema-graph\">{\"@context\":\"https:\/\/schema.org\",\"@graph\":[{\"@type\":\"WebPage\",\"@id\":\"https:\/\/urban-vitamin.com\/de\/produkt\/stockton-65w-magnet-kabel-rcs-recyc-tpe-pet-weiss\/\",\"url\":\"https:\/\/urban-vitamin.com\/de\/produkt\/stockton-65w-magnet-kabel-rcs-recyc-tpe-pet-weiss\/\",\"name\":\"Stockton 65W magnet. Kabel RCS recyc. TPE\/PET, wei\u00df - Urban Vitamin\",\"isPartOf\":{\"@id\":\"https:\/\/urban-vitamin.com\/de\/#website\"},\"primaryImageOfPage\":{\"@id\":\"https:\/\/urban-vitamin.com\/de\/produkt\/stockton-65w-magnet-kabel-rcs-recyc-tpe-pet-weiss\/#primaryimage\"},\"image\":{\"@id\":\"https:\/\/urban-vitamin.com\/de\/produkt\/stockton-65w-magnet-kabel-rcs-recyc-tpe-pet-weiss\/#primaryimage\"},\"thumbnailUrl\":\"https:\/\/urban-vitamin.com\/wp-content\/uploads\/sites\/5\/2024\/05\/P302.7103__S_0__0ab979dcfd3942d6a9cadcdd4755dde5.jpg\",\"datePublished\":\"2026-03-12T01:06:22+00:00\",\"dateModified\":\"2026-03-12T02:06:32+00:00\",\"breadcrumb\":{\"@id\":\"https:\/\/urban-vitamin.com\/de\/produkt\/stockton-65w-magnet-kabel-rcs-recyc-tpe-pet-weiss\/#breadcrumb\"},\"inLanguage\":\"de\",\"potentialAction\":[{\"@type\":\"ReadAction\",\"target\":[\"https:\/\/urban-vitamin.com\/de\/produkt\/stockton-65w-magnet-kabel-rcs-recyc-tpe-pet-weiss\/\"]}]},{\"@type\":\"ImageObject\",\"inLanguage\":\"de\",\"@id\":\"https:\/\/urban-vitamin.com\/de\/produkt\/stockton-65w-magnet-kabel-rcs-recyc-tpe-pet-weiss\/#primaryimage\",\"url\":\"https:\/\/urban-vitamin.com\/wp-content\/uploads\/sites\/5\/2024\/05\/P302.7103__S_0__0ab979dcfd3942d6a9cadcdd4755dde5.jpg\",\"contentUrl\":\"https:\/\/urban-vitamin.com\/wp-content\/uploads\/sites\/5\/2024\/05\/P302.7103__S_0__0ab979dcfd3942d6a9cadcdd4755dde5.jpg\",\"width\":1024,\"height\":1024},{\"@type\":\"BreadcrumbList\",\"@id\":\"https:\/\/urban-vitamin.com\/de\/produkt\/stockton-65w-magnet-kabel-rcs-recyc-tpe-pet-weiss\/#breadcrumb\",\"itemListElement\":[{\"@type\":\"ListItem\",\"position\":1,\"name\":\"Home\",\"item\":\"https:\/\/urban-vitamin.com\/de\/\"},{\"@type\":\"ListItem\",\"position\":2,\"name\":\"Kollektion\",\"item\":\"https:\/\/urban-vitamin.com\/de\/kollektion\/\"},{\"@type\":\"ListItem\",\"position\":3,\"name\":\"Stockton 65W magnet. Kabel RCS recyc. TPE\/PET, wei\u00df\"}]},{\"@type\":\"WebSite\",\"@id\":\"https:\/\/urban-vitamin.com\/de\/#website\",\"url\":\"https:\/\/urban-vitamin.com\/de\/\",\"name\":\"Urban Vitamin\",\"description\":\"Enjoy your daily dose of Urban Vitamin!\",\"potentialAction\":[{\"@type\":\"SearchAction\",\"target\":{\"@type\":\"EntryPoint\",\"urlTemplate\":\"https:\/\/urban-vitamin.com\/de\/?s={search_term_string}\"},\"query-input\":{\"@type\":\"PropertyValueSpecification\",\"valueRequired\":true,\"valueName\":\"search_term_string\"}}],\"inLanguage\":\"de\"}]}<\/script>\n<!-- \/ Yoast SEO plugin. -->","yoast_head_json":{"title":"Stockton 65W magnet. Kabel RCS recyc. TPE\/PET, wei\u00df - Urban Vitamin","robots":{"index":"index","follow":"follow","max-snippet":"max-snippet:-1","max-image-preview":"max-image-preview:large","max-video-preview":"max-video-preview:-1"},"canonical":"https:\/\/urban-vitamin.com\/de\/produkt\/stockton-65w-magnet-kabel-rcs-recyc-tpe-pet-weiss\/","og_locale":"de_DE","og_type":"article","og_title":"Stockton 65W magnet. Kabel RCS recyc. TPE\/PET, wei\u00df - Urban Vitamin","og_description":"Mit diesem 120cm langen magnetischen Ladekabel verabschieden Sie sich von verhedderten Kabeln. Das magnetische Design von Stockton vereinfacht die Kabelorganisation und vermeidet Kabelsalat. Stockton passt sich Ihrem mobilen Lebensstil an und bietet sowohl USB-Typ-C- als auch USB-A-Eing\u00e4nge, um die Kompatibilit\u00e4t mit verschiedenen Ger\u00e4ten zu gew\u00e4hrleisten. Mit iOS- und Typ-C-Ausg\u00e4ngen ist es vielseitig genug, um Ihr [&hellip;]","og_url":"https:\/\/urban-vitamin.com\/de\/produkt\/stockton-65w-magnet-kabel-rcs-recyc-tpe-pet-weiss\/","og_site_name":"Urban Vitamin","article_modified_time":"2026-03-12T02:06:32+00:00","og_image":[{"width":1024,"height":1024,"url":"https:\/\/urban-vitamin.com\/wp-content\/uploads\/sites\/5\/2024\/05\/P302.7103__S_0__0ab979dcfd3942d6a9cadcdd4755dde5.jpg","type":"image\/jpeg"}],"twitter_card":"summary_large_image","twitter_misc":{"Gesch\u00e4tzte Lesezeit":"1\u00a0Minute"},"schema":{"@context":"https:\/\/schema.org","@graph":[{"@type":"WebPage","@id":"https:\/\/urban-vitamin.com\/de\/produkt\/stockton-65w-magnet-kabel-rcs-recyc-tpe-pet-weiss\/","url":"https:\/\/urban-vitamin.com\/de\/produkt\/stockton-65w-magnet-kabel-rcs-recyc-tpe-pet-weiss\/","name":"Stockton 65W magnet. Kabel RCS recyc. TPE\/PET, wei\u00df - Urban Vitamin","isPartOf":{"@id":"https:\/\/urban-vitamin.com\/de\/#website"},"primaryImageOfPage":{"@id":"https:\/\/urban-vitamin.com\/de\/produkt\/stockton-65w-magnet-kabel-rcs-recyc-tpe-pet-weiss\/#primaryimage"},"image":{"@id":"https:\/\/urban-vitamin.com\/de\/produkt\/stockton-65w-magnet-kabel-rcs-recyc-tpe-pet-weiss\/#primaryimage"},"thumbnailUrl":"https:\/\/urban-vitamin.com\/wp-content\/uploads\/sites\/5\/2024\/05\/P302.7103__S_0__0ab979dcfd3942d6a9cadcdd4755dde5.jpg","datePublished":"2026-03-12T01:06:22+00:00","dateModified":"2026-03-12T02:06:32+00:00","breadcrumb":{"@id":"https:\/\/urban-vitamin.com\/de\/produkt\/stockton-65w-magnet-kabel-rcs-recyc-tpe-pet-weiss\/#breadcrumb"},"inLanguage":"de","potentialAction":[{"@type":"ReadAction","target":["https:\/\/urban-vitamin.com\/de\/produkt\/stockton-65w-magnet-kabel-rcs-recyc-tpe-pet-weiss\/"]}]},{"@type":"ImageObject","inLanguage":"de","@id":"https:\/\/urban-vitamin.com\/de\/produkt\/stockton-65w-magnet-kabel-rcs-recyc-tpe-pet-weiss\/#primaryimage","url":"https:\/\/urban-vitamin.com\/wp-content\/uploads\/sites\/5\/2024\/05\/P302.7103__S_0__0ab979dcfd3942d6a9cadcdd4755dde5.jpg","contentUrl":"https:\/\/urban-vitamin.com\/wp-content\/uploads\/sites\/5\/2024\/05\/P302.7103__S_0__0ab979dcfd3942d6a9cadcdd4755dde5.jpg","width":1024,"height":1024},{"@type":"BreadcrumbList","@id":"https:\/\/urban-vitamin.com\/de\/produkt\/stockton-65w-magnet-kabel-rcs-recyc-tpe-pet-weiss\/#breadcrumb","itemListElement":[{"@type":"ListItem","position":1,"name":"Home","item":"https:\/\/urban-vitamin.com\/de\/"},{"@type":"ListItem","position":2,"name":"Kollektion","item":"https:\/\/urban-vitamin.com\/de\/kollektion\/"},{"@type":"ListItem","position":3,"name":"Stockton 65W magnet. Kabel RCS recyc. TPE\/PET, wei\u00df"}]},{"@type":"WebSite","@id":"https:\/\/urban-vitamin.com\/de\/#website","url":"https:\/\/urban-vitamin.com\/de\/","name":"Urban Vitamin","description":"Enjoy your daily dose of Urban Vitamin!","potentialAction":[{"@type":"SearchAction","target":{"@type":"EntryPoint","urlTemplate":"https:\/\/urban-vitamin.com\/de\/?s={search_term_string}"},"query-input":{"@type":"PropertyValueSpecification","valueRequired":true,"valueName":"search_term_string"}}],"inLanguage":"de"}]}},"_links":{"self":[{"href":"https:\/\/urban-vitamin.com\/de\/wp-json\/wp\/v2\/product\/18875","targetHints":{"allow":["GET"]}}],"collection":[{"href":"https:\/\/urban-vitamin.com\/de\/wp-json\/wp\/v2\/product"}],"about":[{"href":"https:\/\/urban-vitamin.com\/de\/wp-json\/wp\/v2\/types\/product"}],"replies":[{"embeddable":true,"href":"https:\/\/urban-vitamin.com\/de\/wp-json\/wp\/v2\/comments?post=18875"}],"wp:featuredmedia":[{"embeddable":true,"href":"https:\/\/urban-vitamin.com\/de\/wp-json\/wp\/v2\/media\/19169"}],"wp:attachment":[{"href":"https:\/\/urban-vitamin.com\/de\/wp-json\/wp\/v2\/media?parent=18875"}],"wp:term":[{"taxonomy":"product_cat","embeddable":true,"href":"https:\/\/urban-vitamin.com\/de\/wp-json\/wp\/v2\/product_cat?post=18875"},{"taxonomy":"product_tag","embeddable":true,"href":"https:\/\/urban-vitamin.com\/de\/wp-json\/wp\/v2\/product_tag?post=18875"}],"curies":[{"name":"wp","href":"https:\/\/api.w.org\/{rel}","templated":true}]}}