{"id":11460,"date":"2026-03-12T01:08:40","date_gmt":"2026-03-12T01:08:40","guid":{"rendered":"https:\/\/urban-vitamin.com\/p331-52-product-variation\/"},"modified":"2026-04-15T01:08:10","modified_gmt":"2026-04-15T01:08:10","slug":"palmdale-16w-ipx-7-speaker-aus-rcs-rplastik-schwarz","status":"publish","type":"product","link":"https:\/\/urban-vitamin.com\/de\/produkt\/palmdale-16w-ipx-7-speaker-aus-rcs-rplastik-schwarz\/","title":{"rendered":"Palmdale 16W IPX 7 Speaker aus RCS rPlastik, schwarz"},"content":{"rendered":"<p>Der kabellose 16W Palmdale Lautsprecher bietet Ihnen die Freiheit, Ihre Musik ohne Einschr\u00e4nkungen zu genie\u00dfen. Das praktische integrierte Trageband und das strapazierf\u00e4hige, wasserfeste Design (IPX 7) sorgen daf\u00fcr, dass Sie Ihre Lieblingssongs \u00fcberallhin mitnehmen k\u00f6nnen. Au\u00dferdem haben Sie die M\u00f6glichkeit, zwei Lautsprecher \u00fcber die Stereo-Pairing-Funktion miteinander zu verbinden, um ein authentisches Stereoklangerlebnis zu schaffen. Mit einer vollen Ladung k\u00f6nnen Sie bis zu 10 Stunden lang Musik abspielen. Die Doppel-Subwoofer sorgen f\u00fcr ein unvergleichliches Bass-Erlebnis. Pacific Grove wird aus RCS (Recycled Claim Standard) zertifiziert recyceltem ABS und recyceltem PET hergestellt. Recycelter Inhalt insgesamt: 38%, bezogen auf das Gesamtgewicht des Artikels. Die RCS-Zertifizierung gew\u00e4hrleistet eine vollst\u00e4ndig zertifizierte Lieferkette f\u00fcr die recycelten Materialien. Urban Vitamin-Artikel werden ohne PVC hergestellt und in kunststoffarmen Verpackungen verpackt.<\/p>\n","protected":false},"excerpt":{"rendered":"<p>Der kabellose 16W Palmdale Lautsprecher bietet Ihnen die Freiheit, Ihre Musik ohne Einschr\u00e4nkungen zu genie\u00dfen. Das praktische integrierte Trageband und das strapazierf\u00e4hige, wasserfeste Design (IPX 7) sorgen daf\u00fcr, dass Sie Ihre Lieblingssongs \u00fcberallhin mitnehmen k\u00f6nnen. Au\u00dferdem haben Sie die M\u00f6glichkeit, zwei Lautsprecher \u00fcber die Stereo-Pairing-Funktion miteinander zu verbinden, um ein authentisches Stereoklangerlebnis zu schaffen. Mit [&hellip;]<\/p>\n","protected":false},"featured_media":17869,"comment_status":"closed","ping_status":"closed","template":"","meta":{"_acf_changed":false,"om_disable_all_campaigns":false},"product_cat":[69],"product_tag":[],"class_list":["post-11460","product","type-product","status-publish","has-post-thumbnail","hentry","product_cat-lautsprecher","pa_color-black"],"acf":[],"yoast_head":"<!-- This site is optimized with the Yoast SEO plugin v27.0 - https:\/\/yoast.com\/product\/yoast-seo-wordpress\/ -->\n<title>Palmdale 16W IPX 7 Speaker aus RCS rPlastik, schwarz - Urban Vitamin<\/title>\n<meta name=\"robots\" content=\"index, follow, max-snippet:-1, max-image-preview:large, max-video-preview:-1\" \/>\n<link rel=\"canonical\" href=\"https:\/\/urban-vitamin.com\/de\/produkt\/palmdale-16w-ipx-7-speaker-aus-rcs-rplastik-schwarz\/\" \/>\n<meta property=\"og:locale\" content=\"de_DE\" \/>\n<meta property=\"og:type\" content=\"article\" \/>\n<meta property=\"og:title\" content=\"Palmdale 16W IPX 7 Speaker aus RCS rPlastik, schwarz - Urban Vitamin\" \/>\n<meta property=\"og:description\" content=\"Der kabellose 16W Palmdale Lautsprecher bietet Ihnen die Freiheit, Ihre Musik ohne Einschr\u00e4nkungen zu genie\u00dfen. Das praktische integrierte Trageband und das strapazierf\u00e4hige, wasserfeste Design (IPX 7) sorgen daf\u00fcr, dass Sie Ihre Lieblingssongs \u00fcberallhin mitnehmen k\u00f6nnen. Au\u00dferdem haben Sie die M\u00f6glichkeit, zwei Lautsprecher \u00fcber die Stereo-Pairing-Funktion miteinander zu verbinden, um ein authentisches Stereoklangerlebnis zu schaffen. Mit [&hellip;]\" \/>\n<meta property=\"og:url\" content=\"https:\/\/urban-vitamin.com\/de\/produkt\/palmdale-16w-ipx-7-speaker-aus-rcs-rplastik-schwarz\/\" \/>\n<meta property=\"og:site_name\" content=\"Urban Vitamin\" \/>\n<meta property=\"article:modified_time\" content=\"2026-04-15T01:08:10+00:00\" \/>\n<meta property=\"og:image\" content=\"https:\/\/urban-vitamin.com\/wp-content\/uploads\/sites\/5\/2024\/02\/P331.521__B_1__60f737c3f94b4c92801b4dbc2f737855.jpg\" \/>\n\t<meta property=\"og:image:width\" content=\"1024\" \/>\n\t<meta property=\"og:image:height\" content=\"1024\" \/>\n\t<meta property=\"og:image:type\" content=\"image\/jpeg\" \/>\n<meta name=\"twitter:card\" content=\"summary_large_image\" \/>\n<meta name=\"twitter:label1\" content=\"Gesch\u00e4tzte Lesezeit\" \/>\n\t<meta name=\"twitter:data1\" content=\"1\u00a0Minute\" \/>\n<script type=\"application\/ld+json\" class=\"yoast-schema-graph\">{\"@context\":\"https:\/\/schema.org\",\"@graph\":[{\"@type\":\"WebPage\",\"@id\":\"https:\/\/urban-vitamin.com\/de\/produkt\/palmdale-16w-ipx-7-speaker-aus-rcs-rplastik-schwarz\/\",\"url\":\"https:\/\/urban-vitamin.com\/de\/produkt\/palmdale-16w-ipx-7-speaker-aus-rcs-rplastik-schwarz\/\",\"name\":\"Palmdale 16W IPX 7 Speaker aus RCS rPlastik, schwarz - Urban Vitamin\",\"isPartOf\":{\"@id\":\"https:\/\/urban-vitamin.com\/de\/#website\"},\"primaryImageOfPage\":{\"@id\":\"https:\/\/urban-vitamin.com\/de\/produkt\/palmdale-16w-ipx-7-speaker-aus-rcs-rplastik-schwarz\/#primaryimage\"},\"image\":{\"@id\":\"https:\/\/urban-vitamin.com\/de\/produkt\/palmdale-16w-ipx-7-speaker-aus-rcs-rplastik-schwarz\/#primaryimage\"},\"thumbnailUrl\":\"https:\/\/urban-vitamin.com\/wp-content\/uploads\/sites\/5\/2024\/02\/P331.521__B_1__60f737c3f94b4c92801b4dbc2f737855.jpg\",\"datePublished\":\"2026-03-12T01:08:40+00:00\",\"dateModified\":\"2026-04-15T01:08:10+00:00\",\"breadcrumb\":{\"@id\":\"https:\/\/urban-vitamin.com\/de\/produkt\/palmdale-16w-ipx-7-speaker-aus-rcs-rplastik-schwarz\/#breadcrumb\"},\"inLanguage\":\"de\",\"potentialAction\":[{\"@type\":\"ReadAction\",\"target\":[\"https:\/\/urban-vitamin.com\/de\/produkt\/palmdale-16w-ipx-7-speaker-aus-rcs-rplastik-schwarz\/\"]}]},{\"@type\":\"ImageObject\",\"inLanguage\":\"de\",\"@id\":\"https:\/\/urban-vitamin.com\/de\/produkt\/palmdale-16w-ipx-7-speaker-aus-rcs-rplastik-schwarz\/#primaryimage\",\"url\":\"https:\/\/urban-vitamin.com\/wp-content\/uploads\/sites\/5\/2024\/02\/P331.521__B_1__60f737c3f94b4c92801b4dbc2f737855.jpg\",\"contentUrl\":\"https:\/\/urban-vitamin.com\/wp-content\/uploads\/sites\/5\/2024\/02\/P331.521__B_1__60f737c3f94b4c92801b4dbc2f737855.jpg\",\"width\":1024,\"height\":1024},{\"@type\":\"BreadcrumbList\",\"@id\":\"https:\/\/urban-vitamin.com\/de\/produkt\/palmdale-16w-ipx-7-speaker-aus-rcs-rplastik-schwarz\/#breadcrumb\",\"itemListElement\":[{\"@type\":\"ListItem\",\"position\":1,\"name\":\"Home\",\"item\":\"https:\/\/urban-vitamin.com\/de\/\"},{\"@type\":\"ListItem\",\"position\":2,\"name\":\"Kollektion\",\"item\":\"https:\/\/urban-vitamin.com\/de\/kollektion\/\"},{\"@type\":\"ListItem\",\"position\":3,\"name\":\"Palmdale 16W IPX 7 Speaker aus RCS rPlastik, schwarz\"}]},{\"@type\":\"WebSite\",\"@id\":\"https:\/\/urban-vitamin.com\/de\/#website\",\"url\":\"https:\/\/urban-vitamin.com\/de\/\",\"name\":\"Urban Vitamin\",\"description\":\"Enjoy your daily dose of Urban Vitamin!\",\"potentialAction\":[{\"@type\":\"SearchAction\",\"target\":{\"@type\":\"EntryPoint\",\"urlTemplate\":\"https:\/\/urban-vitamin.com\/de\/?s={search_term_string}\"},\"query-input\":{\"@type\":\"PropertyValueSpecification\",\"valueRequired\":true,\"valueName\":\"search_term_string\"}}],\"inLanguage\":\"de\"}]}<\/script>\n<!-- \/ Yoast SEO plugin. -->","yoast_head_json":{"title":"Palmdale 16W IPX 7 Speaker aus RCS rPlastik, schwarz - Urban Vitamin","robots":{"index":"index","follow":"follow","max-snippet":"max-snippet:-1","max-image-preview":"max-image-preview:large","max-video-preview":"max-video-preview:-1"},"canonical":"https:\/\/urban-vitamin.com\/de\/produkt\/palmdale-16w-ipx-7-speaker-aus-rcs-rplastik-schwarz\/","og_locale":"de_DE","og_type":"article","og_title":"Palmdale 16W IPX 7 Speaker aus RCS rPlastik, schwarz - Urban Vitamin","og_description":"Der kabellose 16W Palmdale Lautsprecher bietet Ihnen die Freiheit, Ihre Musik ohne Einschr\u00e4nkungen zu genie\u00dfen. Das praktische integrierte Trageband und das strapazierf\u00e4hige, wasserfeste Design (IPX 7) sorgen daf\u00fcr, dass Sie Ihre Lieblingssongs \u00fcberallhin mitnehmen k\u00f6nnen. Au\u00dferdem haben Sie die M\u00f6glichkeit, zwei Lautsprecher \u00fcber die Stereo-Pairing-Funktion miteinander zu verbinden, um ein authentisches Stereoklangerlebnis zu schaffen. Mit [&hellip;]","og_url":"https:\/\/urban-vitamin.com\/de\/produkt\/palmdale-16w-ipx-7-speaker-aus-rcs-rplastik-schwarz\/","og_site_name":"Urban Vitamin","article_modified_time":"2026-04-15T01:08:10+00:00","og_image":[{"width":1024,"height":1024,"url":"https:\/\/urban-vitamin.com\/wp-content\/uploads\/sites\/5\/2024\/02\/P331.521__B_1__60f737c3f94b4c92801b4dbc2f737855.jpg","type":"image\/jpeg"}],"twitter_card":"summary_large_image","twitter_misc":{"Gesch\u00e4tzte Lesezeit":"1\u00a0Minute"},"schema":{"@context":"https:\/\/schema.org","@graph":[{"@type":"WebPage","@id":"https:\/\/urban-vitamin.com\/de\/produkt\/palmdale-16w-ipx-7-speaker-aus-rcs-rplastik-schwarz\/","url":"https:\/\/urban-vitamin.com\/de\/produkt\/palmdale-16w-ipx-7-speaker-aus-rcs-rplastik-schwarz\/","name":"Palmdale 16W IPX 7 Speaker aus RCS rPlastik, schwarz - Urban Vitamin","isPartOf":{"@id":"https:\/\/urban-vitamin.com\/de\/#website"},"primaryImageOfPage":{"@id":"https:\/\/urban-vitamin.com\/de\/produkt\/palmdale-16w-ipx-7-speaker-aus-rcs-rplastik-schwarz\/#primaryimage"},"image":{"@id":"https:\/\/urban-vitamin.com\/de\/produkt\/palmdale-16w-ipx-7-speaker-aus-rcs-rplastik-schwarz\/#primaryimage"},"thumbnailUrl":"https:\/\/urban-vitamin.com\/wp-content\/uploads\/sites\/5\/2024\/02\/P331.521__B_1__60f737c3f94b4c92801b4dbc2f737855.jpg","datePublished":"2026-03-12T01:08:40+00:00","dateModified":"2026-04-15T01:08:10+00:00","breadcrumb":{"@id":"https:\/\/urban-vitamin.com\/de\/produkt\/palmdale-16w-ipx-7-speaker-aus-rcs-rplastik-schwarz\/#breadcrumb"},"inLanguage":"de","potentialAction":[{"@type":"ReadAction","target":["https:\/\/urban-vitamin.com\/de\/produkt\/palmdale-16w-ipx-7-speaker-aus-rcs-rplastik-schwarz\/"]}]},{"@type":"ImageObject","inLanguage":"de","@id":"https:\/\/urban-vitamin.com\/de\/produkt\/palmdale-16w-ipx-7-speaker-aus-rcs-rplastik-schwarz\/#primaryimage","url":"https:\/\/urban-vitamin.com\/wp-content\/uploads\/sites\/5\/2024\/02\/P331.521__B_1__60f737c3f94b4c92801b4dbc2f737855.jpg","contentUrl":"https:\/\/urban-vitamin.com\/wp-content\/uploads\/sites\/5\/2024\/02\/P331.521__B_1__60f737c3f94b4c92801b4dbc2f737855.jpg","width":1024,"height":1024},{"@type":"BreadcrumbList","@id":"https:\/\/urban-vitamin.com\/de\/produkt\/palmdale-16w-ipx-7-speaker-aus-rcs-rplastik-schwarz\/#breadcrumb","itemListElement":[{"@type":"ListItem","position":1,"name":"Home","item":"https:\/\/urban-vitamin.com\/de\/"},{"@type":"ListItem","position":2,"name":"Kollektion","item":"https:\/\/urban-vitamin.com\/de\/kollektion\/"},{"@type":"ListItem","position":3,"name":"Palmdale 16W IPX 7 Speaker aus RCS rPlastik, schwarz"}]},{"@type":"WebSite","@id":"https:\/\/urban-vitamin.com\/de\/#website","url":"https:\/\/urban-vitamin.com\/de\/","name":"Urban Vitamin","description":"Enjoy your daily dose of Urban Vitamin!","potentialAction":[{"@type":"SearchAction","target":{"@type":"EntryPoint","urlTemplate":"https:\/\/urban-vitamin.com\/de\/?s={search_term_string}"},"query-input":{"@type":"PropertyValueSpecification","valueRequired":true,"valueName":"search_term_string"}}],"inLanguage":"de"}]}},"_links":{"self":[{"href":"https:\/\/urban-vitamin.com\/de\/wp-json\/wp\/v2\/product\/11460","targetHints":{"allow":["GET"]}}],"collection":[{"href":"https:\/\/urban-vitamin.com\/de\/wp-json\/wp\/v2\/product"}],"about":[{"href":"https:\/\/urban-vitamin.com\/de\/wp-json\/wp\/v2\/types\/product"}],"replies":[{"embeddable":true,"href":"https:\/\/urban-vitamin.com\/de\/wp-json\/wp\/v2\/comments?post=11460"}],"wp:featuredmedia":[{"embeddable":true,"href":"https:\/\/urban-vitamin.com\/de\/wp-json\/wp\/v2\/media\/17869"}],"wp:attachment":[{"href":"https:\/\/urban-vitamin.com\/de\/wp-json\/wp\/v2\/media?parent=11460"}],"wp:term":[{"taxonomy":"product_cat","embeddable":true,"href":"https:\/\/urban-vitamin.com\/de\/wp-json\/wp\/v2\/product_cat?post=11460"},{"taxonomy":"product_tag","embeddable":true,"href":"https:\/\/urban-vitamin.com\/de\/wp-json\/wp\/v2\/product_tag?post=11460"}],"curies":[{"name":"wp","href":"https:\/\/api.w.org\/{rel}","templated":true}]}}