{"id":11459,"date":"2026-03-12T01:08:24","date_gmt":"2026-03-12T01:08:24","guid":{"rendered":"https:\/\/urban-vitamin.com\/urban-vitamin-pacific-grove-30w-ipx7-speaker-aus-rcs-plastik-schwarz\/"},"modified":"2026-03-12T02:08:50","modified_gmt":"2026-03-12T02:08:50","slug":"pacific-grove-30w-ipx7-speaker-aus-rcs-plastik-schwarz","status":"publish","type":"product","link":"https:\/\/urban-vitamin.com\/de\/produkt\/pacific-grove-30w-ipx7-speaker-aus-rcs-plastik-schwarz\/","title":{"rendered":"Pacific Grove 30W IPX7 Speaker aus RCS Plastik, schwarz"},"content":{"rendered":"<p>Der Pacific Grove 30W Speaker bietet Ihnen die Freiheit, Ihre Musik ohne Einschr\u00e4nkungen zu genie\u00dfen. Das praktische integrierte Trageband und das strapazierf\u00e4hige, wasserfeste Design (IPX 7) sorgen daf\u00fcr, dass Sie Ihre Lieblingssongs \u00fcberallhin mitnehmen k\u00f6nnen. Au\u00dferdem haben Sie die M\u00f6glichkeit, zwei Lautsprecher \u00fcber die Stereo-Pairing-Funktion miteinander zu verbinden, um ein authentisches Stereoklangerlebnis zu schaffen. Mit einer vollen Ladung k\u00f6nnen Sie bis zu 8 Stunden lang Musik abspielen. Die Doppel-Subwoofer sorgen f\u00fcr ein unvergleichliches Bass-Erlebnis. Pacific Grove wird aus RCS (Recycled Claim Standard) zertifiziert recyceltem ABS und recyceltem PET hergestellt. Recycelter Inhalt insgesamt: 36% basierend auf dem Gesamtgewicht des Artikels. Die RCS-Zertifizierung gew\u00e4hrleistet eine vollst\u00e4ndig zertifizierte Lieferkette f\u00fcr die recycelten Materialien. Urban Vitamin-Artikel werden ohne PVC hergestellt und in kunststoffarmen Verpackungen verpackt.<\/p>\n","protected":false},"excerpt":{"rendered":"<p>Der Pacific Grove 30W Speaker bietet Ihnen die Freiheit, Ihre Musik ohne Einschr\u00e4nkungen zu genie\u00dfen. Das praktische integrierte Trageband und das strapazierf\u00e4hige, wasserfeste Design (IPX 7) sorgen daf\u00fcr, dass Sie Ihre Lieblingssongs \u00fcberallhin mitnehmen k\u00f6nnen. Au\u00dferdem haben Sie die M\u00f6glichkeit, zwei Lautsprecher \u00fcber die Stereo-Pairing-Funktion miteinander zu verbinden, um ein authentisches Stereoklangerlebnis zu schaffen. Mit [&hellip;]<\/p>\n","protected":false},"featured_media":19071,"comment_status":"closed","ping_status":"closed","template":"","meta":{"_acf_changed":false,"om_disable_all_campaigns":false},"product_cat":[69],"product_tag":[],"class_list":["post-11459","product","type-product","status-publish","has-post-thumbnail","hentry","product_cat-lautsprecher","pa_color-black"],"acf":[],"yoast_head":"<!-- This site is optimized with the Yoast SEO plugin v27.0 - https:\/\/yoast.com\/product\/yoast-seo-wordpress\/ -->\n<title>Pacific Grove 30W IPX7 Speaker aus RCS Plastik, schwarz - Urban Vitamin<\/title>\n<meta name=\"robots\" content=\"index, follow, max-snippet:-1, max-image-preview:large, max-video-preview:-1\" \/>\n<link rel=\"canonical\" href=\"https:\/\/urban-vitamin.com\/de\/produkt\/pacific-grove-30w-ipx7-speaker-aus-rcs-plastik-schwarz\/\" \/>\n<meta property=\"og:locale\" content=\"de_DE\" \/>\n<meta property=\"og:type\" content=\"article\" \/>\n<meta property=\"og:title\" content=\"Pacific Grove 30W IPX7 Speaker aus RCS Plastik, schwarz - Urban Vitamin\" \/>\n<meta property=\"og:description\" content=\"Der Pacific Grove 30W Speaker bietet Ihnen die Freiheit, Ihre Musik ohne Einschr\u00e4nkungen zu genie\u00dfen. Das praktische integrierte Trageband und das strapazierf\u00e4hige, wasserfeste Design (IPX 7) sorgen daf\u00fcr, dass Sie Ihre Lieblingssongs \u00fcberallhin mitnehmen k\u00f6nnen. Au\u00dferdem haben Sie die M\u00f6glichkeit, zwei Lautsprecher \u00fcber die Stereo-Pairing-Funktion miteinander zu verbinden, um ein authentisches Stereoklangerlebnis zu schaffen. Mit [&hellip;]\" \/>\n<meta property=\"og:url\" content=\"https:\/\/urban-vitamin.com\/de\/produkt\/pacific-grove-30w-ipx7-speaker-aus-rcs-plastik-schwarz\/\" \/>\n<meta property=\"og:site_name\" content=\"Urban Vitamin\" \/>\n<meta property=\"article:modified_time\" content=\"2026-03-12T02:08:50+00:00\" \/>\n<meta property=\"og:image\" content=\"https:\/\/urban-vitamin.com\/wp-content\/uploads\/sites\/5\/2024\/05\/P331.511__S_0__9014c4827f1741c1a45384ab5761777d.jpg\" \/>\n\t<meta property=\"og:image:width\" content=\"1024\" \/>\n\t<meta property=\"og:image:height\" content=\"1024\" \/>\n\t<meta property=\"og:image:type\" content=\"image\/jpeg\" \/>\n<meta name=\"twitter:card\" content=\"summary_large_image\" \/>\n<meta name=\"twitter:label1\" content=\"Gesch\u00e4tzte Lesezeit\" \/>\n\t<meta name=\"twitter:data1\" content=\"1\u00a0Minute\" \/>\n<script type=\"application\/ld+json\" class=\"yoast-schema-graph\">{\"@context\":\"https:\/\/schema.org\",\"@graph\":[{\"@type\":\"WebPage\",\"@id\":\"https:\/\/urban-vitamin.com\/de\/produkt\/pacific-grove-30w-ipx7-speaker-aus-rcs-plastik-schwarz\/\",\"url\":\"https:\/\/urban-vitamin.com\/de\/produkt\/pacific-grove-30w-ipx7-speaker-aus-rcs-plastik-schwarz\/\",\"name\":\"Pacific Grove 30W IPX7 Speaker aus RCS Plastik, schwarz - Urban Vitamin\",\"isPartOf\":{\"@id\":\"https:\/\/urban-vitamin.com\/de\/#website\"},\"primaryImageOfPage\":{\"@id\":\"https:\/\/urban-vitamin.com\/de\/produkt\/pacific-grove-30w-ipx7-speaker-aus-rcs-plastik-schwarz\/#primaryimage\"},\"image\":{\"@id\":\"https:\/\/urban-vitamin.com\/de\/produkt\/pacific-grove-30w-ipx7-speaker-aus-rcs-plastik-schwarz\/#primaryimage\"},\"thumbnailUrl\":\"https:\/\/urban-vitamin.com\/wp-content\/uploads\/sites\/5\/2024\/05\/P331.511__S_0__9014c4827f1741c1a45384ab5761777d.jpg\",\"datePublished\":\"2026-03-12T01:08:24+00:00\",\"dateModified\":\"2026-03-12T02:08:50+00:00\",\"breadcrumb\":{\"@id\":\"https:\/\/urban-vitamin.com\/de\/produkt\/pacific-grove-30w-ipx7-speaker-aus-rcs-plastik-schwarz\/#breadcrumb\"},\"inLanguage\":\"de\",\"potentialAction\":[{\"@type\":\"ReadAction\",\"target\":[\"https:\/\/urban-vitamin.com\/de\/produkt\/pacific-grove-30w-ipx7-speaker-aus-rcs-plastik-schwarz\/\"]}]},{\"@type\":\"ImageObject\",\"inLanguage\":\"de\",\"@id\":\"https:\/\/urban-vitamin.com\/de\/produkt\/pacific-grove-30w-ipx7-speaker-aus-rcs-plastik-schwarz\/#primaryimage\",\"url\":\"https:\/\/urban-vitamin.com\/wp-content\/uploads\/sites\/5\/2024\/05\/P331.511__S_0__9014c4827f1741c1a45384ab5761777d.jpg\",\"contentUrl\":\"https:\/\/urban-vitamin.com\/wp-content\/uploads\/sites\/5\/2024\/05\/P331.511__S_0__9014c4827f1741c1a45384ab5761777d.jpg\",\"width\":1024,\"height\":1024},{\"@type\":\"BreadcrumbList\",\"@id\":\"https:\/\/urban-vitamin.com\/de\/produkt\/pacific-grove-30w-ipx7-speaker-aus-rcs-plastik-schwarz\/#breadcrumb\",\"itemListElement\":[{\"@type\":\"ListItem\",\"position\":1,\"name\":\"Home\",\"item\":\"https:\/\/urban-vitamin.com\/de\/\"},{\"@type\":\"ListItem\",\"position\":2,\"name\":\"Kollektion\",\"item\":\"https:\/\/urban-vitamin.com\/de\/kollektion\/\"},{\"@type\":\"ListItem\",\"position\":3,\"name\":\"Pacific Grove 30W IPX7 Speaker aus RCS Plastik, schwarz\"}]},{\"@type\":\"WebSite\",\"@id\":\"https:\/\/urban-vitamin.com\/de\/#website\",\"url\":\"https:\/\/urban-vitamin.com\/de\/\",\"name\":\"Urban Vitamin\",\"description\":\"Enjoy your daily dose of Urban Vitamin!\",\"potentialAction\":[{\"@type\":\"SearchAction\",\"target\":{\"@type\":\"EntryPoint\",\"urlTemplate\":\"https:\/\/urban-vitamin.com\/de\/?s={search_term_string}\"},\"query-input\":{\"@type\":\"PropertyValueSpecification\",\"valueRequired\":true,\"valueName\":\"search_term_string\"}}],\"inLanguage\":\"de\"}]}<\/script>\n<!-- \/ Yoast SEO plugin. -->","yoast_head_json":{"title":"Pacific Grove 30W IPX7 Speaker aus RCS Plastik, schwarz - Urban Vitamin","robots":{"index":"index","follow":"follow","max-snippet":"max-snippet:-1","max-image-preview":"max-image-preview:large","max-video-preview":"max-video-preview:-1"},"canonical":"https:\/\/urban-vitamin.com\/de\/produkt\/pacific-grove-30w-ipx7-speaker-aus-rcs-plastik-schwarz\/","og_locale":"de_DE","og_type":"article","og_title":"Pacific Grove 30W IPX7 Speaker aus RCS Plastik, schwarz - Urban Vitamin","og_description":"Der Pacific Grove 30W Speaker bietet Ihnen die Freiheit, Ihre Musik ohne Einschr\u00e4nkungen zu genie\u00dfen. Das praktische integrierte Trageband und das strapazierf\u00e4hige, wasserfeste Design (IPX 7) sorgen daf\u00fcr, dass Sie Ihre Lieblingssongs \u00fcberallhin mitnehmen k\u00f6nnen. Au\u00dferdem haben Sie die M\u00f6glichkeit, zwei Lautsprecher \u00fcber die Stereo-Pairing-Funktion miteinander zu verbinden, um ein authentisches Stereoklangerlebnis zu schaffen. Mit [&hellip;]","og_url":"https:\/\/urban-vitamin.com\/de\/produkt\/pacific-grove-30w-ipx7-speaker-aus-rcs-plastik-schwarz\/","og_site_name":"Urban Vitamin","article_modified_time":"2026-03-12T02:08:50+00:00","og_image":[{"width":1024,"height":1024,"url":"https:\/\/urban-vitamin.com\/wp-content\/uploads\/sites\/5\/2024\/05\/P331.511__S_0__9014c4827f1741c1a45384ab5761777d.jpg","type":"image\/jpeg"}],"twitter_card":"summary_large_image","twitter_misc":{"Gesch\u00e4tzte Lesezeit":"1\u00a0Minute"},"schema":{"@context":"https:\/\/schema.org","@graph":[{"@type":"WebPage","@id":"https:\/\/urban-vitamin.com\/de\/produkt\/pacific-grove-30w-ipx7-speaker-aus-rcs-plastik-schwarz\/","url":"https:\/\/urban-vitamin.com\/de\/produkt\/pacific-grove-30w-ipx7-speaker-aus-rcs-plastik-schwarz\/","name":"Pacific Grove 30W IPX7 Speaker aus RCS Plastik, schwarz - Urban Vitamin","isPartOf":{"@id":"https:\/\/urban-vitamin.com\/de\/#website"},"primaryImageOfPage":{"@id":"https:\/\/urban-vitamin.com\/de\/produkt\/pacific-grove-30w-ipx7-speaker-aus-rcs-plastik-schwarz\/#primaryimage"},"image":{"@id":"https:\/\/urban-vitamin.com\/de\/produkt\/pacific-grove-30w-ipx7-speaker-aus-rcs-plastik-schwarz\/#primaryimage"},"thumbnailUrl":"https:\/\/urban-vitamin.com\/wp-content\/uploads\/sites\/5\/2024\/05\/P331.511__S_0__9014c4827f1741c1a45384ab5761777d.jpg","datePublished":"2026-03-12T01:08:24+00:00","dateModified":"2026-03-12T02:08:50+00:00","breadcrumb":{"@id":"https:\/\/urban-vitamin.com\/de\/produkt\/pacific-grove-30w-ipx7-speaker-aus-rcs-plastik-schwarz\/#breadcrumb"},"inLanguage":"de","potentialAction":[{"@type":"ReadAction","target":["https:\/\/urban-vitamin.com\/de\/produkt\/pacific-grove-30w-ipx7-speaker-aus-rcs-plastik-schwarz\/"]}]},{"@type":"ImageObject","inLanguage":"de","@id":"https:\/\/urban-vitamin.com\/de\/produkt\/pacific-grove-30w-ipx7-speaker-aus-rcs-plastik-schwarz\/#primaryimage","url":"https:\/\/urban-vitamin.com\/wp-content\/uploads\/sites\/5\/2024\/05\/P331.511__S_0__9014c4827f1741c1a45384ab5761777d.jpg","contentUrl":"https:\/\/urban-vitamin.com\/wp-content\/uploads\/sites\/5\/2024\/05\/P331.511__S_0__9014c4827f1741c1a45384ab5761777d.jpg","width":1024,"height":1024},{"@type":"BreadcrumbList","@id":"https:\/\/urban-vitamin.com\/de\/produkt\/pacific-grove-30w-ipx7-speaker-aus-rcs-plastik-schwarz\/#breadcrumb","itemListElement":[{"@type":"ListItem","position":1,"name":"Home","item":"https:\/\/urban-vitamin.com\/de\/"},{"@type":"ListItem","position":2,"name":"Kollektion","item":"https:\/\/urban-vitamin.com\/de\/kollektion\/"},{"@type":"ListItem","position":3,"name":"Pacific Grove 30W IPX7 Speaker aus RCS Plastik, schwarz"}]},{"@type":"WebSite","@id":"https:\/\/urban-vitamin.com\/de\/#website","url":"https:\/\/urban-vitamin.com\/de\/","name":"Urban Vitamin","description":"Enjoy your daily dose of Urban Vitamin!","potentialAction":[{"@type":"SearchAction","target":{"@type":"EntryPoint","urlTemplate":"https:\/\/urban-vitamin.com\/de\/?s={search_term_string}"},"query-input":{"@type":"PropertyValueSpecification","valueRequired":true,"valueName":"search_term_string"}}],"inLanguage":"de"}]}},"_links":{"self":[{"href":"https:\/\/urban-vitamin.com\/de\/wp-json\/wp\/v2\/product\/11459","targetHints":{"allow":["GET"]}}],"collection":[{"href":"https:\/\/urban-vitamin.com\/de\/wp-json\/wp\/v2\/product"}],"about":[{"href":"https:\/\/urban-vitamin.com\/de\/wp-json\/wp\/v2\/types\/product"}],"replies":[{"embeddable":true,"href":"https:\/\/urban-vitamin.com\/de\/wp-json\/wp\/v2\/comments?post=11459"}],"wp:featuredmedia":[{"embeddable":true,"href":"https:\/\/urban-vitamin.com\/de\/wp-json\/wp\/v2\/media\/19071"}],"wp:attachment":[{"href":"https:\/\/urban-vitamin.com\/de\/wp-json\/wp\/v2\/media?parent=11459"}],"wp:term":[{"taxonomy":"product_cat","embeddable":true,"href":"https:\/\/urban-vitamin.com\/de\/wp-json\/wp\/v2\/product_cat?post=11459"},{"taxonomy":"product_tag","embeddable":true,"href":"https:\/\/urban-vitamin.com\/de\/wp-json\/wp\/v2\/product_tag?post=11459"}],"curies":[{"name":"wp","href":"https:\/\/api.w.org\/{rel}","templated":true}]}}