{"id":10574,"date":"2026-03-12T01:06:52","date_gmt":"2026-03-12T01:06:52","guid":{"rendered":"https:\/\/urban-vitamin.com\/compton-rcs-recycelter-kunststoff-aluminium-10-000-powerbank-schwarz\/"},"modified":"2026-03-12T02:07:20","modified_gmt":"2026-03-12T02:07:20","slug":"compton-10000mah-powerbank-aus-rcs-plastik-alu-schwarz","status":"publish","type":"product","link":"https:\/\/urban-vitamin.com\/de\/produkt\/compton-10000mah-powerbank-aus-rcs-plastik-alu-schwarz\/","title":{"rendered":"Compton 10000mAh Powerbank aus RCS Plastik\/Alu, schwarz"},"content":{"rendered":"<p>Comptons magnetische Technologie haftet m\u00fchelos an Ihrem iPhone 12 und neueren Apple Modellen sowie an neuen Generationen von Android-Telefonen und gew\u00e4hrleistet eine nahtlose Verbindung f\u00fcr blitzschnelles 15W-Laden. Brauchen Sie einen schnellen Energiekick, um den Tag zu meistern? Compton unterst\u00fctzt blitzschnelles 20W-Schnellladen \u00fcber seinen Typ-C-Port, sowohl zum Aufladen der Powerbank selbst als auch zum Superschnellladen Ihres Ger\u00e4ts. Kein langes Warten mehr \u2013 kommen Sie im Nu zur\u00fcck zu dem, was am wichtigsten ist! Es k\u00f6nnte nicht einfacher sein \u2013 klicken Sie einfach Compton auf Ihr Telefon, und sehen Sie die Magie geschehen! Unser intelligentes Design startet das Laden automatisch im Moment der Verbindung und stellt sicher, dass Ihre Ger\u00e4te immer geladen sind, wenn Sie sie brauchen. Wir glauben an Qualit\u00e4t, deshalb ist Compton mit einem hochwertigen 10.000 mAh 100% Kobalt-Akku ( f\u00fcr bis zu 1200 Zyklen) ausgestattet.Hergestellt aus RCS zertifiziert recyceltem Aluminium &amp; ABS.<\/p>\n","protected":false},"excerpt":{"rendered":"<p>Comptons magnetische Technologie haftet m\u00fchelos an Ihrem iPhone 12 und neueren Apple Modellen sowie an neuen Generationen von Android-Telefonen und gew\u00e4hrleistet eine nahtlose Verbindung f\u00fcr blitzschnelles 15W-Laden. Brauchen Sie einen schnellen Energiekick, um den Tag zu meistern? Compton unterst\u00fctzt blitzschnelles 20W-Schnellladen \u00fcber seinen Typ-C-Port, sowohl zum Aufladen der Powerbank selbst als auch zum Superschnellladen Ihres [&hellip;]<\/p>\n","protected":false},"featured_media":13914,"comment_status":"closed","ping_status":"closed","template":"","meta":{"_acf_changed":false,"om_disable_all_campaigns":false},"product_cat":[70],"product_tag":[],"class_list":["post-10574","product","type-product","status-publish","has-post-thumbnail","hentry","product_cat-powerbanks-de","pa_color-black"],"acf":[],"yoast_head":"<!-- This site is optimized with the Yoast SEO plugin v27.0 - https:\/\/yoast.com\/product\/yoast-seo-wordpress\/ -->\n<title>Compton 10000mAh Powerbank aus RCS Plastik\/Alu, schwarz - Urban Vitamin<\/title>\n<meta name=\"robots\" content=\"index, follow, max-snippet:-1, max-image-preview:large, max-video-preview:-1\" \/>\n<link rel=\"canonical\" href=\"https:\/\/urban-vitamin.com\/de\/produkt\/compton-10000mah-powerbank-aus-rcs-plastik-alu-schwarz\/\" \/>\n<meta property=\"og:locale\" content=\"de_DE\" \/>\n<meta property=\"og:type\" content=\"article\" \/>\n<meta property=\"og:title\" content=\"Compton 10000mAh Powerbank aus RCS Plastik\/Alu, schwarz - Urban Vitamin\" \/>\n<meta property=\"og:description\" content=\"Comptons magnetische Technologie haftet m\u00fchelos an Ihrem iPhone 12 und neueren Apple Modellen sowie an neuen Generationen von Android-Telefonen und gew\u00e4hrleistet eine nahtlose Verbindung f\u00fcr blitzschnelles 15W-Laden. Brauchen Sie einen schnellen Energiekick, um den Tag zu meistern? Compton unterst\u00fctzt blitzschnelles 20W-Schnellladen \u00fcber seinen Typ-C-Port, sowohl zum Aufladen der Powerbank selbst als auch zum Superschnellladen Ihres [&hellip;]\" \/>\n<meta property=\"og:url\" content=\"https:\/\/urban-vitamin.com\/de\/produkt\/compton-10000mah-powerbank-aus-rcs-plastik-alu-schwarz\/\" \/>\n<meta property=\"og:site_name\" content=\"Urban Vitamin\" \/>\n<meta property=\"article:modified_time\" content=\"2026-03-12T02:07:20+00:00\" \/>\n<meta property=\"og:image\" content=\"https:\/\/urban-vitamin.com\/wp-content\/uploads\/sites\/5\/2024\/02\/P322.841__S_0__ee1b3d0149b8423bb657aae8b0b0f4bf.jpg\" \/>\n\t<meta property=\"og:image:width\" content=\"1024\" \/>\n\t<meta property=\"og:image:height\" content=\"1024\" \/>\n\t<meta property=\"og:image:type\" content=\"image\/jpeg\" \/>\n<meta name=\"twitter:card\" content=\"summary_large_image\" \/>\n<meta name=\"twitter:label1\" content=\"Gesch\u00e4tzte Lesezeit\" \/>\n\t<meta name=\"twitter:data1\" content=\"1\u00a0Minute\" \/>\n<script type=\"application\/ld+json\" class=\"yoast-schema-graph\">{\"@context\":\"https:\/\/schema.org\",\"@graph\":[{\"@type\":\"WebPage\",\"@id\":\"https:\/\/urban-vitamin.com\/de\/produkt\/compton-10000mah-powerbank-aus-rcs-plastik-alu-schwarz\/\",\"url\":\"https:\/\/urban-vitamin.com\/de\/produkt\/compton-10000mah-powerbank-aus-rcs-plastik-alu-schwarz\/\",\"name\":\"Compton 10000mAh Powerbank aus RCS Plastik\/Alu, schwarz - Urban Vitamin\",\"isPartOf\":{\"@id\":\"https:\/\/urban-vitamin.com\/de\/#website\"},\"primaryImageOfPage\":{\"@id\":\"https:\/\/urban-vitamin.com\/de\/produkt\/compton-10000mah-powerbank-aus-rcs-plastik-alu-schwarz\/#primaryimage\"},\"image\":{\"@id\":\"https:\/\/urban-vitamin.com\/de\/produkt\/compton-10000mah-powerbank-aus-rcs-plastik-alu-schwarz\/#primaryimage\"},\"thumbnailUrl\":\"https:\/\/urban-vitamin.com\/wp-content\/uploads\/sites\/5\/2024\/02\/P322.841__S_0__ee1b3d0149b8423bb657aae8b0b0f4bf.jpg\",\"datePublished\":\"2026-03-12T01:06:52+00:00\",\"dateModified\":\"2026-03-12T02:07:20+00:00\",\"breadcrumb\":{\"@id\":\"https:\/\/urban-vitamin.com\/de\/produkt\/compton-10000mah-powerbank-aus-rcs-plastik-alu-schwarz\/#breadcrumb\"},\"inLanguage\":\"de\",\"potentialAction\":[{\"@type\":\"ReadAction\",\"target\":[\"https:\/\/urban-vitamin.com\/de\/produkt\/compton-10000mah-powerbank-aus-rcs-plastik-alu-schwarz\/\"]}]},{\"@type\":\"ImageObject\",\"inLanguage\":\"de\",\"@id\":\"https:\/\/urban-vitamin.com\/de\/produkt\/compton-10000mah-powerbank-aus-rcs-plastik-alu-schwarz\/#primaryimage\",\"url\":\"https:\/\/urban-vitamin.com\/wp-content\/uploads\/sites\/5\/2024\/02\/P322.841__S_0__ee1b3d0149b8423bb657aae8b0b0f4bf.jpg\",\"contentUrl\":\"https:\/\/urban-vitamin.com\/wp-content\/uploads\/sites\/5\/2024\/02\/P322.841__S_0__ee1b3d0149b8423bb657aae8b0b0f4bf.jpg\",\"width\":1024,\"height\":1024},{\"@type\":\"BreadcrumbList\",\"@id\":\"https:\/\/urban-vitamin.com\/de\/produkt\/compton-10000mah-powerbank-aus-rcs-plastik-alu-schwarz\/#breadcrumb\",\"itemListElement\":[{\"@type\":\"ListItem\",\"position\":1,\"name\":\"Home\",\"item\":\"https:\/\/urban-vitamin.com\/de\/\"},{\"@type\":\"ListItem\",\"position\":2,\"name\":\"Kollektion\",\"item\":\"https:\/\/urban-vitamin.com\/de\/kollektion\/\"},{\"@type\":\"ListItem\",\"position\":3,\"name\":\"Compton 10000mAh Powerbank aus RCS Plastik\/Alu, schwarz\"}]},{\"@type\":\"WebSite\",\"@id\":\"https:\/\/urban-vitamin.com\/de\/#website\",\"url\":\"https:\/\/urban-vitamin.com\/de\/\",\"name\":\"Urban Vitamin\",\"description\":\"Enjoy your daily dose of Urban Vitamin!\",\"potentialAction\":[{\"@type\":\"SearchAction\",\"target\":{\"@type\":\"EntryPoint\",\"urlTemplate\":\"https:\/\/urban-vitamin.com\/de\/?s={search_term_string}\"},\"query-input\":{\"@type\":\"PropertyValueSpecification\",\"valueRequired\":true,\"valueName\":\"search_term_string\"}}],\"inLanguage\":\"de\"}]}<\/script>\n<!-- \/ Yoast SEO plugin. -->","yoast_head_json":{"title":"Compton 10000mAh Powerbank aus RCS Plastik\/Alu, schwarz - Urban Vitamin","robots":{"index":"index","follow":"follow","max-snippet":"max-snippet:-1","max-image-preview":"max-image-preview:large","max-video-preview":"max-video-preview:-1"},"canonical":"https:\/\/urban-vitamin.com\/de\/produkt\/compton-10000mah-powerbank-aus-rcs-plastik-alu-schwarz\/","og_locale":"de_DE","og_type":"article","og_title":"Compton 10000mAh Powerbank aus RCS Plastik\/Alu, schwarz - Urban Vitamin","og_description":"Comptons magnetische Technologie haftet m\u00fchelos an Ihrem iPhone 12 und neueren Apple Modellen sowie an neuen Generationen von Android-Telefonen und gew\u00e4hrleistet eine nahtlose Verbindung f\u00fcr blitzschnelles 15W-Laden. Brauchen Sie einen schnellen Energiekick, um den Tag zu meistern? Compton unterst\u00fctzt blitzschnelles 20W-Schnellladen \u00fcber seinen Typ-C-Port, sowohl zum Aufladen der Powerbank selbst als auch zum Superschnellladen Ihres [&hellip;]","og_url":"https:\/\/urban-vitamin.com\/de\/produkt\/compton-10000mah-powerbank-aus-rcs-plastik-alu-schwarz\/","og_site_name":"Urban Vitamin","article_modified_time":"2026-03-12T02:07:20+00:00","og_image":[{"width":1024,"height":1024,"url":"https:\/\/urban-vitamin.com\/wp-content\/uploads\/sites\/5\/2024\/02\/P322.841__S_0__ee1b3d0149b8423bb657aae8b0b0f4bf.jpg","type":"image\/jpeg"}],"twitter_card":"summary_large_image","twitter_misc":{"Gesch\u00e4tzte Lesezeit":"1\u00a0Minute"},"schema":{"@context":"https:\/\/schema.org","@graph":[{"@type":"WebPage","@id":"https:\/\/urban-vitamin.com\/de\/produkt\/compton-10000mah-powerbank-aus-rcs-plastik-alu-schwarz\/","url":"https:\/\/urban-vitamin.com\/de\/produkt\/compton-10000mah-powerbank-aus-rcs-plastik-alu-schwarz\/","name":"Compton 10000mAh Powerbank aus RCS Plastik\/Alu, schwarz - Urban Vitamin","isPartOf":{"@id":"https:\/\/urban-vitamin.com\/de\/#website"},"primaryImageOfPage":{"@id":"https:\/\/urban-vitamin.com\/de\/produkt\/compton-10000mah-powerbank-aus-rcs-plastik-alu-schwarz\/#primaryimage"},"image":{"@id":"https:\/\/urban-vitamin.com\/de\/produkt\/compton-10000mah-powerbank-aus-rcs-plastik-alu-schwarz\/#primaryimage"},"thumbnailUrl":"https:\/\/urban-vitamin.com\/wp-content\/uploads\/sites\/5\/2024\/02\/P322.841__S_0__ee1b3d0149b8423bb657aae8b0b0f4bf.jpg","datePublished":"2026-03-12T01:06:52+00:00","dateModified":"2026-03-12T02:07:20+00:00","breadcrumb":{"@id":"https:\/\/urban-vitamin.com\/de\/produkt\/compton-10000mah-powerbank-aus-rcs-plastik-alu-schwarz\/#breadcrumb"},"inLanguage":"de","potentialAction":[{"@type":"ReadAction","target":["https:\/\/urban-vitamin.com\/de\/produkt\/compton-10000mah-powerbank-aus-rcs-plastik-alu-schwarz\/"]}]},{"@type":"ImageObject","inLanguage":"de","@id":"https:\/\/urban-vitamin.com\/de\/produkt\/compton-10000mah-powerbank-aus-rcs-plastik-alu-schwarz\/#primaryimage","url":"https:\/\/urban-vitamin.com\/wp-content\/uploads\/sites\/5\/2024\/02\/P322.841__S_0__ee1b3d0149b8423bb657aae8b0b0f4bf.jpg","contentUrl":"https:\/\/urban-vitamin.com\/wp-content\/uploads\/sites\/5\/2024\/02\/P322.841__S_0__ee1b3d0149b8423bb657aae8b0b0f4bf.jpg","width":1024,"height":1024},{"@type":"BreadcrumbList","@id":"https:\/\/urban-vitamin.com\/de\/produkt\/compton-10000mah-powerbank-aus-rcs-plastik-alu-schwarz\/#breadcrumb","itemListElement":[{"@type":"ListItem","position":1,"name":"Home","item":"https:\/\/urban-vitamin.com\/de\/"},{"@type":"ListItem","position":2,"name":"Kollektion","item":"https:\/\/urban-vitamin.com\/de\/kollektion\/"},{"@type":"ListItem","position":3,"name":"Compton 10000mAh Powerbank aus RCS Plastik\/Alu, schwarz"}]},{"@type":"WebSite","@id":"https:\/\/urban-vitamin.com\/de\/#website","url":"https:\/\/urban-vitamin.com\/de\/","name":"Urban Vitamin","description":"Enjoy your daily dose of Urban Vitamin!","potentialAction":[{"@type":"SearchAction","target":{"@type":"EntryPoint","urlTemplate":"https:\/\/urban-vitamin.com\/de\/?s={search_term_string}"},"query-input":{"@type":"PropertyValueSpecification","valueRequired":true,"valueName":"search_term_string"}}],"inLanguage":"de"}]}},"_links":{"self":[{"href":"https:\/\/urban-vitamin.com\/de\/wp-json\/wp\/v2\/product\/10574","targetHints":{"allow":["GET"]}}],"collection":[{"href":"https:\/\/urban-vitamin.com\/de\/wp-json\/wp\/v2\/product"}],"about":[{"href":"https:\/\/urban-vitamin.com\/de\/wp-json\/wp\/v2\/types\/product"}],"replies":[{"embeddable":true,"href":"https:\/\/urban-vitamin.com\/de\/wp-json\/wp\/v2\/comments?post=10574"}],"wp:featuredmedia":[{"embeddable":true,"href":"https:\/\/urban-vitamin.com\/de\/wp-json\/wp\/v2\/media\/13914"}],"wp:attachment":[{"href":"https:\/\/urban-vitamin.com\/de\/wp-json\/wp\/v2\/media?parent=10574"}],"wp:term":[{"taxonomy":"product_cat","embeddable":true,"href":"https:\/\/urban-vitamin.com\/de\/wp-json\/wp\/v2\/product_cat?post=10574"},{"taxonomy":"product_tag","embeddable":true,"href":"https:\/\/urban-vitamin.com\/de\/wp-json\/wp\/v2\/product_tag?post=10574"}],"curies":[{"name":"wp","href":"https:\/\/api.w.org\/{rel}","templated":true}]}}