{"id":10573,"date":"2026-04-16T00:06:33","date_gmt":"2026-04-16T00:06:33","guid":{"rendered":"https:\/\/urban-vitamin.com\/urban-vitamin-malibu-5-000mah-powerbank-aus-rcs-plastik-alu-silber\/"},"modified":"2026-04-16T01:06:36","modified_gmt":"2026-04-16T01:06:36","slug":"malibu-5-000mah-powerbank-aus-rcs-plastik-alu-silber","status":"publish","type":"product","link":"https:\/\/urban-vitamin.com\/de\/produkt\/malibu-5-000mah-powerbank-aus-rcs-plastik-alu-silber\/","title":{"rendered":"Malibu 5.000mAh Powerbank aus RCS Plastik\/Alu, silber"},"content":{"rendered":"<p>Die magnetische Technologie von Malibu l\u00e4sst sich m\u00fchelos an Ihrem iPhone 12 und h\u00f6her sowie an Android-Telefonen der neuesten Generation befestigen und gew\u00e4hrleistet eine nahtlose Verbindung f\u00fcr blitzschnelles Aufladen mit 15W. Zudem unterst\u00fctzt sie blitzschnelles 20W-Schnellladen \u00fcber den Type-C-Anschluss, sowohl zum Aufladen der Powerbank selbst als auch zum Aufladen Ihres Ger\u00e4ts. Das intelligente Design sorgt daf\u00fcr, dass Ihre Ger\u00e4te automatisch aufgeladen werden, sobald sie angeschlossen werden, damit sie immer mit Strom versorgt sind, wenn Sie sie brauchen. mit integriertem Uhrenladeger\u00e4t f\u00fcr iOS-Uhren. Wir glauben an Qualit\u00e4t, die Bestand hat. Deshalb ist Malibu mit einer hochwertigen 5.000 mAh-Batterie aus 100% Kobalt ( f\u00fcr bis zu 1200 Zyklen) ausgestattet. Hergestellt aus RCS (Recycled Claim Standard) zertifiziert recyceltem Aluminium und ABS.<\/p>\n","protected":false},"excerpt":{"rendered":"<p>Die magnetische Technologie von Malibu l\u00e4sst sich m\u00fchelos an Ihrem iPhone 12 und h\u00f6her sowie an Android-Telefonen der neuesten Generation befestigen und gew\u00e4hrleistet eine nahtlose Verbindung f\u00fcr blitzschnelles Aufladen mit 15W. Zudem unterst\u00fctzt sie blitzschnelles 20W-Schnellladen \u00fcber den Type-C-Anschluss, sowohl zum Aufladen der Powerbank selbst als auch zum Aufladen Ihres Ger\u00e4ts. Das intelligente Design sorgt [&hellip;]<\/p>\n","protected":false},"featured_media":27684,"comment_status":"closed","ping_status":"closed","template":"","meta":{"_acf_changed":false,"om_disable_all_campaigns":false},"product_cat":[70],"product_tag":[],"class_list":["post-10573","product","type-product","status-publish","has-post-thumbnail","hentry","product_cat-powerbanks-de","pa_color-silver"],"acf":[],"yoast_head":"<!-- This site is optimized with the Yoast SEO plugin v27.0 - https:\/\/yoast.com\/product\/yoast-seo-wordpress\/ -->\n<title>Malibu 5.000mAh Powerbank aus RCS Plastik\/Alu, silber - Urban Vitamin<\/title>\n<meta name=\"robots\" content=\"index, follow, max-snippet:-1, max-image-preview:large, max-video-preview:-1\" \/>\n<link rel=\"canonical\" href=\"https:\/\/urban-vitamin.com\/de\/produkt\/malibu-5-000mah-powerbank-aus-rcs-plastik-alu-silber\/\" \/>\n<meta property=\"og:locale\" content=\"de_DE\" \/>\n<meta property=\"og:type\" content=\"article\" \/>\n<meta property=\"og:title\" content=\"Malibu 5.000mAh Powerbank aus RCS Plastik\/Alu, silber - Urban Vitamin\" \/>\n<meta property=\"og:description\" content=\"Die magnetische Technologie von Malibu l\u00e4sst sich m\u00fchelos an Ihrem iPhone 12 und h\u00f6her sowie an Android-Telefonen der neuesten Generation befestigen und gew\u00e4hrleistet eine nahtlose Verbindung f\u00fcr blitzschnelles Aufladen mit 15W. Zudem unterst\u00fctzt sie blitzschnelles 20W-Schnellladen \u00fcber den Type-C-Anschluss, sowohl zum Aufladen der Powerbank selbst als auch zum Aufladen Ihres Ger\u00e4ts. Das intelligente Design sorgt [&hellip;]\" \/>\n<meta property=\"og:url\" content=\"https:\/\/urban-vitamin.com\/de\/produkt\/malibu-5-000mah-powerbank-aus-rcs-plastik-alu-silber\/\" \/>\n<meta property=\"og:site_name\" content=\"Urban Vitamin\" \/>\n<meta property=\"article:modified_time\" content=\"2026-04-16T01:06:36+00:00\" \/>\n<meta property=\"og:image\" content=\"https:\/\/urban-vitamin.com\/wp-content\/uploads\/sites\/5\/2026\/04\/P322.832__S_0__361f2334df0f4eb58594c6d562352821.jpg\" \/>\n\t<meta property=\"og:image:width\" content=\"1024\" \/>\n\t<meta property=\"og:image:height\" content=\"1024\" \/>\n\t<meta property=\"og:image:type\" content=\"image\/jpeg\" \/>\n<meta name=\"twitter:card\" content=\"summary_large_image\" \/>\n<meta name=\"twitter:label1\" content=\"Gesch\u00e4tzte Lesezeit\" \/>\n\t<meta name=\"twitter:data1\" content=\"1\u00a0Minute\" \/>\n<script type=\"application\/ld+json\" class=\"yoast-schema-graph\">{\"@context\":\"https:\/\/schema.org\",\"@graph\":[{\"@type\":\"WebPage\",\"@id\":\"https:\/\/urban-vitamin.com\/de\/produkt\/malibu-5-000mah-powerbank-aus-rcs-plastik-alu-silber\/\",\"url\":\"https:\/\/urban-vitamin.com\/de\/produkt\/malibu-5-000mah-powerbank-aus-rcs-plastik-alu-silber\/\",\"name\":\"Malibu 5.000mAh Powerbank aus RCS Plastik\/Alu, silber - Urban Vitamin\",\"isPartOf\":{\"@id\":\"https:\/\/urban-vitamin.com\/de\/#website\"},\"primaryImageOfPage\":{\"@id\":\"https:\/\/urban-vitamin.com\/de\/produkt\/malibu-5-000mah-powerbank-aus-rcs-plastik-alu-silber\/#primaryimage\"},\"image\":{\"@id\":\"https:\/\/urban-vitamin.com\/de\/produkt\/malibu-5-000mah-powerbank-aus-rcs-plastik-alu-silber\/#primaryimage\"},\"thumbnailUrl\":\"https:\/\/urban-vitamin.com\/wp-content\/uploads\/sites\/5\/2026\/04\/P322.832__S_0__361f2334df0f4eb58594c6d562352821.jpg\",\"datePublished\":\"2026-04-16T00:06:33+00:00\",\"dateModified\":\"2026-04-16T01:06:36+00:00\",\"breadcrumb\":{\"@id\":\"https:\/\/urban-vitamin.com\/de\/produkt\/malibu-5-000mah-powerbank-aus-rcs-plastik-alu-silber\/#breadcrumb\"},\"inLanguage\":\"de\",\"potentialAction\":[{\"@type\":\"ReadAction\",\"target\":[\"https:\/\/urban-vitamin.com\/de\/produkt\/malibu-5-000mah-powerbank-aus-rcs-plastik-alu-silber\/\"]}]},{\"@type\":\"ImageObject\",\"inLanguage\":\"de\",\"@id\":\"https:\/\/urban-vitamin.com\/de\/produkt\/malibu-5-000mah-powerbank-aus-rcs-plastik-alu-silber\/#primaryimage\",\"url\":\"https:\/\/urban-vitamin.com\/wp-content\/uploads\/sites\/5\/2026\/04\/P322.832__S_0__361f2334df0f4eb58594c6d562352821.jpg\",\"contentUrl\":\"https:\/\/urban-vitamin.com\/wp-content\/uploads\/sites\/5\/2026\/04\/P322.832__S_0__361f2334df0f4eb58594c6d562352821.jpg\",\"width\":1024,\"height\":1024},{\"@type\":\"BreadcrumbList\",\"@id\":\"https:\/\/urban-vitamin.com\/de\/produkt\/malibu-5-000mah-powerbank-aus-rcs-plastik-alu-silber\/#breadcrumb\",\"itemListElement\":[{\"@type\":\"ListItem\",\"position\":1,\"name\":\"Home\",\"item\":\"https:\/\/urban-vitamin.com\/de\/\"},{\"@type\":\"ListItem\",\"position\":2,\"name\":\"Kollektion\",\"item\":\"https:\/\/urban-vitamin.com\/de\/kollektion\/\"},{\"@type\":\"ListItem\",\"position\":3,\"name\":\"Malibu 5.000mAh Powerbank aus RCS Plastik\/Alu, silber\"}]},{\"@type\":\"WebSite\",\"@id\":\"https:\/\/urban-vitamin.com\/de\/#website\",\"url\":\"https:\/\/urban-vitamin.com\/de\/\",\"name\":\"Urban Vitamin\",\"description\":\"Enjoy your daily dose of Urban Vitamin!\",\"potentialAction\":[{\"@type\":\"SearchAction\",\"target\":{\"@type\":\"EntryPoint\",\"urlTemplate\":\"https:\/\/urban-vitamin.com\/de\/?s={search_term_string}\"},\"query-input\":{\"@type\":\"PropertyValueSpecification\",\"valueRequired\":true,\"valueName\":\"search_term_string\"}}],\"inLanguage\":\"de\"}]}<\/script>\n<!-- \/ Yoast SEO plugin. -->","yoast_head_json":{"title":"Malibu 5.000mAh Powerbank aus RCS Plastik\/Alu, silber - Urban Vitamin","robots":{"index":"index","follow":"follow","max-snippet":"max-snippet:-1","max-image-preview":"max-image-preview:large","max-video-preview":"max-video-preview:-1"},"canonical":"https:\/\/urban-vitamin.com\/de\/produkt\/malibu-5-000mah-powerbank-aus-rcs-plastik-alu-silber\/","og_locale":"de_DE","og_type":"article","og_title":"Malibu 5.000mAh Powerbank aus RCS Plastik\/Alu, silber - Urban Vitamin","og_description":"Die magnetische Technologie von Malibu l\u00e4sst sich m\u00fchelos an Ihrem iPhone 12 und h\u00f6her sowie an Android-Telefonen der neuesten Generation befestigen und gew\u00e4hrleistet eine nahtlose Verbindung f\u00fcr blitzschnelles Aufladen mit 15W. Zudem unterst\u00fctzt sie blitzschnelles 20W-Schnellladen \u00fcber den Type-C-Anschluss, sowohl zum Aufladen der Powerbank selbst als auch zum Aufladen Ihres Ger\u00e4ts. Das intelligente Design sorgt [&hellip;]","og_url":"https:\/\/urban-vitamin.com\/de\/produkt\/malibu-5-000mah-powerbank-aus-rcs-plastik-alu-silber\/","og_site_name":"Urban Vitamin","article_modified_time":"2026-04-16T01:06:36+00:00","og_image":[{"width":1024,"height":1024,"url":"https:\/\/urban-vitamin.com\/wp-content\/uploads\/sites\/5\/2026\/04\/P322.832__S_0__361f2334df0f4eb58594c6d562352821.jpg","type":"image\/jpeg"}],"twitter_card":"summary_large_image","twitter_misc":{"Gesch\u00e4tzte Lesezeit":"1\u00a0Minute"},"schema":{"@context":"https:\/\/schema.org","@graph":[{"@type":"WebPage","@id":"https:\/\/urban-vitamin.com\/de\/produkt\/malibu-5-000mah-powerbank-aus-rcs-plastik-alu-silber\/","url":"https:\/\/urban-vitamin.com\/de\/produkt\/malibu-5-000mah-powerbank-aus-rcs-plastik-alu-silber\/","name":"Malibu 5.000mAh Powerbank aus RCS Plastik\/Alu, silber - Urban Vitamin","isPartOf":{"@id":"https:\/\/urban-vitamin.com\/de\/#website"},"primaryImageOfPage":{"@id":"https:\/\/urban-vitamin.com\/de\/produkt\/malibu-5-000mah-powerbank-aus-rcs-plastik-alu-silber\/#primaryimage"},"image":{"@id":"https:\/\/urban-vitamin.com\/de\/produkt\/malibu-5-000mah-powerbank-aus-rcs-plastik-alu-silber\/#primaryimage"},"thumbnailUrl":"https:\/\/urban-vitamin.com\/wp-content\/uploads\/sites\/5\/2026\/04\/P322.832__S_0__361f2334df0f4eb58594c6d562352821.jpg","datePublished":"2026-04-16T00:06:33+00:00","dateModified":"2026-04-16T01:06:36+00:00","breadcrumb":{"@id":"https:\/\/urban-vitamin.com\/de\/produkt\/malibu-5-000mah-powerbank-aus-rcs-plastik-alu-silber\/#breadcrumb"},"inLanguage":"de","potentialAction":[{"@type":"ReadAction","target":["https:\/\/urban-vitamin.com\/de\/produkt\/malibu-5-000mah-powerbank-aus-rcs-plastik-alu-silber\/"]}]},{"@type":"ImageObject","inLanguage":"de","@id":"https:\/\/urban-vitamin.com\/de\/produkt\/malibu-5-000mah-powerbank-aus-rcs-plastik-alu-silber\/#primaryimage","url":"https:\/\/urban-vitamin.com\/wp-content\/uploads\/sites\/5\/2026\/04\/P322.832__S_0__361f2334df0f4eb58594c6d562352821.jpg","contentUrl":"https:\/\/urban-vitamin.com\/wp-content\/uploads\/sites\/5\/2026\/04\/P322.832__S_0__361f2334df0f4eb58594c6d562352821.jpg","width":1024,"height":1024},{"@type":"BreadcrumbList","@id":"https:\/\/urban-vitamin.com\/de\/produkt\/malibu-5-000mah-powerbank-aus-rcs-plastik-alu-silber\/#breadcrumb","itemListElement":[{"@type":"ListItem","position":1,"name":"Home","item":"https:\/\/urban-vitamin.com\/de\/"},{"@type":"ListItem","position":2,"name":"Kollektion","item":"https:\/\/urban-vitamin.com\/de\/kollektion\/"},{"@type":"ListItem","position":3,"name":"Malibu 5.000mAh Powerbank aus RCS Plastik\/Alu, silber"}]},{"@type":"WebSite","@id":"https:\/\/urban-vitamin.com\/de\/#website","url":"https:\/\/urban-vitamin.com\/de\/","name":"Urban Vitamin","description":"Enjoy your daily dose of Urban Vitamin!","potentialAction":[{"@type":"SearchAction","target":{"@type":"EntryPoint","urlTemplate":"https:\/\/urban-vitamin.com\/de\/?s={search_term_string}"},"query-input":{"@type":"PropertyValueSpecification","valueRequired":true,"valueName":"search_term_string"}}],"inLanguage":"de"}]}},"_links":{"self":[{"href":"https:\/\/urban-vitamin.com\/de\/wp-json\/wp\/v2\/product\/10573","targetHints":{"allow":["GET"]}}],"collection":[{"href":"https:\/\/urban-vitamin.com\/de\/wp-json\/wp\/v2\/product"}],"about":[{"href":"https:\/\/urban-vitamin.com\/de\/wp-json\/wp\/v2\/types\/product"}],"replies":[{"embeddable":true,"href":"https:\/\/urban-vitamin.com\/de\/wp-json\/wp\/v2\/comments?post=10573"}],"wp:featuredmedia":[{"embeddable":true,"href":"https:\/\/urban-vitamin.com\/de\/wp-json\/wp\/v2\/media\/27684"}],"wp:attachment":[{"href":"https:\/\/urban-vitamin.com\/de\/wp-json\/wp\/v2\/media?parent=10573"}],"wp:term":[{"taxonomy":"product_cat","embeddable":true,"href":"https:\/\/urban-vitamin.com\/de\/wp-json\/wp\/v2\/product_cat?post=10573"},{"taxonomy":"product_tag","embeddable":true,"href":"https:\/\/urban-vitamin.com\/de\/wp-json\/wp\/v2\/product_tag?post=10573"}],"curies":[{"name":"wp","href":"https:\/\/api.w.org\/{rel}","templated":true}]}}