{"id":10571,"date":"2026-03-12T01:06:52","date_gmt":"2026-03-12T01:06:52","guid":{"rendered":"https:\/\/urban-vitamin.com\/urban-vitamin-burbank-3000mah-powerbank-aus-rcs-plastik-alu-silber\/"},"modified":"2026-03-12T02:07:11","modified_gmt":"2026-03-12T02:07:11","slug":"burbank-3000mah-powerbank-aus-rcs-plastik-alu-silber","status":"publish","type":"product","link":"https:\/\/urban-vitamin.com\/de\/produkt\/burbank-3000mah-powerbank-aus-rcs-plastik-alu-silber\/","title":{"rendered":"Burbank 3000mAh Powerbank aus RCS Plastik\/Alu, silber"},"content":{"rendered":"<p>Die magnetische Technologie von Burbank l\u00e4sst sich m\u00fchelos an Ihrem iPhone 12 und h\u00f6her sowie an Android-Telefonen der neuesten Generation befestigen und gew\u00e4hrleistet eine nahtlose Verbindung f\u00fcr blitzschnelles kabelloses Aufladen mit 7,5W. Zudem Burbank unterst\u00fctzt blitzschnelles 10W-Schnellladen \u00fcber den Type-C-Anschluss, sowohl zum Aufladen der Powerbank selbst als auch zum Aufladen Ihres Ger\u00e4ts. Das intelligente Design leitet den Ladevorgang automatisch ein, sobald es angeschlossen wird, und sorgt daf\u00fcr, dass Ihre Ger\u00e4te immer aufgeladen sind, wenn Sie sie brauchen. Wir glauben an Qualit\u00e4t, die Bestand hat, und deshalb ist Burbank mit einem hochwertigen 3000mAh-Akku aus 100% Kobalt ausgestattet. Dieses Kraftpaket h\u00e4lt l\u00e4nger und ist leistungsf\u00e4higer als herk\u00f6mmliche Lithiumbatterien und bietet Ihnen zuverl\u00e4ssige, lang anhaltende Energie. Hergestellt aus RCS (Recycled Claim Standard) zertifizierte recyceltem Aluminium und ABS.<\/p>\n","protected":false},"excerpt":{"rendered":"<p>Die magnetische Technologie von Burbank l\u00e4sst sich m\u00fchelos an Ihrem iPhone 12 und h\u00f6her sowie an Android-Telefonen der neuesten Generation befestigen und gew\u00e4hrleistet eine nahtlose Verbindung f\u00fcr blitzschnelles kabelloses Aufladen mit 7,5W. Zudem Burbank unterst\u00fctzt blitzschnelles 10W-Schnellladen \u00fcber den Type-C-Anschluss, sowohl zum Aufladen der Powerbank selbst als auch zum Aufladen Ihres Ger\u00e4ts. Das intelligente Design [&hellip;]<\/p>\n","protected":false},"featured_media":13354,"comment_status":"closed","ping_status":"closed","template":"","meta":{"_acf_changed":false,"om_disable_all_campaigns":false},"product_cat":[70],"product_tag":[],"class_list":["post-10571","product","type-product","status-publish","has-post-thumbnail","hentry","product_cat-powerbanks-de","pa_color-silver"],"acf":[],"yoast_head":"<!-- This site is optimized with the Yoast SEO plugin v27.0 - https:\/\/yoast.com\/product\/yoast-seo-wordpress\/ -->\n<title>Burbank 3000mAh Powerbank aus RCS Plastik\/Alu, silber - Urban Vitamin<\/title>\n<meta name=\"robots\" content=\"index, follow, max-snippet:-1, max-image-preview:large, max-video-preview:-1\" \/>\n<link rel=\"canonical\" href=\"https:\/\/urban-vitamin.com\/de\/produkt\/burbank-3000mah-powerbank-aus-rcs-plastik-alu-silber\/\" \/>\n<meta property=\"og:locale\" content=\"de_DE\" \/>\n<meta property=\"og:type\" content=\"article\" \/>\n<meta property=\"og:title\" content=\"Burbank 3000mAh Powerbank aus RCS Plastik\/Alu, silber - Urban Vitamin\" \/>\n<meta property=\"og:description\" content=\"Die magnetische Technologie von Burbank l\u00e4sst sich m\u00fchelos an Ihrem iPhone 12 und h\u00f6her sowie an Android-Telefonen der neuesten Generation befestigen und gew\u00e4hrleistet eine nahtlose Verbindung f\u00fcr blitzschnelles kabelloses Aufladen mit 7,5W. Zudem Burbank unterst\u00fctzt blitzschnelles 10W-Schnellladen \u00fcber den Type-C-Anschluss, sowohl zum Aufladen der Powerbank selbst als auch zum Aufladen Ihres Ger\u00e4ts. Das intelligente Design [&hellip;]\" \/>\n<meta property=\"og:url\" content=\"https:\/\/urban-vitamin.com\/de\/produkt\/burbank-3000mah-powerbank-aus-rcs-plastik-alu-silber\/\" \/>\n<meta property=\"og:site_name\" content=\"Urban Vitamin\" \/>\n<meta property=\"article:modified_time\" content=\"2026-03-12T02:07:11+00:00\" \/>\n<meta property=\"og:image\" content=\"https:\/\/urban-vitamin.com\/wp-content\/uploads\/sites\/5\/2024\/02\/P322.812__S_0__ef1e19b08ca540ffaccbd30399c7ad16.jpg\" \/>\n\t<meta property=\"og:image:width\" content=\"1024\" \/>\n\t<meta property=\"og:image:height\" content=\"1024\" \/>\n\t<meta property=\"og:image:type\" content=\"image\/jpeg\" \/>\n<meta name=\"twitter:card\" content=\"summary_large_image\" \/>\n<meta name=\"twitter:label1\" content=\"Gesch\u00e4tzte Lesezeit\" \/>\n\t<meta name=\"twitter:data1\" content=\"1\u00a0Minute\" \/>\n<script type=\"application\/ld+json\" class=\"yoast-schema-graph\">{\"@context\":\"https:\/\/schema.org\",\"@graph\":[{\"@type\":\"WebPage\",\"@id\":\"https:\/\/urban-vitamin.com\/de\/produkt\/burbank-3000mah-powerbank-aus-rcs-plastik-alu-silber\/\",\"url\":\"https:\/\/urban-vitamin.com\/de\/produkt\/burbank-3000mah-powerbank-aus-rcs-plastik-alu-silber\/\",\"name\":\"Burbank 3000mAh Powerbank aus RCS Plastik\/Alu, silber - Urban Vitamin\",\"isPartOf\":{\"@id\":\"https:\/\/urban-vitamin.com\/de\/#website\"},\"primaryImageOfPage\":{\"@id\":\"https:\/\/urban-vitamin.com\/de\/produkt\/burbank-3000mah-powerbank-aus-rcs-plastik-alu-silber\/#primaryimage\"},\"image\":{\"@id\":\"https:\/\/urban-vitamin.com\/de\/produkt\/burbank-3000mah-powerbank-aus-rcs-plastik-alu-silber\/#primaryimage\"},\"thumbnailUrl\":\"https:\/\/urban-vitamin.com\/wp-content\/uploads\/sites\/5\/2024\/02\/P322.812__S_0__ef1e19b08ca540ffaccbd30399c7ad16.jpg\",\"datePublished\":\"2026-03-12T01:06:52+00:00\",\"dateModified\":\"2026-03-12T02:07:11+00:00\",\"breadcrumb\":{\"@id\":\"https:\/\/urban-vitamin.com\/de\/produkt\/burbank-3000mah-powerbank-aus-rcs-plastik-alu-silber\/#breadcrumb\"},\"inLanguage\":\"de\",\"potentialAction\":[{\"@type\":\"ReadAction\",\"target\":[\"https:\/\/urban-vitamin.com\/de\/produkt\/burbank-3000mah-powerbank-aus-rcs-plastik-alu-silber\/\"]}]},{\"@type\":\"ImageObject\",\"inLanguage\":\"de\",\"@id\":\"https:\/\/urban-vitamin.com\/de\/produkt\/burbank-3000mah-powerbank-aus-rcs-plastik-alu-silber\/#primaryimage\",\"url\":\"https:\/\/urban-vitamin.com\/wp-content\/uploads\/sites\/5\/2024\/02\/P322.812__S_0__ef1e19b08ca540ffaccbd30399c7ad16.jpg\",\"contentUrl\":\"https:\/\/urban-vitamin.com\/wp-content\/uploads\/sites\/5\/2024\/02\/P322.812__S_0__ef1e19b08ca540ffaccbd30399c7ad16.jpg\",\"width\":1024,\"height\":1024},{\"@type\":\"BreadcrumbList\",\"@id\":\"https:\/\/urban-vitamin.com\/de\/produkt\/burbank-3000mah-powerbank-aus-rcs-plastik-alu-silber\/#breadcrumb\",\"itemListElement\":[{\"@type\":\"ListItem\",\"position\":1,\"name\":\"Home\",\"item\":\"https:\/\/urban-vitamin.com\/de\/\"},{\"@type\":\"ListItem\",\"position\":2,\"name\":\"Kollektion\",\"item\":\"https:\/\/urban-vitamin.com\/de\/kollektion\/\"},{\"@type\":\"ListItem\",\"position\":3,\"name\":\"Burbank 3000mAh Powerbank aus RCS Plastik\/Alu, silber\"}]},{\"@type\":\"WebSite\",\"@id\":\"https:\/\/urban-vitamin.com\/de\/#website\",\"url\":\"https:\/\/urban-vitamin.com\/de\/\",\"name\":\"Urban Vitamin\",\"description\":\"Enjoy your daily dose of Urban Vitamin!\",\"potentialAction\":[{\"@type\":\"SearchAction\",\"target\":{\"@type\":\"EntryPoint\",\"urlTemplate\":\"https:\/\/urban-vitamin.com\/de\/?s={search_term_string}\"},\"query-input\":{\"@type\":\"PropertyValueSpecification\",\"valueRequired\":true,\"valueName\":\"search_term_string\"}}],\"inLanguage\":\"de\"}]}<\/script>\n<!-- \/ Yoast SEO plugin. -->","yoast_head_json":{"title":"Burbank 3000mAh Powerbank aus RCS Plastik\/Alu, silber - Urban Vitamin","robots":{"index":"index","follow":"follow","max-snippet":"max-snippet:-1","max-image-preview":"max-image-preview:large","max-video-preview":"max-video-preview:-1"},"canonical":"https:\/\/urban-vitamin.com\/de\/produkt\/burbank-3000mah-powerbank-aus-rcs-plastik-alu-silber\/","og_locale":"de_DE","og_type":"article","og_title":"Burbank 3000mAh Powerbank aus RCS Plastik\/Alu, silber - Urban Vitamin","og_description":"Die magnetische Technologie von Burbank l\u00e4sst sich m\u00fchelos an Ihrem iPhone 12 und h\u00f6her sowie an Android-Telefonen der neuesten Generation befestigen und gew\u00e4hrleistet eine nahtlose Verbindung f\u00fcr blitzschnelles kabelloses Aufladen mit 7,5W. Zudem Burbank unterst\u00fctzt blitzschnelles 10W-Schnellladen \u00fcber den Type-C-Anschluss, sowohl zum Aufladen der Powerbank selbst als auch zum Aufladen Ihres Ger\u00e4ts. Das intelligente Design [&hellip;]","og_url":"https:\/\/urban-vitamin.com\/de\/produkt\/burbank-3000mah-powerbank-aus-rcs-plastik-alu-silber\/","og_site_name":"Urban Vitamin","article_modified_time":"2026-03-12T02:07:11+00:00","og_image":[{"width":1024,"height":1024,"url":"https:\/\/urban-vitamin.com\/wp-content\/uploads\/sites\/5\/2024\/02\/P322.812__S_0__ef1e19b08ca540ffaccbd30399c7ad16.jpg","type":"image\/jpeg"}],"twitter_card":"summary_large_image","twitter_misc":{"Gesch\u00e4tzte Lesezeit":"1\u00a0Minute"},"schema":{"@context":"https:\/\/schema.org","@graph":[{"@type":"WebPage","@id":"https:\/\/urban-vitamin.com\/de\/produkt\/burbank-3000mah-powerbank-aus-rcs-plastik-alu-silber\/","url":"https:\/\/urban-vitamin.com\/de\/produkt\/burbank-3000mah-powerbank-aus-rcs-plastik-alu-silber\/","name":"Burbank 3000mAh Powerbank aus RCS Plastik\/Alu, silber - Urban Vitamin","isPartOf":{"@id":"https:\/\/urban-vitamin.com\/de\/#website"},"primaryImageOfPage":{"@id":"https:\/\/urban-vitamin.com\/de\/produkt\/burbank-3000mah-powerbank-aus-rcs-plastik-alu-silber\/#primaryimage"},"image":{"@id":"https:\/\/urban-vitamin.com\/de\/produkt\/burbank-3000mah-powerbank-aus-rcs-plastik-alu-silber\/#primaryimage"},"thumbnailUrl":"https:\/\/urban-vitamin.com\/wp-content\/uploads\/sites\/5\/2024\/02\/P322.812__S_0__ef1e19b08ca540ffaccbd30399c7ad16.jpg","datePublished":"2026-03-12T01:06:52+00:00","dateModified":"2026-03-12T02:07:11+00:00","breadcrumb":{"@id":"https:\/\/urban-vitamin.com\/de\/produkt\/burbank-3000mah-powerbank-aus-rcs-plastik-alu-silber\/#breadcrumb"},"inLanguage":"de","potentialAction":[{"@type":"ReadAction","target":["https:\/\/urban-vitamin.com\/de\/produkt\/burbank-3000mah-powerbank-aus-rcs-plastik-alu-silber\/"]}]},{"@type":"ImageObject","inLanguage":"de","@id":"https:\/\/urban-vitamin.com\/de\/produkt\/burbank-3000mah-powerbank-aus-rcs-plastik-alu-silber\/#primaryimage","url":"https:\/\/urban-vitamin.com\/wp-content\/uploads\/sites\/5\/2024\/02\/P322.812__S_0__ef1e19b08ca540ffaccbd30399c7ad16.jpg","contentUrl":"https:\/\/urban-vitamin.com\/wp-content\/uploads\/sites\/5\/2024\/02\/P322.812__S_0__ef1e19b08ca540ffaccbd30399c7ad16.jpg","width":1024,"height":1024},{"@type":"BreadcrumbList","@id":"https:\/\/urban-vitamin.com\/de\/produkt\/burbank-3000mah-powerbank-aus-rcs-plastik-alu-silber\/#breadcrumb","itemListElement":[{"@type":"ListItem","position":1,"name":"Home","item":"https:\/\/urban-vitamin.com\/de\/"},{"@type":"ListItem","position":2,"name":"Kollektion","item":"https:\/\/urban-vitamin.com\/de\/kollektion\/"},{"@type":"ListItem","position":3,"name":"Burbank 3000mAh Powerbank aus RCS Plastik\/Alu, silber"}]},{"@type":"WebSite","@id":"https:\/\/urban-vitamin.com\/de\/#website","url":"https:\/\/urban-vitamin.com\/de\/","name":"Urban Vitamin","description":"Enjoy your daily dose of Urban Vitamin!","potentialAction":[{"@type":"SearchAction","target":{"@type":"EntryPoint","urlTemplate":"https:\/\/urban-vitamin.com\/de\/?s={search_term_string}"},"query-input":{"@type":"PropertyValueSpecification","valueRequired":true,"valueName":"search_term_string"}}],"inLanguage":"de"}]}},"_links":{"self":[{"href":"https:\/\/urban-vitamin.com\/de\/wp-json\/wp\/v2\/product\/10571","targetHints":{"allow":["GET"]}}],"collection":[{"href":"https:\/\/urban-vitamin.com\/de\/wp-json\/wp\/v2\/product"}],"about":[{"href":"https:\/\/urban-vitamin.com\/de\/wp-json\/wp\/v2\/types\/product"}],"replies":[{"embeddable":true,"href":"https:\/\/urban-vitamin.com\/de\/wp-json\/wp\/v2\/comments?post=10571"}],"wp:featuredmedia":[{"embeddable":true,"href":"https:\/\/urban-vitamin.com\/de\/wp-json\/wp\/v2\/media\/13354"}],"wp:attachment":[{"href":"https:\/\/urban-vitamin.com\/de\/wp-json\/wp\/v2\/media?parent=10571"}],"wp:term":[{"taxonomy":"product_cat","embeddable":true,"href":"https:\/\/urban-vitamin.com\/de\/wp-json\/wp\/v2\/product_cat?post=10571"},{"taxonomy":"product_tag","embeddable":true,"href":"https:\/\/urban-vitamin.com\/de\/wp-json\/wp\/v2\/product_tag?post=10571"}],"curies":[{"name":"wp","href":"https:\/\/api.w.org\/{rel}","templated":true}]}}